{"id":1005,"date":"2026-01-29T14:09:25","date_gmt":"2026-01-29T14:09:25","guid":{"rendered":"https:\/\/goldenage2026.com\/?page_id=1005"},"modified":"2026-01-30T10:49:17","modified_gmt":"2026-01-30T10:49:17","slug":"forum","status":"publish","type":"page","link":"https:\/\/goldenage2026.com\/fr\/forum\/","title":{"rendered":"Forum"},"content":{"rendered":"<div class=\"wp-block-columns is-layout-flex wp-container-core-columns-is-layout-28f84493 wp-block-columns-is-layout-flex\">\n<div class=\"wp-block-column is-layout-flow wp-block-column-is-layout-flow\" style=\"flex-basis:66.66%\">\n<h4 class=\"wp-block-heading has-custom-rose-color has-text-color has-link-color wp-elements-85c7574e5f2a58f88dae2f7a26ca249d\">Gym sant\u00e9 : continuer de bouger pour bien vieillir <\/h4>\n\n\n\n<p><strong>La Gym Sant\u00e9 est un axe fort du projet f\u00e9d\u00e9ral de la F\u00e9d\u00e9ration Fran\u00e7aise de Gymnastique. Elle met l'accent sur la sant\u00e9 comme enjeu majeur et transversal, pour tous les \u00e2ges et tous les publics.<\/strong>.<br><br>Au cours de ce forum, les intervenants partageront la vision de la F\u00e9d\u00e9ration Fran\u00e7aise de Gymnastique autour de quatre principes cl\u00e9s : la pr\u00e9vention, les soins, le bien-\u00eatre tout au long de la vie, en particulier pour les seniors, et le plaisir de pratiquer. Forte d'une expertise reconnue dans le domaine du travail avec les seniors, la F\u00e9d\u00e9ration a mis en place depuis plusieurs ann\u00e9es des projets d\u00e9di\u00e9s, soutenus par des partenaires institutionnels. Encadr\u00e9es par des entra\u00eeneurs sp\u00e9cialement form\u00e9s, les activit\u00e9s de gymnastique propos\u00e9es permettent d'am\u00e9liorer l'\u00e9quilibre, la coordination, le renforcement musculaire, la souplesse et la motricit\u00e9, ce qui contribue \u00e0 l'autonomie et \u00e0 la qualit\u00e9 de vie des personnes \u00e2g\u00e9es.<\/p>\n<\/div>\n\n\n\n<div class=\"wp-block-column is-vertically-aligned-center is-layout-flow wp-block-column-is-layout-flow\" style=\"flex-basis:33.33%\">\n<figure class=\"wp-block-image aligncenter size-large has-custom-border\"><img loading=\"lazy\" decoding=\"async\" width=\"1024\" height=\"1024\" src=\"https:\/\/goldenage2026.com\/wp-content\/uploads\/2026\/01\/4183318-1024x1024.jpg\" alt=\"\" class=\"wp-image-1007\" style=\"border-top-left-radius:30px;border-top-right-radius:30px;border-bottom-left-radius:30px;border-bottom-right-radius:30px\" srcset=\"https:\/\/goldenage2026.com\/wp-content\/uploads\/2026\/01\/4183318-1024x1024.jpg 1024w, https:\/\/goldenage2026.com\/wp-content\/uploads\/2026\/01\/4183318-300x300.jpg 300w, https:\/\/goldenage2026.com\/wp-content\/uploads\/2026\/01\/4183318-150x150.jpg 150w, https:\/\/goldenage2026.com\/wp-content\/uploads\/2026\/01\/4183318-768x768.jpg 768w, https:\/\/goldenage2026.com\/wp-content\/uploads\/2026\/01\/4183318-1536x1536.jpg 1536w, https:\/\/goldenage2026.com\/wp-content\/uploads\/2026\/01\/4183318-12x12.jpg 12w, https:\/\/goldenage2026.com\/wp-content\/uploads\/2026\/01\/4183318-200x200.jpg 200w, https:\/\/goldenage2026.com\/wp-content\/uploads\/2026\/01\/4183318.jpg 2000w\" sizes=\"auto, (max-width: 1024px) 100vw, 1024px\" \/><\/figure>\n<\/div>\n<\/div>\n\n\n\n<p style=\"margin-top:var(--wp--preset--spacing--30);margin-bottom:var(--wp--preset--spacing--30)\" class=\"translation-block\"><strong>Le forum se tiendra au Centre des congr\u00e8s des Atlantes, le mercredi en d\u00e9but d'apr\u00e8s-midi. Il sera ouvert \u00e0 tous les participants accr\u00e9dit\u00e9s (gymnastes, entra\u00eeneurs, chefs de d\u00e9l\u00e9gation, chefs de groupe). Aucune inscription n'est n\u00e9cessaire, mais l'acc\u00e8s sera soumis au nombre de places disponibles. <\/strong><\/p>\n\n\n\n<hr class=\"wp-block-separator has-text-color has-custom-rouge-color has-alpha-channel-opacity has-custom-rouge-background-color has-background\" style=\"margin-top:var(--wp--preset--spacing--70);margin-bottom:var(--wp--preset--spacing--70)\"\/>\n\n\n\n<div class=\"wp-block-columns is-layout-flex wp-container-core-columns-is-layout-ef350914 wp-block-columns-is-layout-flex\" style=\"padding-top:var(--wp--preset--spacing--30);padding-bottom:var(--wp--preset--spacing--30)\">\n<div class=\"wp-block-column is-layout-flow wp-block-column-is-layout-flow\">\n<div class=\"wp-block-cover aligncenter is-light\" style=\"border-top-left-radius:25px;border-top-right-radius:25px;border-bottom-left-radius:25px;border-bottom-right-radius:25px;min-height:176px;aspect-ratio:unset;\"><img loading=\"lazy\" decoding=\"async\" width=\"1024\" height=\"683\" class=\"wp-block-cover__image-background wp-image-1050 size-large\" alt=\"\" src=\"https:\/\/goldenage2026.com\/wp-content\/uploads\/2026\/01\/sables-friends-1024x683.jpg\" data-object-fit=\"cover\" srcset=\"https:\/\/goldenage2026.com\/wp-content\/uploads\/2026\/01\/sables-friends-1024x683.jpg 1024w, https:\/\/goldenage2026.com\/wp-content\/uploads\/2026\/01\/sables-friends-300x200.jpg 300w, https:\/\/goldenage2026.com\/wp-content\/uploads\/2026\/01\/sables-friends-768x512.jpg 768w, https:\/\/goldenage2026.com\/wp-content\/uploads\/2026\/01\/sables-friends-1536x1024.jpg 1536w, https:\/\/goldenage2026.com\/wp-content\/uploads\/2026\/01\/sables-friends-2048x1365.jpg 2048w, https:\/\/goldenage2026.com\/wp-content\/uploads\/2026\/01\/sables-friends-18x12.jpg 18w, https:\/\/goldenage2026.com\/wp-content\/uploads\/2026\/01\/sables-friends-200x133.jpg 200w\" sizes=\"auto, (max-width: 1024px) 100vw, 1024px\" \/><span aria-hidden=\"true\" class=\"wp-block-cover__background has-background-dim\" style=\"background-color:#a8a8a8\"><\/span><div class=\"wp-block-cover__inner-container is-layout-flow wp-block-cover-is-layout-flow\">\n<p class=\"has-text-align-center has-white-color has-text-color has-link-color has-new-nord-extended-font-family has-medium-font-size wp-elements-f6d94f20a113c1e3bbe2625798ea0a0c\"><a href=\"https:\/\/goldenage2026.com\/fr\/les-sables-friends\/\">Les Sables Friends<\/a><\/p>\n<\/div><\/div>\n\n\n\n<p class=\"has-text-align-center\">De nouvelles amiti\u00e9s peuvent na\u00eetre<\/p>\n\n\n\n<div class=\"wp-block-buttons is-content-justification-center is-layout-flex wp-container-core-buttons-is-layout-a89b3969 wp-block-buttons-is-layout-flex\">\n<div class=\"wp-block-button is-style-outline is-style-outline--1\"><a class=\"wp-block-button__link has-primary-shade-color has-custom-bleu-fonc-e-background-color has-text-color has-background has-link-color has-dm-sans-font-family has-text-align-center wp-element-button\" href=\"https:\/\/goldenage2026.com\/fr\/les-sables-friends\/\" style=\"border-top-left-radius:25px;border-top-right-radius:25px;border-bottom-left-radius:25px;border-bottom-right-radius:25px;font-style:normal;font-weight:400\">En savoir plus<\/a><\/div>\n<\/div>\n<\/div>\n\n\n\n<div class=\"wp-block-column is-layout-flow wp-block-column-is-layout-flow\">\n<div class=\"wp-block-cover aligncenter is-light\" style=\"border-top-left-radius:25px;border-top-right-radius:25px;border-bottom-left-radius:25px;border-bottom-right-radius:25px;min-height:176px;aspect-ratio:unset;\"><img loading=\"lazy\" decoding=\"async\" width=\"470\" height=\"300\" class=\"wp-block-cover__image-background wp-image-1117 size-full\" alt=\"\" src=\"https:\/\/goldenage2026.com\/wp-content\/uploads\/2026\/01\/la-chaume.jpg\" data-object-fit=\"cover\" srcset=\"https:\/\/goldenage2026.com\/wp-content\/uploads\/2026\/01\/la-chaume.jpg 470w, https:\/\/goldenage2026.com\/wp-content\/uploads\/2026\/01\/la-chaume-300x191.jpg 300w, https:\/\/goldenage2026.com\/wp-content\/uploads\/2026\/01\/la-chaume-18x12.jpg 18w, https:\/\/goldenage2026.com\/wp-content\/uploads\/2026\/01\/la-chaume-200x128.jpg 200w\" sizes=\"auto, (max-width: 470px) 100vw, 470px\" \/><span aria-hidden=\"true\" class=\"wp-block-cover__background has-background-dim\" style=\"background-color:#949494\"><\/span><div class=\"wp-block-cover__inner-container is-layout-flow wp-block-cover-is-layout-flow\">\n<p class=\"has-text-align-center has-white-color has-text-color has-link-color has-new-nord-extended-font-family has-medium-font-size wp-elements-b4fbef29dc0981f182a6c74a8571b244\"><a href=\"https:\/\/www.destination-lessablesdolonne.co.uk\/golden-age-gymnastics\/\" target=\"_blank\" rel=\"noreferrer noopener\">Excursions touristiques<\/a><\/p>\n<\/div><\/div>\n\n\n\n<p class=\"has-text-align-center\">Toutes les offres propos\u00e9es par notre partenaire : l'Office de tourisme<\/p>\n\n\n\n<div class=\"wp-block-buttons is-content-justification-center is-layout-flex wp-container-core-buttons-is-layout-a89b3969 wp-block-buttons-is-layout-flex\">\n<div class=\"wp-block-button is-style-outline is-style-outline--2\"><a class=\"wp-block-button__link has-primary-shade-color has-custom-bleu-fonc-e-background-color has-text-color has-background has-link-color has-dm-sans-font-family wp-element-button\" href=\"https:\/\/www.destination-lessablesdolonne.co.uk\/golden-age-gymnastics\/\" style=\"border-top-left-radius:25px;border-top-right-radius:25px;border-bottom-left-radius:25px;border-bottom-right-radius:25px;font-style:normal;font-weight:400\" target=\"_blank\" rel=\"noreferrer noopener\">En savoir plus<\/a><\/div>\n<\/div>\n<\/div>\n\n\n\n<div class=\"wp-block-column is-layout-flow wp-block-column-is-layout-flow\">\n<div class=\"wp-block-cover is-light\" style=\"border-top-left-radius:25px;border-top-right-radius:25px;border-bottom-left-radius:25px;border-bottom-right-radius:25px;min-height:175px;aspect-ratio:unset;\"><img loading=\"lazy\" decoding=\"async\" width=\"1024\" height=\"683\" class=\"wp-block-cover__image-background wp-image-804 size-large\" alt=\"\" src=\"https:\/\/goldenage2026.com\/wp-content\/uploads\/2026\/01\/buffet-1024x683.jpg\" data-object-fit=\"cover\" srcset=\"https:\/\/goldenage2026.com\/wp-content\/uploads\/2026\/01\/buffet-1024x683.jpg 1024w, https:\/\/goldenage2026.com\/wp-content\/uploads\/2026\/01\/buffet-300x200.jpg 300w, https:\/\/goldenage2026.com\/wp-content\/uploads\/2026\/01\/buffet-768x512.jpg 768w, https:\/\/goldenage2026.com\/wp-content\/uploads\/2026\/01\/buffet-1536x1025.jpg 1536w, https:\/\/goldenage2026.com\/wp-content\/uploads\/2026\/01\/buffet-2048x1366.jpg 2048w, https:\/\/goldenage2026.com\/wp-content\/uploads\/2026\/01\/buffet-18x12.jpg 18w, https:\/\/goldenage2026.com\/wp-content\/uploads\/2026\/01\/buffet-200x133.jpg 200w\" sizes=\"auto, (max-width: 1024px) 100vw, 1024px\" \/><span aria-hidden=\"true\" class=\"wp-block-cover__background has-background-dim\" style=\"background-color:#b0a292\"><\/span><div class=\"wp-block-cover__inner-container is-layout-flow wp-block-cover-is-layout-flow\">\n<p class=\"has-text-align-center has-light-color-color has-text-color has-link-color has-new-nord-extended-font-family has-medium-font-size wp-elements-175b8494141541791819a832a13c5150\"><a href=\"https:\/\/goldenage2026.com\/fr\/restauration\/\">Restauration<\/a><\/p>\n<\/div><\/div>\n\n\n\n<p class=\"has-text-align-center\">Des d\u00e9licieux repas pour recharger vos batteries<\/p>\n\n\n\n<div class=\"wp-block-buttons is-content-justification-center is-layout-flex wp-container-core-buttons-is-layout-a89b3969 wp-block-buttons-is-layout-flex\">\n<div class=\"wp-block-button is-style-outline is-style-outline--3\"><a class=\"wp-block-button__link has-primary-shade-color has-custom-bleu-fonc-e-background-color has-text-color has-background has-link-color wp-element-button\" href=\"https:\/\/goldenage2026.com\/fr\/restauration\/\" style=\"border-top-left-radius:25px;border-top-right-radius:25px;border-bottom-left-radius:25px;border-bottom-right-radius:25px;font-style:normal;font-weight:400\">En savoir plus<\/a><\/div>\n<\/div>\n<\/div>\n<\/div>\n\n\n\n<p><\/p>","protected":false},"excerpt":{"rendered":"<p>Forum Gym Health : Keep moving to age well Gym Health is a strong axis of the federal project of the French Federation of Gymnastics. It focuses on health as a major and transversal stake, for all ages and all the audience. During this forum, the speakers will share the vision of the French Federation&#8230;<\/p>","protected":false},"author":1,"featured_media":0,"parent":0,"menu_order":0,"comment_status":"closed","ping_status":"closed","template":"","meta":{"footnotes":""},"class_list":["post-1005","page","type-page","status-publish","hentry"],"yoast_head":"<!-- This site is optimized with the Yoast SEO plugin v27.4 - https:\/\/yoast.com\/product\/yoast-seo-wordpress\/ -->\n<title>Forum - Golden Age Gym Festival<\/title>\n<meta name=\"robots\" content=\"index, follow, max-snippet:-1, max-image-preview:large, max-video-preview:-1\" \/>\n<link rel=\"canonical\" href=\"https:\/\/goldenage2026.com\/fr\/forum\/\" \/>\n<meta property=\"og:locale\" content=\"fr_FR\" \/>\n<meta property=\"og:type\" content=\"article\" \/>\n<meta property=\"og:title\" content=\"Forum - Golden Age Gym Festival\" \/>\n<meta property=\"og:description\" content=\"Forum Gym Health : Keep moving to age well Gym Health is a strong axis of the federal project of the French Federation of Gymnastics. It focuses on health as a major and transversal stake, for all ages and all the audience. During this forum, the speakers will share the vision of the French Federation...\" \/>\n<meta property=\"og:url\" content=\"https:\/\/goldenage2026.com\/fr\/forum\/\" \/>\n<meta property=\"og:site_name\" content=\"Golden Age Gym Festival\" \/>\n<meta property=\"article:modified_time\" content=\"2026-01-30T10:49:17+00:00\" \/>\n<meta property=\"og:image\" content=\"https:\/\/goldenage2026.com\/wp-content\/uploads\/2026\/01\/4183318.jpg\" \/>\n\t<meta property=\"og:image:width\" content=\"2000\" \/>\n\t<meta property=\"og:image:height\" content=\"2000\" \/>\n\t<meta property=\"og:image:type\" content=\"image\/jpeg\" \/>\n<meta name=\"twitter:card\" content=\"summary_large_image\" \/>\n<meta name=\"twitter:label1\" content=\"Dur\u00e9e de lecture estim\u00e9e\" \/>\n\t<meta name=\"twitter:data1\" content=\"2 minutes\" \/>\n<script type=\"application\/ld+json\" class=\"yoast-schema-graph\">{\"@context\":\"https:\\\/\\\/schema.org\",\"@graph\":[{\"@type\":\"WebPage\",\"@id\":\"https:\\\/\\\/goldenage2026.com\\\/forum\\\/\",\"url\":\"https:\\\/\\\/goldenage2026.com\\\/forum\\\/\",\"name\":\"Forum - Golden Age Gym Festival\",\"isPartOf\":{\"@id\":\"https:\\\/\\\/goldenage2026.com\\\/#website\"},\"primaryImageOfPage\":{\"@id\":\"https:\\\/\\\/goldenage2026.com\\\/forum\\\/#primaryimage\"},\"image\":{\"@id\":\"https:\\\/\\\/goldenage2026.com\\\/forum\\\/#primaryimage\"},\"thumbnailUrl\":\"https:\\\/\\\/goldenage2026.com\\\/wp-content\\\/uploads\\\/2026\\\/01\\\/4183318-1024x1024.jpg\",\"datePublished\":\"2026-01-29T14:09:25+00:00\",\"dateModified\":\"2026-01-30T10:49:17+00:00\",\"breadcrumb\":{\"@id\":\"https:\\\/\\\/goldenage2026.com\\\/forum\\\/#breadcrumb\"},\"inLanguage\":\"fr-FR\",\"potentialAction\":[{\"@type\":\"ReadAction\",\"target\":[\"https:\\\/\\\/goldenage2026.com\\\/forum\\\/\"]}]},{\"@type\":\"ImageObject\",\"inLanguage\":\"fr-FR\",\"@id\":\"https:\\\/\\\/goldenage2026.com\\\/forum\\\/#primaryimage\",\"url\":\"https:\\\/\\\/goldenage2026.com\\\/wp-content\\\/uploads\\\/2026\\\/01\\\/4183318-1024x1024.jpg\",\"contentUrl\":\"https:\\\/\\\/goldenage2026.com\\\/wp-content\\\/uploads\\\/2026\\\/01\\\/4183318-1024x1024.jpg\"},{\"@type\":\"BreadcrumbList\",\"@id\":\"https:\\\/\\\/goldenage2026.com\\\/forum\\\/#breadcrumb\",\"itemListElement\":[{\"@type\":\"ListItem\",\"position\":1,\"name\":\"Accueil\",\"item\":\"https:\\\/\\\/goldenage2026.com\\\/\"},{\"@type\":\"ListItem\",\"position\":2,\"name\":\"Forum\"}]},{\"@type\":\"WebSite\",\"@id\":\"https:\\\/\\\/goldenage2026.com\\\/#website\",\"url\":\"https:\\\/\\\/goldenage2026.com\\\/\",\"name\":\"Golden Age Gym Festival\",\"description\":\"The 10th edition of the GAGF in Les Sables d'Olonne\",\"publisher\":{\"@id\":\"https:\\\/\\\/goldenage2026.com\\\/#organization\"},\"potentialAction\":[{\"@type\":\"SearchAction\",\"target\":{\"@type\":\"EntryPoint\",\"urlTemplate\":\"https:\\\/\\\/goldenage2026.com\\\/?s={search_term_string}\"},\"query-input\":{\"@type\":\"PropertyValueSpecification\",\"valueRequired\":true,\"valueName\":\"search_term_string\"}}],\"inLanguage\":\"fr-FR\"},{\"@type\":\"Organization\",\"@id\":\"https:\\\/\\\/goldenage2026.com\\\/#organization\",\"name\":\"Golden Age Gym Festival\",\"alternateName\":\"GAGF\",\"url\":\"https:\\\/\\\/goldenage2026.com\\\/\",\"logo\":{\"@type\":\"ImageObject\",\"inLanguage\":\"fr-FR\",\"@id\":\"https:\\\/\\\/goldenage2026.com\\\/#\\\/schema\\\/logo\\\/image\\\/\",\"url\":\"https:\\\/\\\/goldenage2026.com\\\/wp-content\\\/uploads\\\/2025\\\/09\\\/Logo-siteweb-1.png\",\"contentUrl\":\"https:\\\/\\\/goldenage2026.com\\\/wp-content\\\/uploads\\\/2025\\\/09\\\/Logo-siteweb-1.png\",\"width\":512,\"height\":512,\"caption\":\"Golden Age Gym Festival\"},\"image\":{\"@id\":\"https:\\\/\\\/goldenage2026.com\\\/#\\\/schema\\\/logo\\\/image\\\/\"}}]}<\/script>\n<!-- \/ Yoast SEO plugin. -->","yoast_head_json":{"title":"Forum - Golden Age Gym Festival","robots":{"index":"index","follow":"follow","max-snippet":"max-snippet:-1","max-image-preview":"max-image-preview:large","max-video-preview":"max-video-preview:-1"},"canonical":"https:\/\/goldenage2026.com\/fr\/forum\/","og_locale":"fr_FR","og_type":"article","og_title":"Forum - Golden Age Gym Festival","og_description":"Forum Gym Health : Keep moving to age well Gym Health is a strong axis of the federal project of the French Federation of Gymnastics. It focuses on health as a major and transversal stake, for all ages and all the audience. During this forum, the speakers will share the vision of the French Federation...","og_url":"https:\/\/goldenage2026.com\/fr\/forum\/","og_site_name":"Golden Age Gym Festival","article_modified_time":"2026-01-30T10:49:17+00:00","og_image":[{"width":2000,"height":2000,"url":"https:\/\/goldenage2026.com\/wp-content\/uploads\/2026\/01\/4183318.jpg","type":"image\/jpeg"}],"twitter_card":"summary_large_image","twitter_misc":{"Dur\u00e9e de lecture estim\u00e9e":"2 minutes"},"schema":{"@context":"https:\/\/schema.org","@graph":[{"@type":"WebPage","@id":"https:\/\/goldenage2026.com\/forum\/","url":"https:\/\/goldenage2026.com\/forum\/","name":"Forum - Golden Age Gym Festival","isPartOf":{"@id":"https:\/\/goldenage2026.com\/#website"},"primaryImageOfPage":{"@id":"https:\/\/goldenage2026.com\/forum\/#primaryimage"},"image":{"@id":"https:\/\/goldenage2026.com\/forum\/#primaryimage"},"thumbnailUrl":"https:\/\/goldenage2026.com\/wp-content\/uploads\/2026\/01\/4183318-1024x1024.jpg","datePublished":"2026-01-29T14:09:25+00:00","dateModified":"2026-01-30T10:49:17+00:00","breadcrumb":{"@id":"https:\/\/goldenage2026.com\/forum\/#breadcrumb"},"inLanguage":"fr-FR","potentialAction":[{"@type":"ReadAction","target":["https:\/\/goldenage2026.com\/forum\/"]}]},{"@type":"ImageObject","inLanguage":"fr-FR","@id":"https:\/\/goldenage2026.com\/forum\/#primaryimage","url":"https:\/\/goldenage2026.com\/wp-content\/uploads\/2026\/01\/4183318-1024x1024.jpg","contentUrl":"https:\/\/goldenage2026.com\/wp-content\/uploads\/2026\/01\/4183318-1024x1024.jpg"},{"@type":"BreadcrumbList","@id":"https:\/\/goldenage2026.com\/forum\/#breadcrumb","itemListElement":[{"@type":"ListItem","position":1,"name":"Accueil","item":"https:\/\/goldenage2026.com\/"},{"@type":"ListItem","position":2,"name":"Forum"}]},{"@type":"WebSite","@id":"https:\/\/goldenage2026.com\/#website","url":"https:\/\/goldenage2026.com\/","name":"Golden Age Gym Festival","description":"The 10th edition of the GAGF in Les Sables d'Olonne","publisher":{"@id":"https:\/\/goldenage2026.com\/#organization"},"potentialAction":[{"@type":"SearchAction","target":{"@type":"EntryPoint","urlTemplate":"https:\/\/goldenage2026.com\/?s={search_term_string}"},"query-input":{"@type":"PropertyValueSpecification","valueRequired":true,"valueName":"search_term_string"}}],"inLanguage":"fr-FR"},{"@type":"Organization","@id":"https:\/\/goldenage2026.com\/#organization","name":"Golden Age Gym Festival","alternateName":"GAGF","url":"https:\/\/goldenage2026.com\/","logo":{"@type":"ImageObject","inLanguage":"fr-FR","@id":"https:\/\/goldenage2026.com\/#\/schema\/logo\/image\/","url":"https:\/\/goldenage2026.com\/wp-content\/uploads\/2025\/09\/Logo-siteweb-1.png","contentUrl":"https:\/\/goldenage2026.com\/wp-content\/uploads\/2025\/09\/Logo-siteweb-1.png","width":512,"height":512,"caption":"Golden Age Gym Festival"},"image":{"@id":"https:\/\/goldenage2026.com\/#\/schema\/logo\/image\/"}}]}},"_links":{"self":[{"href":"https:\/\/goldenage2026.com\/fr\/wp-json\/wp\/v2\/pages\/1005","targetHints":{"allow":["GET"]}}],"collection":[{"href":"https:\/\/goldenage2026.com\/fr\/wp-json\/wp\/v2\/pages"}],"about":[{"href":"https:\/\/goldenage2026.com\/fr\/wp-json\/wp\/v2\/types\/page"}],"author":[{"embeddable":true,"href":"https:\/\/goldenage2026.com\/fr\/wp-json\/wp\/v2\/users\/1"}],"replies":[{"embeddable":true,"href":"https:\/\/goldenage2026.com\/fr\/wp-json\/wp\/v2\/comments?post=1005"}],"version-history":[{"count":14,"href":"https:\/\/goldenage2026.com\/fr\/wp-json\/wp\/v2\/pages\/1005\/revisions"}],"predecessor-version":[{"id":1223,"href":"https:\/\/goldenage2026.com\/fr\/wp-json\/wp\/v2\/pages\/1005\/revisions\/1223"}],"wp:attachment":[{"href":"https:\/\/goldenage2026.com\/fr\/wp-json\/wp\/v2\/media?parent=1005"}],"curies":[{"name":"wp","href":"https:\/\/api.w.org\/{rel}","templated":true}]}}