{"id":1011,"date":"2026-01-29T15:54:46","date_gmt":"2026-01-29T15:54:46","guid":{"rendered":"https:\/\/goldenage2026.com\/?page_id=1011"},"modified":"2026-01-30T11:04:04","modified_gmt":"2026-01-30T11:04:04","slug":"insurance-and-medical-information","status":"publish","type":"page","link":"https:\/\/goldenage2026.com\/fr\/insurance-and-medical-information\/","title":{"rendered":"Assurance et information m\u00e9dicale"},"content":{"rendered":"<div class=\"wp-block-columns is-layout-flex wp-container-core-columns-is-layout-28f84493 wp-block-columns-is-layout-flex\">\n<div class=\"wp-block-column is-layout-flow wp-block-column-is-layout-flow\" style=\"flex-basis:33.33%\">\n<figure class=\"wp-block-image size-full\"><img loading=\"lazy\" decoding=\"async\" width=\"588\" height=\"505\" src=\"https:\/\/goldenage2026.com\/wp-content\/uploads\/2026\/01\/assurance.png\" alt=\"\" class=\"wp-image-1012\" srcset=\"https:\/\/goldenage2026.com\/wp-content\/uploads\/2026\/01\/assurance.png 588w, https:\/\/goldenage2026.com\/wp-content\/uploads\/2026\/01\/assurance-300x258.png 300w, https:\/\/goldenage2026.com\/wp-content\/uploads\/2026\/01\/assurance-14x12.png 14w, https:\/\/goldenage2026.com\/wp-content\/uploads\/2026\/01\/assurance-200x172.png 200w\" sizes=\"auto, (max-width: 588px) 100vw, 588px\" \/><\/figure>\n<\/div>\n\n\n\n<div class=\"wp-block-column is-layout-flow wp-block-column-is-layout-flow\" style=\"flex-basis:66.66%\">\n<h4 class=\"wp-block-heading has-custom-rouge-color has-text-color has-link-color wp-elements-ed66dd0781027934ea38716e76c5b54c\">Assurance<\/h4>\n\n\n\n<p class=\"translation-block\">Afin de pouvoir participer au Golden Age Gym Festival 2026 aux Sables d'Olonne, chaque participant devra avoir envoy\u00e9 \u00e0 sa f\u00e9d\u00e9ration sa couverture d'assurance individuelle contre la maladie, les accidents et le rapatriement, caus\u00e9s \u00e0 lui-m\u00eame ou \u00e0 toute autre personne. L'assurance doit \u00eatre valable au moins \u00e0 partir du jour d'arriv\u00e9e de la d\u00e9l\u00e9gation et doit couvrir toute la dur\u00e9e du s\u00e9jour de la d\u00e9l\u00e9gation (du 3 au 10 octobre). <br>Si le participant ne dispose pas d'une assurance individuelle et si sa f\u00e9d\u00e9ration ne peut pas lui en fournir une, le COL peut lui proposer une assurance au prix de 62 \u20ac \/ personne pour une semaine. La demande doit \u00eatre adress\u00e9e au COL, au plus tard le 4 septembre, par l'interm\u00e9diaire de la f\u00e9d\u00e9ration du participant. <br><br><strong>Aucune accr\u00e9ditation ne sera d\u00e9livr\u00e9e sans justificatif d'assurance. <\/strong><\/p>\n<\/div>\n<\/div>\n\n\n\n<div class=\"wp-block-columns has-background is-layout-flex wp-container-core-columns-is-layout-28f84493 wp-block-columns-is-layout-flex\" style=\"border-style:none;border-width:0px;border-top-left-radius:30px;border-top-right-radius:30px;border-bottom-left-radius:30px;border-bottom-right-radius:30px;background-color:#8dd2fc29\">\n<div class=\"wp-block-column is-layout-flow wp-block-column-is-layout-flow\" style=\"flex-basis:66.66%\">\n<h4 class=\"wp-block-heading has-custom-bleu-clair-color has-text-color has-link-color wp-elements-a60c9a664a562f7d490035af7cb9894b\">Information m\u00e9dicale <\/h4>\n\n\n\n<p class=\"translation-block\">Les Sables d\u2019Olonne et le comit\u00e9 d\u2019organisation mettront tout en \u0153uvre pour vous accueillir en toute s\u00e9curit\u00e9. Une \u00e9quipe m\u00e9dicale sera pr\u00e9sente tous les jours pendant le Golden Age Gym Festival 2026. <br><br>Un h\u00f4pital sera \u00e9galement pr\u00eat \u00e0 vous accueillir et \u00e0 prendre soin de vous en cas de besoin :<br>Centre Hospitalier C\u00f4te de Lumi\u00e8re<br>4 rue Jacques Monod<br>85340 Les Sables d\u2019Olonne<\/a><br><br><strong>En cas d'urgence, vous pouvez appeler le 112.<\/strong><\/p>\n<\/div>\n\n\n\n<div class=\"wp-block-column is-vertically-aligned-center is-layout-flow wp-block-column-is-layout-flow\" style=\"flex-basis:33.33%\">\n<figure class=\"wp-block-image aligncenter size-large has-custom-border\"><img loading=\"lazy\" decoding=\"async\" width=\"1024\" height=\"576\" src=\"https:\/\/goldenage2026.com\/wp-content\/uploads\/2026\/01\/hopital-1024x576.jpg\" alt=\"\" class=\"wp-image-1070\" style=\"border-top-left-radius:30px;border-top-right-radius:30px;border-bottom-left-radius:30px;border-bottom-right-radius:30px\" srcset=\"https:\/\/goldenage2026.com\/wp-content\/uploads\/2026\/01\/hopital-1024x576.jpg 1024w, https:\/\/goldenage2026.com\/wp-content\/uploads\/2026\/01\/hopital-300x169.jpg 300w, https:\/\/goldenage2026.com\/wp-content\/uploads\/2026\/01\/hopital-768x432.jpg 768w, https:\/\/goldenage2026.com\/wp-content\/uploads\/2026\/01\/hopital-1536x864.jpg 1536w, https:\/\/goldenage2026.com\/wp-content\/uploads\/2026\/01\/hopital-18x10.jpg 18w, https:\/\/goldenage2026.com\/wp-content\/uploads\/2026\/01\/hopital-200x113.jpg 200w, https:\/\/goldenage2026.com\/wp-content\/uploads\/2026\/01\/hopital.jpg 1600w\" sizes=\"auto, (max-width: 1024px) 100vw, 1024px\" \/><\/figure>\n<\/div>\n<\/div>\n\n\n\n<hr class=\"wp-block-separator has-text-color has-vivid-red-color has-alpha-channel-opacity has-vivid-red-background-color has-background\"\/>\n\n\n\n<p class=\"has-text-align-center\">Pour tout savoir sur le GAGF<\/p>\n\n\n\n<div class=\"wp-block-columns is-layout-flex wp-container-core-columns-is-layout-28f84493 wp-block-columns-is-layout-flex\">\n<div class=\"wp-block-column is-layout-flow wp-block-column-is-layout-flow\">\n<div class=\"wp-block-cover aligncenter is-light\" style=\"border-top-left-radius:25px;border-top-right-radius:25px;border-bottom-left-radius:25px;border-bottom-right-radius:25px;min-height:176px;aspect-ratio:unset;\"><img loading=\"lazy\" decoding=\"async\" width=\"1024\" height=\"585\" class=\"wp-block-cover__image-background wp-image-259 size-large\" alt=\"\" src=\"https:\/\/goldenage2026.com\/wp-content\/uploads\/2025\/09\/Accueil-1024x585.png\" data-object-fit=\"cover\" srcset=\"https:\/\/goldenage2026.com\/wp-content\/uploads\/2025\/09\/Accueil-1024x585.png 1024w, https:\/\/goldenage2026.com\/wp-content\/uploads\/2025\/09\/Accueil-300x171.png 300w, https:\/\/goldenage2026.com\/wp-content\/uploads\/2025\/09\/Accueil-768x439.png 768w, https:\/\/goldenage2026.com\/wp-content\/uploads\/2025\/09\/Accueil.png 1400w\" sizes=\"auto, (max-width: 1024px) 100vw, 1024px\" \/><span aria-hidden=\"true\" class=\"wp-block-cover__background has-background-dim\" style=\"background-color:#54afd8\"><\/span><div class=\"wp-block-cover__inner-container is-layout-flow wp-block-cover-is-layout-flow\">\n<p class=\"has-text-align-center has-white-color has-text-color has-link-color has-new-nord-extended-font-family has-medium-font-size wp-elements-32a26c575eb647318e88f9d18cc6f1de\"><a href=\"https:\/\/goldenage2026.com\/fr\/the-10th-edition-2\/\">Informations g\u00e9n\u00e9rales<\/a><\/p>\n<\/div><\/div>\n\n\n\n<p class=\"has-text-align-center\">Toutes les informations pratiques pour votre venue (carte, emploi du temps, transport, etc.).<\/p>\n\n\n\n<div class=\"wp-block-buttons is-content-justification-center is-layout-flex wp-container-core-buttons-is-layout-a89b3969 wp-block-buttons-is-layout-flex\">\n<div class=\"wp-block-button is-style-outline is-style-outline--1\"><a class=\"wp-block-button__link has-primary-shade-color has-custom-bleu-fonc-e-background-color has-text-color has-background has-link-color has-dm-sans-font-family has-text-align-center wp-element-button\" href=\"https:\/\/goldenage2026.com\/fr\/the-10th-edition-2\/\" style=\"border-top-left-radius:25px;border-top-right-radius:25px;border-bottom-left-radius:25px;border-bottom-right-radius:25px;font-style:normal;font-weight:400\">En savoir plus<\/a><\/div>\n<\/div>\n<\/div>\n\n\n\n<div class=\"wp-block-column is-layout-flow wp-block-column-is-layout-flow\">\n<div class=\"wp-block-cover aligncenter is-light\" style=\"border-top-left-radius:25px;border-top-right-radius:25px;border-bottom-left-radius:25px;border-bottom-right-radius:25px;min-height:176px;aspect-ratio:unset;\"><img loading=\"lazy\" decoding=\"async\" width=\"683\" height=\"1024\" class=\"wp-block-cover__image-background wp-image-667 size-large\" alt=\"\" src=\"https:\/\/goldenage2026.com\/wp-content\/uploads\/2025\/12\/hotel-683x1024.jpg\" data-object-fit=\"cover\" srcset=\"https:\/\/goldenage2026.com\/wp-content\/uploads\/2025\/12\/hotel-683x1024.jpg 683w, https:\/\/goldenage2026.com\/wp-content\/uploads\/2025\/12\/hotel-200x300.jpg 200w, https:\/\/goldenage2026.com\/wp-content\/uploads\/2025\/12\/hotel-768x1152.jpg 768w, https:\/\/goldenage2026.com\/wp-content\/uploads\/2025\/12\/hotel-1024x1536.jpg 1024w, https:\/\/goldenage2026.com\/wp-content\/uploads\/2025\/12\/hotel-1365x2048.jpg 1365w, https:\/\/goldenage2026.com\/wp-content\/uploads\/2025\/12\/hotel-8x12.jpg 8w, https:\/\/goldenage2026.com\/wp-content\/uploads\/2025\/12\/hotel-scaled.jpg 1707w\" sizes=\"auto, (max-width: 683px) 100vw, 683px\" \/><span aria-hidden=\"true\" class=\"wp-block-cover__background has-background-dim\" style=\"background-color:#a7a59d\"><\/span><div class=\"wp-block-cover__inner-container is-layout-flow wp-block-cover-is-layout-flow\">\n<p class=\"has-text-align-center has-white-color has-text-color has-link-color has-new-nord-extended-font-family has-medium-font-size wp-elements-d9a63a242a13b6195431aa313fc78db5\"><a href=\"https:\/\/goldenage2026.com\/fr\/accomodation\/\">H\u00e9bergement<\/a><\/p>\n<\/div><\/div>\n\n\n\n<p class=\"has-text-align-center\">D\u00e9couvrez toutes nos offres pour votre repos<\/p>\n\n\n\n<div class=\"wp-block-buttons is-content-justification-center is-layout-flex wp-container-core-buttons-is-layout-a89b3969 wp-block-buttons-is-layout-flex\">\n<div class=\"wp-block-button is-style-outline is-style-outline--2\"><a class=\"wp-block-button__link has-primary-shade-color has-custom-bleu-fonc-e-background-color has-text-color has-background has-link-color has-dm-sans-font-family wp-element-button\" href=\"https:\/\/goldenage2026.com\/fr\/accomodation\/\" style=\"border-top-left-radius:25px;border-top-right-radius:25px;border-bottom-left-radius:25px;border-bottom-right-radius:25px;font-style:normal;font-weight:400\">En savoir plus<\/a><\/div>\n<\/div>\n<\/div>\n\n\n\n<div class=\"wp-block-column is-layout-flow wp-block-column-is-layout-flow\">\n<div class=\"wp-block-cover is-light\" style=\"border-top-left-radius:25px;border-top-right-radius:25px;border-bottom-left-radius:25px;border-bottom-right-radius:25px;min-height:175px;aspect-ratio:unset;\"><img loading=\"lazy\" decoding=\"async\" width=\"2560\" height=\"1707\" class=\"wp-block-cover__image-background wp-image-768 size-full\" alt=\"\" src=\"https:\/\/goldenage2026.com\/wp-content\/uploads\/2026\/01\/zumba-scaled.jpg\" data-object-fit=\"cover\" srcset=\"https:\/\/goldenage2026.com\/wp-content\/uploads\/2026\/01\/zumba-scaled.jpg 2560w, https:\/\/goldenage2026.com\/wp-content\/uploads\/2026\/01\/zumba-300x200.jpg 300w, https:\/\/goldenage2026.com\/wp-content\/uploads\/2026\/01\/zumba-1024x683.jpg 1024w, https:\/\/goldenage2026.com\/wp-content\/uploads\/2026\/01\/zumba-768x512.jpg 768w, https:\/\/goldenage2026.com\/wp-content\/uploads\/2026\/01\/zumba-1536x1024.jpg 1536w, https:\/\/goldenage2026.com\/wp-content\/uploads\/2026\/01\/zumba-2048x1365.jpg 2048w, https:\/\/goldenage2026.com\/wp-content\/uploads\/2026\/01\/zumba-18x12.jpg 18w, https:\/\/goldenage2026.com\/wp-content\/uploads\/2026\/01\/zumba-200x133.jpg 200w\" sizes=\"auto, (max-width: 2560px) 100vw, 2560px\" \/><span aria-hidden=\"true\" class=\"wp-block-cover__background has-background-dim\" style=\"background-color:#a5b4be\"><\/span><div class=\"wp-block-cover__inner-container is-layout-flow wp-block-cover-is-layout-flow\">\n<p class=\"has-text-align-center has-white-color has-text-color has-link-color has-new-nord-extended-font-family has-medium-font-size wp-elements-f82b10fdfefe45c6560ec678eda3fcfd\"><a href=\"https:\/\/goldenage2026.com\/fr\/activities\/\">Activit\u00e9s<\/a><\/p>\n<\/div><\/div>\n\n\n\n<p class=\"has-text-align-center\">City Performances, Workshops, parade et c\u00e9r\u00e9monies, etc. <\/p>\n\n\n\n<div class=\"wp-block-buttons is-content-justification-center is-layout-flex wp-container-core-buttons-is-layout-a89b3969 wp-block-buttons-is-layout-flex\">\n<div class=\"wp-block-button is-style-outline is-style-outline--3\"><a class=\"wp-block-button__link has-primary-shade-color has-custom-bleu-fonc-e-background-color has-text-color has-background has-link-color wp-element-button\" href=\"https:\/\/goldenage2026.com\/fr\/activities\/\" style=\"border-top-left-radius:25px;border-top-right-radius:25px;border-bottom-left-radius:25px;border-bottom-right-radius:25px;font-style:normal;font-weight:400\">En savoir plus<\/a><\/div>\n<\/div>\n<\/div>\n<\/div>\n\n\n\n<p><\/p>","protected":false},"excerpt":{"rendered":"<p>Insurance In order to be able to participate to the Golden Age Gym Festival 2026 in Les Sables d\u2019Olonne, each participant will have sent to its Federation its individual insurance coverage against illness, accidents and repatriation, caused to himself or to anyone else. The insurance must be valid at least starting from the arrival day&#8230;<\/p>","protected":false},"author":1,"featured_media":0,"parent":0,"menu_order":0,"comment_status":"closed","ping_status":"closed","template":"","meta":{"footnotes":""},"class_list":["post-1011","page","type-page","status-publish","hentry"],"yoast_head":"<!-- This site is optimized with the Yoast SEO plugin v27.4 - https:\/\/yoast.com\/product\/yoast-seo-wordpress\/ -->\n<title>Insurance and medical information - Golden Age Gym Festival<\/title>\n<meta name=\"robots\" content=\"index, follow, max-snippet:-1, max-image-preview:large, max-video-preview:-1\" \/>\n<link rel=\"canonical\" href=\"https:\/\/goldenage2026.com\/fr\/insurance-and-medical-information\/\" \/>\n<meta property=\"og:locale\" content=\"fr_FR\" \/>\n<meta property=\"og:type\" content=\"article\" \/>\n<meta property=\"og:title\" content=\"Insurance and medical information - Golden Age Gym Festival\" \/>\n<meta property=\"og:description\" content=\"Insurance In order to be able to participate to the Golden Age Gym Festival 2026 in Les Sables d\u2019Olonne, each participant will have sent to its Federation its individual insurance coverage against illness, accidents and repatriation, caused to himself or to anyone else. The insurance must be valid at least starting from the arrival day...\" \/>\n<meta property=\"og:url\" content=\"https:\/\/goldenage2026.com\/fr\/insurance-and-medical-information\/\" \/>\n<meta property=\"og:site_name\" content=\"Golden Age Gym Festival\" \/>\n<meta property=\"article:modified_time\" content=\"2026-01-30T11:04:04+00:00\" \/>\n<meta property=\"og:image\" content=\"https:\/\/goldenage2026.com\/wp-content\/uploads\/2026\/01\/assurance.png\" \/>\n\t<meta property=\"og:image:width\" content=\"588\" \/>\n\t<meta property=\"og:image:height\" content=\"505\" \/>\n\t<meta property=\"og:image:type\" content=\"image\/png\" \/>\n<meta name=\"twitter:card\" content=\"summary_large_image\" \/>\n<meta name=\"twitter:label1\" content=\"Dur\u00e9e de lecture estim\u00e9e\" \/>\n\t<meta name=\"twitter:data1\" content=\"3 minutes\" \/>\n<script type=\"application\/ld+json\" class=\"yoast-schema-graph\">{\"@context\":\"https:\\\/\\\/schema.org\",\"@graph\":[{\"@type\":\"WebPage\",\"@id\":\"https:\\\/\\\/goldenage2026.com\\\/insurance-and-medical-information\\\/\",\"url\":\"https:\\\/\\\/goldenage2026.com\\\/insurance-and-medical-information\\\/\",\"name\":\"Insurance and medical information - Golden Age Gym Festival\",\"isPartOf\":{\"@id\":\"https:\\\/\\\/goldenage2026.com\\\/#website\"},\"primaryImageOfPage\":{\"@id\":\"https:\\\/\\\/goldenage2026.com\\\/insurance-and-medical-information\\\/#primaryimage\"},\"image\":{\"@id\":\"https:\\\/\\\/goldenage2026.com\\\/insurance-and-medical-information\\\/#primaryimage\"},\"thumbnailUrl\":\"https:\\\/\\\/goldenage2026.com\\\/wp-content\\\/uploads\\\/2026\\\/01\\\/assurance.png\",\"datePublished\":\"2026-01-29T15:54:46+00:00\",\"dateModified\":\"2026-01-30T11:04:04+00:00\",\"breadcrumb\":{\"@id\":\"https:\\\/\\\/goldenage2026.com\\\/insurance-and-medical-information\\\/#breadcrumb\"},\"inLanguage\":\"fr-FR\",\"potentialAction\":[{\"@type\":\"ReadAction\",\"target\":[\"https:\\\/\\\/goldenage2026.com\\\/insurance-and-medical-information\\\/\"]}]},{\"@type\":\"ImageObject\",\"inLanguage\":\"fr-FR\",\"@id\":\"https:\\\/\\\/goldenage2026.com\\\/insurance-and-medical-information\\\/#primaryimage\",\"url\":\"https:\\\/\\\/goldenage2026.com\\\/wp-content\\\/uploads\\\/2026\\\/01\\\/assurance.png\",\"contentUrl\":\"https:\\\/\\\/goldenage2026.com\\\/wp-content\\\/uploads\\\/2026\\\/01\\\/assurance.png\"},{\"@type\":\"BreadcrumbList\",\"@id\":\"https:\\\/\\\/goldenage2026.com\\\/insurance-and-medical-information\\\/#breadcrumb\",\"itemListElement\":[{\"@type\":\"ListItem\",\"position\":1,\"name\":\"Accueil\",\"item\":\"https:\\\/\\\/goldenage2026.com\\\/\"},{\"@type\":\"ListItem\",\"position\":2,\"name\":\"Insurance and medical information\"}]},{\"@type\":\"WebSite\",\"@id\":\"https:\\\/\\\/goldenage2026.com\\\/#website\",\"url\":\"https:\\\/\\\/goldenage2026.com\\\/\",\"name\":\"Golden Age Gym Festival\",\"description\":\"The 10th edition of the GAGF in Les Sables d'Olonne\",\"publisher\":{\"@id\":\"https:\\\/\\\/goldenage2026.com\\\/#organization\"},\"potentialAction\":[{\"@type\":\"SearchAction\",\"target\":{\"@type\":\"EntryPoint\",\"urlTemplate\":\"https:\\\/\\\/goldenage2026.com\\\/?s={search_term_string}\"},\"query-input\":{\"@type\":\"PropertyValueSpecification\",\"valueRequired\":true,\"valueName\":\"search_term_string\"}}],\"inLanguage\":\"fr-FR\"},{\"@type\":\"Organization\",\"@id\":\"https:\\\/\\\/goldenage2026.com\\\/#organization\",\"name\":\"Golden Age Gym Festival\",\"alternateName\":\"GAGF\",\"url\":\"https:\\\/\\\/goldenage2026.com\\\/\",\"logo\":{\"@type\":\"ImageObject\",\"inLanguage\":\"fr-FR\",\"@id\":\"https:\\\/\\\/goldenage2026.com\\\/#\\\/schema\\\/logo\\\/image\\\/\",\"url\":\"https:\\\/\\\/goldenage2026.com\\\/wp-content\\\/uploads\\\/2025\\\/09\\\/Logo-siteweb-1.png\",\"contentUrl\":\"https:\\\/\\\/goldenage2026.com\\\/wp-content\\\/uploads\\\/2025\\\/09\\\/Logo-siteweb-1.png\",\"width\":512,\"height\":512,\"caption\":\"Golden Age Gym Festival\"},\"image\":{\"@id\":\"https:\\\/\\\/goldenage2026.com\\\/#\\\/schema\\\/logo\\\/image\\\/\"}}]}<\/script>\n<!-- \/ Yoast SEO plugin. -->","yoast_head_json":{"title":"Insurance and medical information - Golden Age Gym Festival","robots":{"index":"index","follow":"follow","max-snippet":"max-snippet:-1","max-image-preview":"max-image-preview:large","max-video-preview":"max-video-preview:-1"},"canonical":"https:\/\/goldenage2026.com\/fr\/insurance-and-medical-information\/","og_locale":"fr_FR","og_type":"article","og_title":"Insurance and medical information - Golden Age Gym Festival","og_description":"Insurance In order to be able to participate to the Golden Age Gym Festival 2026 in Les Sables d\u2019Olonne, each participant will have sent to its Federation its individual insurance coverage against illness, accidents and repatriation, caused to himself or to anyone else. The insurance must be valid at least starting from the arrival day...","og_url":"https:\/\/goldenage2026.com\/fr\/insurance-and-medical-information\/","og_site_name":"Golden Age Gym Festival","article_modified_time":"2026-01-30T11:04:04+00:00","og_image":[{"width":588,"height":505,"url":"https:\/\/goldenage2026.com\/wp-content\/uploads\/2026\/01\/assurance.png","type":"image\/png"}],"twitter_card":"summary_large_image","twitter_misc":{"Dur\u00e9e de lecture estim\u00e9e":"3 minutes"},"schema":{"@context":"https:\/\/schema.org","@graph":[{"@type":"WebPage","@id":"https:\/\/goldenage2026.com\/insurance-and-medical-information\/","url":"https:\/\/goldenage2026.com\/insurance-and-medical-information\/","name":"Insurance and medical information - Golden Age Gym Festival","isPartOf":{"@id":"https:\/\/goldenage2026.com\/#website"},"primaryImageOfPage":{"@id":"https:\/\/goldenage2026.com\/insurance-and-medical-information\/#primaryimage"},"image":{"@id":"https:\/\/goldenage2026.com\/insurance-and-medical-information\/#primaryimage"},"thumbnailUrl":"https:\/\/goldenage2026.com\/wp-content\/uploads\/2026\/01\/assurance.png","datePublished":"2026-01-29T15:54:46+00:00","dateModified":"2026-01-30T11:04:04+00:00","breadcrumb":{"@id":"https:\/\/goldenage2026.com\/insurance-and-medical-information\/#breadcrumb"},"inLanguage":"fr-FR","potentialAction":[{"@type":"ReadAction","target":["https:\/\/goldenage2026.com\/insurance-and-medical-information\/"]}]},{"@type":"ImageObject","inLanguage":"fr-FR","@id":"https:\/\/goldenage2026.com\/insurance-and-medical-information\/#primaryimage","url":"https:\/\/goldenage2026.com\/wp-content\/uploads\/2026\/01\/assurance.png","contentUrl":"https:\/\/goldenage2026.com\/wp-content\/uploads\/2026\/01\/assurance.png"},{"@type":"BreadcrumbList","@id":"https:\/\/goldenage2026.com\/insurance-and-medical-information\/#breadcrumb","itemListElement":[{"@type":"ListItem","position":1,"name":"Accueil","item":"https:\/\/goldenage2026.com\/"},{"@type":"ListItem","position":2,"name":"Insurance and medical information"}]},{"@type":"WebSite","@id":"https:\/\/goldenage2026.com\/#website","url":"https:\/\/goldenage2026.com\/","name":"Golden Age Gym Festival","description":"The 10th edition of the GAGF in Les Sables d'Olonne","publisher":{"@id":"https:\/\/goldenage2026.com\/#organization"},"potentialAction":[{"@type":"SearchAction","target":{"@type":"EntryPoint","urlTemplate":"https:\/\/goldenage2026.com\/?s={search_term_string}"},"query-input":{"@type":"PropertyValueSpecification","valueRequired":true,"valueName":"search_term_string"}}],"inLanguage":"fr-FR"},{"@type":"Organization","@id":"https:\/\/goldenage2026.com\/#organization","name":"Golden Age Gym Festival","alternateName":"GAGF","url":"https:\/\/goldenage2026.com\/","logo":{"@type":"ImageObject","inLanguage":"fr-FR","@id":"https:\/\/goldenage2026.com\/#\/schema\/logo\/image\/","url":"https:\/\/goldenage2026.com\/wp-content\/uploads\/2025\/09\/Logo-siteweb-1.png","contentUrl":"https:\/\/goldenage2026.com\/wp-content\/uploads\/2025\/09\/Logo-siteweb-1.png","width":512,"height":512,"caption":"Golden Age Gym Festival"},"image":{"@id":"https:\/\/goldenage2026.com\/#\/schema\/logo\/image\/"}}]}},"_links":{"self":[{"href":"https:\/\/goldenage2026.com\/fr\/wp-json\/wp\/v2\/pages\/1011","targetHints":{"allow":["GET"]}}],"collection":[{"href":"https:\/\/goldenage2026.com\/fr\/wp-json\/wp\/v2\/pages"}],"about":[{"href":"https:\/\/goldenage2026.com\/fr\/wp-json\/wp\/v2\/types\/page"}],"author":[{"embeddable":true,"href":"https:\/\/goldenage2026.com\/fr\/wp-json\/wp\/v2\/users\/1"}],"replies":[{"embeddable":true,"href":"https:\/\/goldenage2026.com\/fr\/wp-json\/wp\/v2\/comments?post=1011"}],"version-history":[{"count":11,"href":"https:\/\/goldenage2026.com\/fr\/wp-json\/wp\/v2\/pages\/1011\/revisions"}],"predecessor-version":[{"id":1228,"href":"https:\/\/goldenage2026.com\/fr\/wp-json\/wp\/v2\/pages\/1011\/revisions\/1228"}],"wp:attachment":[{"href":"https:\/\/goldenage2026.com\/fr\/wp-json\/wp\/v2\/media?parent=1011"}],"curies":[{"name":"wp","href":"https:\/\/api.w.org\/{rel}","templated":true}]}}