{"id":1060,"date":"2026-01-28T09:47:52","date_gmt":"2026-01-28T09:47:52","guid":{"rendered":"https:\/\/goldenage2026.com\/?page_id=1060"},"modified":"2026-01-30T10:52:19","modified_gmt":"2026-01-30T10:52:19","slug":"les-sables-friends","status":"publish","type":"page","link":"https:\/\/goldenage2026.com\/fr\/les-sables-friends\/","title":{"rendered":"Les Sables Friends"},"content":{"rendered":"<div class=\"wp-block-group has-background is-layout-constrained wp-container-core-group-is-layout-944f3b5c wp-block-group-is-layout-constrained\" style=\"border-top-left-radius:30px;border-top-right-radius:30px;border-bottom-left-radius:30px;border-bottom-right-radius:30px;background-color:#14afde1c;margin-top:var(--wp--preset--spacing--20);margin-bottom:var(--wp--preset--spacing--20);padding-top:38px;padding-right:var(--wp--preset--spacing--40);padding-bottom:38px;padding-left:var(--wp--preset--spacing--40)\">\n<div class=\"wp-block-columns are-vertically-aligned-center is-layout-flex wp-container-core-columns-is-layout-e524df8a wp-block-columns-is-layout-flex\">\n<div class=\"wp-block-column is-vertically-aligned-center is-layout-flow wp-block-column-is-layout-flow\" style=\"flex-basis:50%\">\n<figure class=\"wp-block-image size-full has-custom-border\"><img loading=\"lazy\" decoding=\"async\" width=\"2560\" height=\"1707\" src=\"https:\/\/goldenage2026.com\/wp-content\/uploads\/2026\/01\/sables-friends-edited-scaled.jpg\" alt=\"\" class=\"wp-image-1062\" style=\"border-radius:40px\" srcset=\"https:\/\/goldenage2026.com\/wp-content\/uploads\/2026\/01\/sables-friends-edited-scaled.jpg 2560w, https:\/\/goldenage2026.com\/wp-content\/uploads\/2026\/01\/sables-friends-edited-300x200.jpg 300w, https:\/\/goldenage2026.com\/wp-content\/uploads\/2026\/01\/sables-friends-edited-1024x683.jpg 1024w, https:\/\/goldenage2026.com\/wp-content\/uploads\/2026\/01\/sables-friends-edited-768x512.jpg 768w, https:\/\/goldenage2026.com\/wp-content\/uploads\/2026\/01\/sables-friends-edited-1536x1024.jpg 1536w, https:\/\/goldenage2026.com\/wp-content\/uploads\/2026\/01\/sables-friends-edited-2048x1365.jpg 2048w, https:\/\/goldenage2026.com\/wp-content\/uploads\/2026\/01\/sables-friends-edited-18x12.jpg 18w, https:\/\/goldenage2026.com\/wp-content\/uploads\/2026\/01\/sables-friends-edited-200x133.jpg 200w\" sizes=\"auto, (max-width: 2560px) 100vw, 2560px\" \/><\/figure>\n<\/div>\n\n\n\n<div class=\"wp-block-column is-vertically-aligned-center is-layout-flow wp-container-core-column-is-layout-f5bb311e wp-block-column-is-layout-flow\" style=\"flex-basis:50%\">\n<h4 class=\"wp-block-heading is-style-default has-custom-bleu-clair-color has-text-color has-link-color wp-elements-4d0d9ebf1324ace6ee809b6b874307f2\" style=\"font-size:clamp(18.959px, 1.185rem + ((1vw - 3.2px) * 0.673), 30px);line-height:1.3;text-transform:none\">De nouvelles amiti\u00e9s peuvent na\u00eetre !<\/h4>\n\n\n\n<p class=\"translation-block\">En 2026, vous aurez l'occasion de partager des moments privil\u00e9gi\u00e9s avec un groupe inconnu. Apr\u00e8s le succ\u00e8s rencontr\u00e9 en 2024, European Gymnastics et le comit\u00e9 d'organisation du Golden Age Gym Festival des Sables d'Olonne mettront en relation deux groupes de pays diff\u00e9rents afin de cr\u00e9er un lien unique.<\/p>\n\n\n\n<p>Pendant que vous profitez pleinement du Golden Age Gym Festival, de nouvelles amiti\u00e9s peuvent na\u00eetre ! Ne manquez pas l'occasion de partager de bons moments en partageant une glace, un verre de vin, un workshop ouvert.. une v\u00e9ritable exp\u00e9rience en or ! Chaque groupe sera jumel\u00e9 avec son groupe \u00ab Les Sables friends \u00bb, afin de vous donner l'occasion de vous faire de nouveaux amis pour la vie ! Vous serez inform\u00e9 de votre jumelage un mois avant l'\u00e9v\u00e9nement.<br><\/p>\n\n\n\n<div class=\"wp-block-columns is-layout-flex wp-container-core-columns-is-layout-21114204 wp-block-columns-is-layout-flex\" style=\"border-top-color:var(--wp--preset--color--border-color);border-top-width:1px;margin-top:32px;padding-top:32px\">\n<div class=\"wp-block-column is-layout-flow wp-block-column-is-layout-flow\">\n<figure class=\"wp-block-image size-full is-resized wp-duotone-white-primary\"><img decoding=\"async\" src=\"https:\/\/goldenage2026.com\/wp-content\/themes\/modestra\/assets\/images\/streaks_icon.png\" alt=\"\" class=\"wp-image-5991\" style=\"object-fit:cover;width:22px;height:24px\"\/><\/figure>\n<\/div>\n<\/div>\n\n\n\n<p class=\"translation-block\"><strong>Que pouvez-vous faire avant l'\u00e9v\u00e9nement ?<\/strong><br><br>   Contactez le responsable du groupe de vos Sables Friends<br>   Apprenez quelques mots dans la langue de vos amis de vos  Sables Friends<br>   Apportez un petit cadeau de votre pays pour vos Sables Friends<br><\/p>\n\n\n\n<p><strong>Que pouvez-vous faire ensemble pendant le Golden Age Gym Festival ?<\/strong><\/p>\n\n\n\n<p class=\"translation-block\">Assistez aux City Performances de vos  Sables Friends<br>   Participez ensemble \u00e0 un workshop ouvert<br>   Prenez un caf\u00e9 ensemble<br>   Prenez l'ap\u00e9ritif ensemble<br>   Organisez un \u00e9chauffement avec de la musique de votre pays<\/p>\n<\/div>\n<\/div>\n<\/div>\n\n\n\n<hr class=\"wp-block-separator has-text-color has-vivid-red-color has-alpha-channel-opacity has-vivid-red-background-color has-background\"\/>\n\n\n\n<p class=\"has-text-align-center\">Pour tout savoir sur le GAGF<\/p>\n\n\n\n<div class=\"wp-block-columns is-layout-flex wp-container-core-columns-is-layout-28f84493 wp-block-columns-is-layout-flex\">\n<div class=\"wp-block-column is-layout-flow wp-block-column-is-layout-flow\">\n<div class=\"wp-block-cover aligncenter\" style=\"border-top-left-radius:25px;border-top-right-radius:25px;border-bottom-left-radius:25px;border-bottom-right-radius:25px;min-height:176px;aspect-ratio:unset;\"><img loading=\"lazy\" decoding=\"async\" width=\"1024\" height=\"683\" class=\"wp-block-cover__image-background wp-image-653\" alt=\"\" src=\"https:\/\/goldenage2026.com\/wp-content\/uploads\/2025\/12\/DSC4044-1024x683.jpg\" data-object-fit=\"cover\" srcset=\"https:\/\/goldenage2026.com\/wp-content\/uploads\/2025\/12\/DSC4044-1024x683.jpg 1024w, https:\/\/goldenage2026.com\/wp-content\/uploads\/2025\/12\/DSC4044-300x200.jpg 300w, https:\/\/goldenage2026.com\/wp-content\/uploads\/2025\/12\/DSC4044-768x512.jpg 768w, https:\/\/goldenage2026.com\/wp-content\/uploads\/2025\/12\/DSC4044-1536x1024.jpg 1536w, https:\/\/goldenage2026.com\/wp-content\/uploads\/2025\/12\/DSC4044-2048x1365.jpg 2048w, https:\/\/goldenage2026.com\/wp-content\/uploads\/2025\/12\/DSC4044-18x12.jpg 18w, https:\/\/goldenage2026.com\/wp-content\/uploads\/2025\/12\/DSC4044-200x133.jpg 200w\" sizes=\"auto, (max-width: 1024px) 100vw, 1024px\" \/><span aria-hidden=\"true\" class=\"wp-block-cover__background has-background-dim\"><\/span><div class=\"wp-block-cover__inner-container is-layout-flow wp-block-cover-is-layout-flow\">\n<p class=\"has-text-align-center has-white-color has-text-color has-link-color has-new-nord-extended-font-family has-medium-font-size wp-elements-5bbe3b016daf6d28edaba156e9f68d6c\"><a href=\"https:\/\/goldenage2026.com\/fr\/workshops\/\">Workshops<\/a><\/p>\n<\/div><\/div>\n\n\n\n<p class=\"has-text-align-center\">D\u00e9couvrez tous les workshops<\/p>\n\n\n\n<div class=\"wp-block-buttons is-content-justification-center is-layout-flex wp-container-core-buttons-is-layout-a89b3969 wp-block-buttons-is-layout-flex\">\n<div class=\"wp-block-button is-style-outline is-style-outline--1\"><a class=\"wp-block-button__link has-primary-shade-color has-custom-bleu-fonc-e-background-color has-text-color has-background has-link-color has-dm-sans-font-family has-text-align-center wp-element-button\" href=\"https:\/\/goldenage2026.com\/fr\/workshops\/\" style=\"border-top-left-radius:25px;border-top-right-radius:25px;border-bottom-left-radius:25px;border-bottom-right-radius:25px;font-style:normal;font-weight:400\">En savoir plus<\/a><\/div>\n<\/div>\n<\/div>\n\n\n\n<div class=\"wp-block-column is-layout-flow wp-block-column-is-layout-flow\">\n<div class=\"wp-block-cover aligncenter is-light\" style=\"border-top-left-radius:25px;border-top-right-radius:25px;border-bottom-left-radius:25px;border-bottom-right-radius:25px;min-height:176px;aspect-ratio:unset;\"><img loading=\"lazy\" decoding=\"async\" width=\"1024\" height=\"439\" class=\"wp-block-cover__image-background wp-image-262 size-large\" alt=\"\" src=\"https:\/\/goldenage2026.com\/wp-content\/uploads\/2025\/09\/Accueil-1-1024x439.png\" data-object-fit=\"cover\" srcset=\"https:\/\/goldenage2026.com\/wp-content\/uploads\/2025\/09\/Accueil-1-1024x439.png 1024w, https:\/\/goldenage2026.com\/wp-content\/uploads\/2025\/09\/Accueil-1-300x129.png 300w, https:\/\/goldenage2026.com\/wp-content\/uploads\/2025\/09\/Accueil-1-768x329.png 768w, https:\/\/goldenage2026.com\/wp-content\/uploads\/2025\/09\/Accueil-1.png 1400w\" sizes=\"auto, (max-width: 1024px) 100vw, 1024px\" \/><span aria-hidden=\"true\" class=\"wp-block-cover__background has-background-dim\" style=\"background-color:#55b0d8\"><\/span><div class=\"wp-block-cover__inner-container is-layout-flow wp-block-cover-is-layout-flow\">\n<p class=\"has-text-align-center has-white-color has-text-color has-link-color has-new-nord-extended-font-family has-medium-font-size wp-elements-c0cfd2e3da40cd40d60729e357149035\"><a href=\"https:\/\/goldenage2026.com\/fr\/the-10th-edition-2\/\">Informations g\u00e9n\u00e9rales<\/a><\/p>\n<\/div><\/div>\n\n\n\n<p class=\"has-text-align-center\">Toutes les informations pratiques pour votre venue (carte, emploi du temps, transport, etc.).<\/p>\n\n\n\n<div class=\"wp-block-buttons is-content-justification-center is-layout-flex wp-container-core-buttons-is-layout-a89b3969 wp-block-buttons-is-layout-flex\">\n<div class=\"wp-block-button is-style-outline is-style-outline--2\"><a class=\"wp-block-button__link has-primary-shade-color has-custom-bleu-fonc-e-background-color has-text-color has-background has-link-color has-dm-sans-font-family wp-element-button\" href=\"https:\/\/goldenage2026.com\/fr\/the-10th-edition-2\/\" style=\"border-top-left-radius:25px;border-top-right-radius:25px;border-bottom-left-radius:25px;border-bottom-right-radius:25px;font-style:normal;font-weight:400\">En savoir plus<\/a><\/div>\n<\/div>\n<\/div>\n\n\n\n<div class=\"wp-block-column is-layout-flow wp-block-column-is-layout-flow\">\n<div class=\"wp-block-cover is-light\" style=\"border-top-left-radius:25px;border-top-right-radius:25px;border-bottom-left-radius:25px;border-bottom-right-radius:25px;min-height:175px;aspect-ratio:unset;\"><img loading=\"lazy\" decoding=\"async\" width=\"1024\" height=\"576\" class=\"wp-block-cover__image-background wp-image-1052 size-large\" alt=\"\" src=\"https:\/\/goldenage2026.com\/wp-content\/uploads\/2026\/01\/forum-1024x576.jpg\" data-object-fit=\"cover\" srcset=\"https:\/\/goldenage2026.com\/wp-content\/uploads\/2026\/01\/forum-1024x576.jpg 1024w, https:\/\/goldenage2026.com\/wp-content\/uploads\/2026\/01\/forum-300x169.jpg 300w, https:\/\/goldenage2026.com\/wp-content\/uploads\/2026\/01\/forum-768x432.jpg 768w, https:\/\/goldenage2026.com\/wp-content\/uploads\/2026\/01\/forum-1536x864.jpg 1536w, https:\/\/goldenage2026.com\/wp-content\/uploads\/2026\/01\/forum-2048x1152.jpg 2048w, https:\/\/goldenage2026.com\/wp-content\/uploads\/2026\/01\/forum-18x10.jpg 18w, https:\/\/goldenage2026.com\/wp-content\/uploads\/2026\/01\/forum-200x113.jpg 200w\" sizes=\"auto, (max-width: 1024px) 100vw, 1024px\" \/><span aria-hidden=\"true\" class=\"wp-block-cover__background has-background-dim\" style=\"background-color:#998b93\"><\/span><div class=\"wp-block-cover__inner-container is-layout-flow wp-block-cover-is-layout-flow\">\n<p class=\"has-text-align-center has-light-color-color has-text-color has-link-color has-new-nord-extended-font-family has-medium-font-size wp-elements-a4b8611c8d93f0b1490345c90092be19\"><a href=\"https:\/\/goldenage2026.com\/fr\/forum\/\">Forum<\/a><\/p>\n<\/div><\/div>\n\n\n\n<p class=\"has-text-align-center\">Gym Sant\u00e9 : continuer de bouger pour bien vieillir<\/p>\n\n\n\n<div class=\"wp-block-buttons is-content-justification-center is-layout-flex wp-container-core-buttons-is-layout-a89b3969 wp-block-buttons-is-layout-flex\">\n<div class=\"wp-block-button is-style-outline is-style-outline--3\"><a class=\"wp-block-button__link has-primary-shade-color has-custom-bleu-fonc-e-background-color has-text-color has-background has-link-color wp-element-button\" href=\"https:\/\/goldenage2026.com\/fr\/forum\/\" style=\"border-top-left-radius:25px;border-top-right-radius:25px;border-bottom-left-radius:25px;border-bottom-right-radius:25px;font-style:normal;font-weight:400\">En savoir plus<\/a><\/div>\n<\/div>\n<\/div>\n<\/div>\n\n\n\n<p><\/p>","protected":false},"excerpt":{"rendered":"<p>A new friendship can be born ! In 2026, you will get the opportunity to share special moments with an unknown group. After the success met in 2024, European Gymnastics and the LOC of the Golden Age Gym Festival of Les Sables d\u2019Olonnewill link two groups from different countries to create a unique bond. While&#8230;<\/p>","protected":false},"author":1,"featured_media":0,"parent":0,"menu_order":0,"comment_status":"closed","ping_status":"closed","template":"","meta":{"footnotes":""},"class_list":["post-1060","page","type-page","status-publish","hentry"],"yoast_head":"<!-- This site is optimized with the Yoast SEO plugin v27.4 - https:\/\/yoast.com\/product\/yoast-seo-wordpress\/ -->\n<title>Les Sables Friends - Golden Age Gym Festival<\/title>\n<meta name=\"robots\" content=\"index, follow, max-snippet:-1, max-image-preview:large, max-video-preview:-1\" \/>\n<link rel=\"canonical\" href=\"https:\/\/goldenage2026.com\/fr\/les-sables-friends\/\" \/>\n<meta property=\"og:locale\" content=\"fr_FR\" \/>\n<meta property=\"og:type\" content=\"article\" \/>\n<meta property=\"og:title\" content=\"Les Sables Friends - Golden Age Gym Festival\" \/>\n<meta property=\"og:description\" content=\"A new friendship can be born ! In 2026, you will get the opportunity to share special moments with an unknown group. After the success met in 2024, European Gymnastics and the LOC of the Golden Age Gym Festival of Les Sables d\u2019Olonnewill link two groups from different countries to create a unique bond. While...\" \/>\n<meta property=\"og:url\" content=\"https:\/\/goldenage2026.com\/fr\/les-sables-friends\/\" \/>\n<meta property=\"og:site_name\" content=\"Golden Age Gym Festival\" \/>\n<meta property=\"article:modified_time\" content=\"2026-01-30T10:52:19+00:00\" \/>\n<meta property=\"og:image\" content=\"https:\/\/goldenage2026.com\/wp-content\/uploads\/2026\/01\/sables-friends-edited-scaled.jpg\" \/>\n\t<meta property=\"og:image:width\" content=\"2560\" \/>\n\t<meta property=\"og:image:height\" content=\"1707\" \/>\n\t<meta property=\"og:image:type\" content=\"image\/jpeg\" \/>\n<meta name=\"twitter:card\" content=\"summary_large_image\" \/>\n<meta name=\"twitter:label1\" content=\"Dur\u00e9e de lecture estim\u00e9e\" \/>\n\t<meta name=\"twitter:data1\" content=\"3 minutes\" \/>\n<script type=\"application\/ld+json\" class=\"yoast-schema-graph\">{\"@context\":\"https:\\\/\\\/schema.org\",\"@graph\":[{\"@type\":\"WebPage\",\"@id\":\"https:\\\/\\\/goldenage2026.com\\\/les-sables-friends\\\/\",\"url\":\"https:\\\/\\\/goldenage2026.com\\\/les-sables-friends\\\/\",\"name\":\"Les Sables Friends - Golden Age Gym Festival\",\"isPartOf\":{\"@id\":\"https:\\\/\\\/goldenage2026.com\\\/#website\"},\"primaryImageOfPage\":{\"@id\":\"https:\\\/\\\/goldenage2026.com\\\/les-sables-friends\\\/#primaryimage\"},\"image\":{\"@id\":\"https:\\\/\\\/goldenage2026.com\\\/les-sables-friends\\\/#primaryimage\"},\"thumbnailUrl\":\"https:\\\/\\\/goldenage2026.com\\\/wp-content\\\/uploads\\\/2026\\\/01\\\/sables-friends-edited-scaled.jpg\",\"datePublished\":\"2026-01-28T09:47:52+00:00\",\"dateModified\":\"2026-01-30T10:52:19+00:00\",\"breadcrumb\":{\"@id\":\"https:\\\/\\\/goldenage2026.com\\\/les-sables-friends\\\/#breadcrumb\"},\"inLanguage\":\"fr-FR\",\"potentialAction\":[{\"@type\":\"ReadAction\",\"target\":[\"https:\\\/\\\/goldenage2026.com\\\/les-sables-friends\\\/\"]}]},{\"@type\":\"ImageObject\",\"inLanguage\":\"fr-FR\",\"@id\":\"https:\\\/\\\/goldenage2026.com\\\/les-sables-friends\\\/#primaryimage\",\"url\":\"https:\\\/\\\/goldenage2026.com\\\/wp-content\\\/uploads\\\/2026\\\/01\\\/sables-friends-edited-scaled.jpg\",\"contentUrl\":\"https:\\\/\\\/goldenage2026.com\\\/wp-content\\\/uploads\\\/2026\\\/01\\\/sables-friends-edited-scaled.jpg\"},{\"@type\":\"BreadcrumbList\",\"@id\":\"https:\\\/\\\/goldenage2026.com\\\/les-sables-friends\\\/#breadcrumb\",\"itemListElement\":[{\"@type\":\"ListItem\",\"position\":1,\"name\":\"Accueil\",\"item\":\"https:\\\/\\\/goldenage2026.com\\\/\"},{\"@type\":\"ListItem\",\"position\":2,\"name\":\"Les Sables Friends\"}]},{\"@type\":\"WebSite\",\"@id\":\"https:\\\/\\\/goldenage2026.com\\\/#website\",\"url\":\"https:\\\/\\\/goldenage2026.com\\\/\",\"name\":\"Golden Age Gym Festival\",\"description\":\"The 10th edition of the GAGF in Les Sables d'Olonne\",\"publisher\":{\"@id\":\"https:\\\/\\\/goldenage2026.com\\\/#organization\"},\"potentialAction\":[{\"@type\":\"SearchAction\",\"target\":{\"@type\":\"EntryPoint\",\"urlTemplate\":\"https:\\\/\\\/goldenage2026.com\\\/?s={search_term_string}\"},\"query-input\":{\"@type\":\"PropertyValueSpecification\",\"valueRequired\":true,\"valueName\":\"search_term_string\"}}],\"inLanguage\":\"fr-FR\"},{\"@type\":\"Organization\",\"@id\":\"https:\\\/\\\/goldenage2026.com\\\/#organization\",\"name\":\"Golden Age Gym Festival\",\"alternateName\":\"GAGF\",\"url\":\"https:\\\/\\\/goldenage2026.com\\\/\",\"logo\":{\"@type\":\"ImageObject\",\"inLanguage\":\"fr-FR\",\"@id\":\"https:\\\/\\\/goldenage2026.com\\\/#\\\/schema\\\/logo\\\/image\\\/\",\"url\":\"https:\\\/\\\/goldenage2026.com\\\/wp-content\\\/uploads\\\/2025\\\/09\\\/Logo-siteweb-1.png\",\"contentUrl\":\"https:\\\/\\\/goldenage2026.com\\\/wp-content\\\/uploads\\\/2025\\\/09\\\/Logo-siteweb-1.png\",\"width\":512,\"height\":512,\"caption\":\"Golden Age Gym Festival\"},\"image\":{\"@id\":\"https:\\\/\\\/goldenage2026.com\\\/#\\\/schema\\\/logo\\\/image\\\/\"}}]}<\/script>\n<!-- \/ Yoast SEO plugin. -->","yoast_head_json":{"title":"Les Sables Friends - Golden Age Gym Festival","robots":{"index":"index","follow":"follow","max-snippet":"max-snippet:-1","max-image-preview":"max-image-preview:large","max-video-preview":"max-video-preview:-1"},"canonical":"https:\/\/goldenage2026.com\/fr\/les-sables-friends\/","og_locale":"fr_FR","og_type":"article","og_title":"Les Sables Friends - Golden Age Gym Festival","og_description":"A new friendship can be born ! In 2026, you will get the opportunity to share special moments with an unknown group. After the success met in 2024, European Gymnastics and the LOC of the Golden Age Gym Festival of Les Sables d\u2019Olonnewill link two groups from different countries to create a unique bond. While...","og_url":"https:\/\/goldenage2026.com\/fr\/les-sables-friends\/","og_site_name":"Golden Age Gym Festival","article_modified_time":"2026-01-30T10:52:19+00:00","og_image":[{"width":2560,"height":1707,"url":"https:\/\/goldenage2026.com\/wp-content\/uploads\/2026\/01\/sables-friends-edited-scaled.jpg","type":"image\/jpeg"}],"twitter_card":"summary_large_image","twitter_misc":{"Dur\u00e9e de lecture estim\u00e9e":"3 minutes"},"schema":{"@context":"https:\/\/schema.org","@graph":[{"@type":"WebPage","@id":"https:\/\/goldenage2026.com\/les-sables-friends\/","url":"https:\/\/goldenage2026.com\/les-sables-friends\/","name":"Les Sables Friends - Golden Age Gym Festival","isPartOf":{"@id":"https:\/\/goldenage2026.com\/#website"},"primaryImageOfPage":{"@id":"https:\/\/goldenage2026.com\/les-sables-friends\/#primaryimage"},"image":{"@id":"https:\/\/goldenage2026.com\/les-sables-friends\/#primaryimage"},"thumbnailUrl":"https:\/\/goldenage2026.com\/wp-content\/uploads\/2026\/01\/sables-friends-edited-scaled.jpg","datePublished":"2026-01-28T09:47:52+00:00","dateModified":"2026-01-30T10:52:19+00:00","breadcrumb":{"@id":"https:\/\/goldenage2026.com\/les-sables-friends\/#breadcrumb"},"inLanguage":"fr-FR","potentialAction":[{"@type":"ReadAction","target":["https:\/\/goldenage2026.com\/les-sables-friends\/"]}]},{"@type":"ImageObject","inLanguage":"fr-FR","@id":"https:\/\/goldenage2026.com\/les-sables-friends\/#primaryimage","url":"https:\/\/goldenage2026.com\/wp-content\/uploads\/2026\/01\/sables-friends-edited-scaled.jpg","contentUrl":"https:\/\/goldenage2026.com\/wp-content\/uploads\/2026\/01\/sables-friends-edited-scaled.jpg"},{"@type":"BreadcrumbList","@id":"https:\/\/goldenage2026.com\/les-sables-friends\/#breadcrumb","itemListElement":[{"@type":"ListItem","position":1,"name":"Accueil","item":"https:\/\/goldenage2026.com\/"},{"@type":"ListItem","position":2,"name":"Les Sables Friends"}]},{"@type":"WebSite","@id":"https:\/\/goldenage2026.com\/#website","url":"https:\/\/goldenage2026.com\/","name":"Golden Age Gym Festival","description":"The 10th edition of the GAGF in Les Sables d'Olonne","publisher":{"@id":"https:\/\/goldenage2026.com\/#organization"},"potentialAction":[{"@type":"SearchAction","target":{"@type":"EntryPoint","urlTemplate":"https:\/\/goldenage2026.com\/?s={search_term_string}"},"query-input":{"@type":"PropertyValueSpecification","valueRequired":true,"valueName":"search_term_string"}}],"inLanguage":"fr-FR"},{"@type":"Organization","@id":"https:\/\/goldenage2026.com\/#organization","name":"Golden Age Gym Festival","alternateName":"GAGF","url":"https:\/\/goldenage2026.com\/","logo":{"@type":"ImageObject","inLanguage":"fr-FR","@id":"https:\/\/goldenage2026.com\/#\/schema\/logo\/image\/","url":"https:\/\/goldenage2026.com\/wp-content\/uploads\/2025\/09\/Logo-siteweb-1.png","contentUrl":"https:\/\/goldenage2026.com\/wp-content\/uploads\/2025\/09\/Logo-siteweb-1.png","width":512,"height":512,"caption":"Golden Age Gym Festival"},"image":{"@id":"https:\/\/goldenage2026.com\/#\/schema\/logo\/image\/"}}]}},"_links":{"self":[{"href":"https:\/\/goldenage2026.com\/fr\/wp-json\/wp\/v2\/pages\/1060","targetHints":{"allow":["GET"]}}],"collection":[{"href":"https:\/\/goldenage2026.com\/fr\/wp-json\/wp\/v2\/pages"}],"about":[{"href":"https:\/\/goldenage2026.com\/fr\/wp-json\/wp\/v2\/types\/page"}],"author":[{"embeddable":true,"href":"https:\/\/goldenage2026.com\/fr\/wp-json\/wp\/v2\/users\/1"}],"replies":[{"embeddable":true,"href":"https:\/\/goldenage2026.com\/fr\/wp-json\/wp\/v2\/comments?post=1060"}],"version-history":[{"count":8,"href":"https:\/\/goldenage2026.com\/fr\/wp-json\/wp\/v2\/pages\/1060\/revisions"}],"predecessor-version":[{"id":1224,"href":"https:\/\/goldenage2026.com\/fr\/wp-json\/wp\/v2\/pages\/1060\/revisions\/1224"}],"wp:attachment":[{"href":"https:\/\/goldenage2026.com\/fr\/wp-json\/wp\/v2\/media?parent=1060"}],"curies":[{"name":"wp","href":"https:\/\/api.w.org\/{rel}","templated":true}]}}