{"id":1301,"date":"2026-04-09T12:31:37","date_gmt":"2026-04-09T12:31:37","guid":{"rendered":"https:\/\/goldenage2026.com\/?page_id=1301"},"modified":"2026-04-09T12:31:37","modified_gmt":"2026-04-09T12:31:37","slug":"benevoles","status":"publish","type":"page","link":"https:\/\/goldenage2026.com\/fr\/benevoles\/","title":{"rendered":"B\u00e9n\u00e9voles"},"content":{"rendered":"<div class=\"wp-block-group has-background is-layout-constrained wp-container-core-group-is-layout-ec469ab2 wp-block-group-is-layout-constrained\" style=\"border-style:none;border-width:0px;border-top-left-radius:30px;border-top-right-radius:30px;border-bottom-left-radius:30px;border-bottom-right-radius:30px;background-color:#14afde2b;padding-top:var(--wp--preset--spacing--80);padding-right:var(--wp--preset--spacing--40);padding-bottom:var(--wp--preset--spacing--80);padding-left:var(--wp--preset--spacing--40)\">\n<p>Envie de vivre une belle exp\u00e9rience humaine et de participer \u00e0 un \u00e9v\u00e9nement europ\u00e9en aux Sables-d\u2019Olonne, du 4 au 9 octobre 2026 ?<br>Pendant une semaine, plus de 2 000 participants venus de toute l\u2019Europe seront r\u00e9unis. Le Golden Age Gym Festival c&#8217;est avant tout des rencontres, de la convivialit\u00e9 et des moments de partage. <br>Pour que cet \u00e9v\u00e9nement soit une r\u00e9ussite, nous avons besoin de b\u00e9n\u00e9voles. Accueillir les participants, aider \u00e0 l\u2019organisation, accompagner les groupes\u2026 chacun peut trouver sa place selon ses disponibilit\u00e9s. <\/p>\n\n\n\n<div class=\"wp-block-columns is-layout-flex wp-container-core-columns-is-layout-28f84493 wp-block-columns-is-layout-flex\">\n<div class=\"wp-block-column is-layout-flow wp-block-column-is-layout-flow\" style=\"flex-basis:33.33%\">\n<div class=\"wp-block-cover is-light wp-duotone-unset-1\" style=\"min-height:433px;aspect-ratio:unset;\"><img loading=\"lazy\" decoding=\"async\" width=\"1024\" height=\"684\" class=\"wp-block-cover__image-background wp-image-1306 size-large\" alt=\"\" src=\"https:\/\/goldenage2026.com\/wp-content\/uploads\/2026\/04\/benevole-1024x684.jpg\" data-object-fit=\"cover\" srcset=\"https:\/\/goldenage2026.com\/wp-content\/uploads\/2026\/04\/benevole-1024x684.jpg 1024w, https:\/\/goldenage2026.com\/wp-content\/uploads\/2026\/04\/benevole-300x200.jpg 300w, https:\/\/goldenage2026.com\/wp-content\/uploads\/2026\/04\/benevole-768x513.jpg 768w, https:\/\/goldenage2026.com\/wp-content\/uploads\/2026\/04\/benevole-1536x1025.jpg 1536w, https:\/\/goldenage2026.com\/wp-content\/uploads\/2026\/04\/benevole-2048x1367.jpg 2048w, https:\/\/goldenage2026.com\/wp-content\/uploads\/2026\/04\/benevole-18x12.jpg 18w, https:\/\/goldenage2026.com\/wp-content\/uploads\/2026\/04\/benevole-200x134.jpg 200w\" sizes=\"auto, (max-width: 1024px) 100vw, 1024px\" \/><span aria-hidden=\"true\" class=\"wp-block-cover__background has-background-dim-0 has-background-dim\" style=\"background-color:#938b85\"><\/span><div class=\"wp-block-cover__inner-container is-layout-constrained wp-block-cover-is-layout-constrained\">\n<p><\/p>\n<\/div><\/div>\n<\/div>\n\n\n\n<div class=\"wp-block-column is-layout-flow wp-block-column-is-layout-flow\" style=\"flex-basis:66.66%\">\n<iframe loading=\"lazy\" width=\"640px\" height=\"480px\" src=\"https:\/\/forms.cloud.microsoft\/Pages\/ResponsePage.aspx?id=UxuHmSEXgESXQHxzOUk3mG6sLObvE-FHmPUN7CiJpWhURFdFMVFIQUhSSFcyVlpEMEZUN1BUTkVRWS4u&#038;embed=true\" frameborder=\"0\" marginwidth=\"0\" marginheight=\"0\" style=\"border: none; max-width:100%; max-height:100vh\" allowfullscreen webkitallowfullscreen mozallowfullscreen msallowfullscreen> <\/iframe>\n<\/div>\n<\/div>\n<\/div>","protected":false},"excerpt":{"rendered":"<p>Envie de vivre une belle exp\u00e9rience humaine et de participer \u00e0 un \u00e9v\u00e9nement europ\u00e9en aux Sables-d\u2019Olonne, du 4 au 9 octobre 2026 ?Pendant une semaine, plus de 2 000 participants venus de toute l\u2019Europe seront r\u00e9unis. Le Golden Age Gym Festival c&#8217;est avant tout des rencontres, de la convivialit\u00e9 et des moments de partage. Pour&#8230;<\/p>","protected":false},"author":1,"featured_media":0,"parent":0,"menu_order":0,"comment_status":"closed","ping_status":"closed","template":"","meta":{"footnotes":""},"class_list":["post-1301","page","type-page","status-publish","hentry"],"yoast_head":"<!-- This site is optimized with the Yoast SEO plugin v27.5 - https:\/\/yoast.com\/product\/yoast-seo-wordpress\/ -->\n<title>B\u00e9n\u00e9voles - Golden Age Gym Festival<\/title>\n<meta name=\"robots\" content=\"index, follow, max-snippet:-1, max-image-preview:large, max-video-preview:-1\" \/>\n<link rel=\"canonical\" href=\"https:\/\/goldenage2026.com\/fr\/benevoles\/\" \/>\n<meta property=\"og:locale\" content=\"fr_FR\" \/>\n<meta property=\"og:type\" content=\"article\" \/>\n<meta property=\"og:title\" content=\"B\u00e9n\u00e9voles - Golden Age Gym Festival\" \/>\n<meta property=\"og:description\" content=\"Envie de vivre une belle exp\u00e9rience humaine et de participer \u00e0 un \u00e9v\u00e9nement europ\u00e9en aux Sables-d\u2019Olonne, du 4 au 9 octobre 2026 ?Pendant une semaine, plus de 2 000 participants venus de toute l\u2019Europe seront r\u00e9unis. Le Golden Age Gym Festival c&#8217;est avant tout des rencontres, de la convivialit\u00e9 et des moments de partage. Pour...\" \/>\n<meta property=\"og:url\" content=\"https:\/\/goldenage2026.com\/fr\/benevoles\/\" \/>\n<meta property=\"og:site_name\" content=\"Golden Age Gym Festival\" \/>\n<meta property=\"og:image\" content=\"https:\/\/goldenage2026.com\/wp-content\/uploads\/2026\/04\/benevole-scaled.jpg\" \/>\n\t<meta property=\"og:image:width\" content=\"2560\" \/>\n\t<meta property=\"og:image:height\" content=\"1709\" \/>\n\t<meta property=\"og:image:type\" content=\"image\/jpeg\" \/>\n<meta name=\"twitter:card\" content=\"summary_large_image\" \/>\n<meta name=\"twitter:label1\" content=\"Dur\u00e9e de lecture estim\u00e9e\" \/>\n\t<meta name=\"twitter:data1\" content=\"1 minute\" \/>\n<script type=\"application\/ld+json\" class=\"yoast-schema-graph\">{\"@context\":\"https:\\\/\\\/schema.org\",\"@graph\":[{\"@type\":\"WebPage\",\"@id\":\"https:\\\/\\\/goldenage2026.com\\\/benevoles\\\/\",\"url\":\"https:\\\/\\\/goldenage2026.com\\\/benevoles\\\/\",\"name\":\"B\u00e9n\u00e9voles - Golden Age Gym Festival\",\"isPartOf\":{\"@id\":\"https:\\\/\\\/goldenage2026.com\\\/#website\"},\"primaryImageOfPage\":{\"@id\":\"https:\\\/\\\/goldenage2026.com\\\/benevoles\\\/#primaryimage\"},\"image\":{\"@id\":\"https:\\\/\\\/goldenage2026.com\\\/benevoles\\\/#primaryimage\"},\"thumbnailUrl\":\"https:\\\/\\\/goldenage2026.com\\\/wp-content\\\/uploads\\\/2026\\\/04\\\/benevole-1024x684.jpg\",\"datePublished\":\"2026-04-09T12:31:37+00:00\",\"breadcrumb\":{\"@id\":\"https:\\\/\\\/goldenage2026.com\\\/benevoles\\\/#breadcrumb\"},\"inLanguage\":\"fr-FR\",\"potentialAction\":[{\"@type\":\"ReadAction\",\"target\":[\"https:\\\/\\\/goldenage2026.com\\\/benevoles\\\/\"]}]},{\"@type\":\"ImageObject\",\"inLanguage\":\"fr-FR\",\"@id\":\"https:\\\/\\\/goldenage2026.com\\\/benevoles\\\/#primaryimage\",\"url\":\"https:\\\/\\\/goldenage2026.com\\\/wp-content\\\/uploads\\\/2026\\\/04\\\/benevole-1024x684.jpg\",\"contentUrl\":\"https:\\\/\\\/goldenage2026.com\\\/wp-content\\\/uploads\\\/2026\\\/04\\\/benevole-1024x684.jpg\"},{\"@type\":\"BreadcrumbList\",\"@id\":\"https:\\\/\\\/goldenage2026.com\\\/benevoles\\\/#breadcrumb\",\"itemListElement\":[{\"@type\":\"ListItem\",\"position\":1,\"name\":\"Accueil\",\"item\":\"https:\\\/\\\/goldenage2026.com\\\/\"},{\"@type\":\"ListItem\",\"position\":2,\"name\":\"B\u00e9n\u00e9voles\"}]},{\"@type\":\"WebSite\",\"@id\":\"https:\\\/\\\/goldenage2026.com\\\/#website\",\"url\":\"https:\\\/\\\/goldenage2026.com\\\/\",\"name\":\"Golden Age Gym Festival\",\"description\":\"The 10th edition of the GAGF in Les Sables d'Olonne\",\"publisher\":{\"@id\":\"https:\\\/\\\/goldenage2026.com\\\/#organization\"},\"potentialAction\":[{\"@type\":\"SearchAction\",\"target\":{\"@type\":\"EntryPoint\",\"urlTemplate\":\"https:\\\/\\\/goldenage2026.com\\\/?s={search_term_string}\"},\"query-input\":{\"@type\":\"PropertyValueSpecification\",\"valueRequired\":true,\"valueName\":\"search_term_string\"}}],\"inLanguage\":\"fr-FR\"},{\"@type\":\"Organization\",\"@id\":\"https:\\\/\\\/goldenage2026.com\\\/#organization\",\"name\":\"Golden Age Gym Festival\",\"alternateName\":\"GAGF\",\"url\":\"https:\\\/\\\/goldenage2026.com\\\/\",\"logo\":{\"@type\":\"ImageObject\",\"inLanguage\":\"fr-FR\",\"@id\":\"https:\\\/\\\/goldenage2026.com\\\/#\\\/schema\\\/logo\\\/image\\\/\",\"url\":\"https:\\\/\\\/goldenage2026.com\\\/wp-content\\\/uploads\\\/2025\\\/09\\\/Logo-siteweb-1.png\",\"contentUrl\":\"https:\\\/\\\/goldenage2026.com\\\/wp-content\\\/uploads\\\/2025\\\/09\\\/Logo-siteweb-1.png\",\"width\":512,\"height\":512,\"caption\":\"Golden Age Gym Festival\"},\"image\":{\"@id\":\"https:\\\/\\\/goldenage2026.com\\\/#\\\/schema\\\/logo\\\/image\\\/\"}}]}<\/script>\n<!-- \/ Yoast SEO plugin. -->","yoast_head_json":{"title":"B\u00e9n\u00e9voles - Golden Age Gym Festival","robots":{"index":"index","follow":"follow","max-snippet":"max-snippet:-1","max-image-preview":"max-image-preview:large","max-video-preview":"max-video-preview:-1"},"canonical":"https:\/\/goldenage2026.com\/fr\/benevoles\/","og_locale":"fr_FR","og_type":"article","og_title":"B\u00e9n\u00e9voles - Golden Age Gym Festival","og_description":"Envie de vivre une belle exp\u00e9rience humaine et de participer \u00e0 un \u00e9v\u00e9nement europ\u00e9en aux Sables-d\u2019Olonne, du 4 au 9 octobre 2026 ?Pendant une semaine, plus de 2 000 participants venus de toute l\u2019Europe seront r\u00e9unis. Le Golden Age Gym Festival c&#8217;est avant tout des rencontres, de la convivialit\u00e9 et des moments de partage. Pour...","og_url":"https:\/\/goldenage2026.com\/fr\/benevoles\/","og_site_name":"Golden Age Gym Festival","og_image":[{"width":2560,"height":1709,"url":"https:\/\/goldenage2026.com\/wp-content\/uploads\/2026\/04\/benevole-scaled.jpg","type":"image\/jpeg"}],"twitter_card":"summary_large_image","twitter_misc":{"Dur\u00e9e de lecture estim\u00e9e":"1 minute"},"schema":{"@context":"https:\/\/schema.org","@graph":[{"@type":"WebPage","@id":"https:\/\/goldenage2026.com\/benevoles\/","url":"https:\/\/goldenage2026.com\/benevoles\/","name":"B\u00e9n\u00e9voles - Golden Age Gym Festival","isPartOf":{"@id":"https:\/\/goldenage2026.com\/#website"},"primaryImageOfPage":{"@id":"https:\/\/goldenage2026.com\/benevoles\/#primaryimage"},"image":{"@id":"https:\/\/goldenage2026.com\/benevoles\/#primaryimage"},"thumbnailUrl":"https:\/\/goldenage2026.com\/wp-content\/uploads\/2026\/04\/benevole-1024x684.jpg","datePublished":"2026-04-09T12:31:37+00:00","breadcrumb":{"@id":"https:\/\/goldenage2026.com\/benevoles\/#breadcrumb"},"inLanguage":"fr-FR","potentialAction":[{"@type":"ReadAction","target":["https:\/\/goldenage2026.com\/benevoles\/"]}]},{"@type":"ImageObject","inLanguage":"fr-FR","@id":"https:\/\/goldenage2026.com\/benevoles\/#primaryimage","url":"https:\/\/goldenage2026.com\/wp-content\/uploads\/2026\/04\/benevole-1024x684.jpg","contentUrl":"https:\/\/goldenage2026.com\/wp-content\/uploads\/2026\/04\/benevole-1024x684.jpg"},{"@type":"BreadcrumbList","@id":"https:\/\/goldenage2026.com\/benevoles\/#breadcrumb","itemListElement":[{"@type":"ListItem","position":1,"name":"Accueil","item":"https:\/\/goldenage2026.com\/"},{"@type":"ListItem","position":2,"name":"B\u00e9n\u00e9voles"}]},{"@type":"WebSite","@id":"https:\/\/goldenage2026.com\/#website","url":"https:\/\/goldenage2026.com\/","name":"Golden Age Gym Festival","description":"The 10th edition of the GAGF in Les Sables d'Olonne","publisher":{"@id":"https:\/\/goldenage2026.com\/#organization"},"potentialAction":[{"@type":"SearchAction","target":{"@type":"EntryPoint","urlTemplate":"https:\/\/goldenage2026.com\/?s={search_term_string}"},"query-input":{"@type":"PropertyValueSpecification","valueRequired":true,"valueName":"search_term_string"}}],"inLanguage":"fr-FR"},{"@type":"Organization","@id":"https:\/\/goldenage2026.com\/#organization","name":"Golden Age Gym Festival","alternateName":"GAGF","url":"https:\/\/goldenage2026.com\/","logo":{"@type":"ImageObject","inLanguage":"fr-FR","@id":"https:\/\/goldenage2026.com\/#\/schema\/logo\/image\/","url":"https:\/\/goldenage2026.com\/wp-content\/uploads\/2025\/09\/Logo-siteweb-1.png","contentUrl":"https:\/\/goldenage2026.com\/wp-content\/uploads\/2025\/09\/Logo-siteweb-1.png","width":512,"height":512,"caption":"Golden Age Gym Festival"},"image":{"@id":"https:\/\/goldenage2026.com\/#\/schema\/logo\/image\/"}}]}},"jetpack_sharing_enabled":true,"_links":{"self":[{"href":"https:\/\/goldenage2026.com\/fr\/wp-json\/wp\/v2\/pages\/1301","targetHints":{"allow":["GET"]}}],"collection":[{"href":"https:\/\/goldenage2026.com\/fr\/wp-json\/wp\/v2\/pages"}],"about":[{"href":"https:\/\/goldenage2026.com\/fr\/wp-json\/wp\/v2\/types\/page"}],"author":[{"embeddable":true,"href":"https:\/\/goldenage2026.com\/fr\/wp-json\/wp\/v2\/users\/1"}],"replies":[{"embeddable":true,"href":"https:\/\/goldenage2026.com\/fr\/wp-json\/wp\/v2\/comments?post=1301"}],"version-history":[{"count":5,"href":"https:\/\/goldenage2026.com\/fr\/wp-json\/wp\/v2\/pages\/1301\/revisions"}],"predecessor-version":[{"id":1309,"href":"https:\/\/goldenage2026.com\/fr\/wp-json\/wp\/v2\/pages\/1301\/revisions\/1309"}],"wp:attachment":[{"href":"https:\/\/goldenage2026.com\/fr\/wp-json\/wp\/v2\/media?parent=1301"}],"curies":[{"name":"wp","href":"https:\/\/api.w.org\/{rel}","templated":true}]}}