{"id":518,"date":"2026-01-12T10:15:58","date_gmt":"2026-01-12T10:15:58","guid":{"rendered":"https:\/\/goldenage2026.com\/?page_id=518"},"modified":"2026-01-30T11:22:11","modified_gmt":"2026-01-30T11:22:11","slug":"services-2","status":"publish","type":"page","link":"https:\/\/goldenage2026.com\/fr\/services-2\/","title":{"rendered":"Services"},"content":{"rendered":"<div class=\"wp-block-columns is-style-default is-layout-flex wp-container-core-columns-is-layout-72e7d51d wp-block-columns-is-layout-flex\" style=\"margin-top:var(--wp--preset--spacing--20);margin-bottom:var(--wp--preset--spacing--20);padding-top:var(--wp--preset--spacing--20);padding-right:var(--wp--preset--spacing--20);padding-bottom:var(--wp--preset--spacing--20);padding-left:var(--wp--preset--spacing--20)\">\n<div class=\"wp-block-column is-layout-flow wp-block-column-is-layout-flow\" style=\"padding-top:0;padding-bottom:0;flex-basis:66.66%\">\n<div class=\"wp-block-cover aligncenter is-style-modestra-cover-modestra-translate-effect\" style=\"border-radius:30px;min-height:429px;aspect-ratio:unset;\"><img loading=\"lazy\" decoding=\"async\" width=\"683\" height=\"1024\" class=\"wp-block-cover__image-background wp-image-667 size-large\" alt=\"\" src=\"https:\/\/goldenage2026.com\/wp-content\/uploads\/2025\/12\/hotel-683x1024.jpg\" data-object-fit=\"cover\" srcset=\"https:\/\/goldenage2026.com\/wp-content\/uploads\/2025\/12\/hotel-683x1024.jpg 683w, https:\/\/goldenage2026.com\/wp-content\/uploads\/2025\/12\/hotel-200x300.jpg 200w, https:\/\/goldenage2026.com\/wp-content\/uploads\/2025\/12\/hotel-768x1152.jpg 768w, https:\/\/goldenage2026.com\/wp-content\/uploads\/2025\/12\/hotel-1024x1536.jpg 1024w, https:\/\/goldenage2026.com\/wp-content\/uploads\/2025\/12\/hotel-1365x2048.jpg 1365w, https:\/\/goldenage2026.com\/wp-content\/uploads\/2025\/12\/hotel-8x12.jpg 8w, https:\/\/goldenage2026.com\/wp-content\/uploads\/2025\/12\/hotel-scaled.jpg 1707w\" sizes=\"auto, (max-width: 683px) 100vw, 683px\" \/><span aria-hidden=\"true\" class=\"wp-block-cover__background has-custom-bleu-fonc-e-background-color has-background-dim-30 has-background-dim\"><\/span><div class=\"wp-block-cover__inner-container is-layout-flow wp-block-cover-is-layout-flow\">\n<h2 class=\"wp-block-heading has-text-align-left has-light-color-color has-text-color has-link-color has-large-font-size wp-elements-cc04066bb5c8e9556a9f41905d84a593\"><a href=\"https:\/\/goldenage2026.com\/fr\/accomodation\/\">H\u00e9bergement<\/a><\/h2>\n\n\n\n<p class=\"has-light-color-color has-text-color has-link-color wp-elements-4224765d472262a8fc14961cd5c5851f\" style=\"font-size:clamp(14px, 0.875rem + ((1vw - 3.2px) * 0.244), 18px);\">Toutes nos offres, adaptez \u00e0 tous vos besoins.<\/p>\n<\/div><\/div>\n<\/div>\n\n\n\n<div class=\"wp-block-column is-style-default is-layout-flow wp-container-core-column-is-layout-8a368f38 wp-block-column-is-layout-flow\" style=\"flex-basis:33.33%\">\n<div class=\"wp-block-cover is-style-modestra-cover-modestra-translate-effect\" style=\"border-radius:30px\" id=\"https:\/\/goldenage2026.com\/?page_id=523&amp;preview=true\"><img loading=\"lazy\" decoding=\"async\" width=\"1024\" height=\"683\" class=\"wp-block-cover__image-background wp-image-668 size-large\" alt=\"\" src=\"https:\/\/goldenage2026.com\/wp-content\/uploads\/2025\/12\/bus-1024x683.jpg\" data-object-fit=\"cover\" srcset=\"https:\/\/goldenage2026.com\/wp-content\/uploads\/2025\/12\/bus-1024x683.jpg 1024w, https:\/\/goldenage2026.com\/wp-content\/uploads\/2025\/12\/bus-300x200.jpg 300w, https:\/\/goldenage2026.com\/wp-content\/uploads\/2025\/12\/bus-768x512.jpg 768w, https:\/\/goldenage2026.com\/wp-content\/uploads\/2025\/12\/bus-1536x1024.jpg 1536w, https:\/\/goldenage2026.com\/wp-content\/uploads\/2025\/12\/bus-2048x1365.jpg 2048w, https:\/\/goldenage2026.com\/wp-content\/uploads\/2025\/12\/bus-18x12.jpg 18w, https:\/\/goldenage2026.com\/wp-content\/uploads\/2025\/12\/bus-200x133.jpg 200w\" sizes=\"auto, (max-width: 1024px) 100vw, 1024px\" \/><span aria-hidden=\"true\" class=\"wp-block-cover__background has-custom-bleu-fonc-e-background-color has-background-dim-20 has-background-dim\"><\/span><div class=\"wp-block-cover__inner-container is-layout-flow wp-block-cover-is-layout-flow\">\n<p><\/p>\n\n\n\n<h2 class=\"wp-block-heading has-text-align-left has-light-shade-color has-text-color has-link-color has-large-font-size wp-elements-b8e0c9cfe1a4e8d97a4e5928c8e9adb2\"><a href=\"https:\/\/goldenage2026.com\/fr\/transportation\/\">Transport<\/a><\/h2>\n\n\n\n<p style=\"font-size:clamp(14px, 0.875rem + ((1vw - 3.2px) * 0.244), 18px);\">On vous accompagne jusqu'aux Sables d'Olonne.<\/p>\n<\/div><\/div>\n<\/div>\n<\/div>\n\n\n\n<div class=\"wp-block-columns is-layout-flex wp-container-core-columns-is-layout-28f84493 wp-block-columns-is-layout-flex\">\n<div class=\"wp-block-column is-layout-flow wp-block-column-is-layout-flow\" style=\"flex-basis:33.33%\">\n<div class=\"wp-block-cover aligncenter is-light is-style-modestra-cover-modestra-translate-effect\" style=\"border-radius:30px;min-height:429px;aspect-ratio:unset;\"><img loading=\"lazy\" decoding=\"async\" width=\"1024\" height=\"683\" class=\"wp-block-cover__image-background wp-image-807 size-large\" alt=\"\" src=\"https:\/\/goldenage2026.com\/wp-content\/uploads\/2026\/01\/spa-1-1024x683.jpg\" data-object-fit=\"cover\" srcset=\"https:\/\/goldenage2026.com\/wp-content\/uploads\/2026\/01\/spa-1-1024x683.jpg 1024w, https:\/\/goldenage2026.com\/wp-content\/uploads\/2026\/01\/spa-1-300x200.jpg 300w, https:\/\/goldenage2026.com\/wp-content\/uploads\/2026\/01\/spa-1-768x513.jpg 768w, https:\/\/goldenage2026.com\/wp-content\/uploads\/2026\/01\/spa-1-1536x1025.jpg 1536w, https:\/\/goldenage2026.com\/wp-content\/uploads\/2026\/01\/spa-1-2048x1367.jpg 2048w, https:\/\/goldenage2026.com\/wp-content\/uploads\/2026\/01\/spa-1-18x12.jpg 18w, https:\/\/goldenage2026.com\/wp-content\/uploads\/2026\/01\/spa-1-200x133.jpg 200w\" sizes=\"auto, (max-width: 1024px) 100vw, 1024px\" \/><span aria-hidden=\"true\" class=\"wp-block-cover__background has-custom-bleu-fonc-e-background-color has-background-dim-30 has-background-dim\"><\/span><div class=\"wp-block-cover__inner-container is-layout-flow wp-block-cover-is-layout-flow\">\n<h2 class=\"wp-block-heading has-text-align-left has-light-color-color has-text-color has-link-color has-large-font-size wp-elements-b9a1c1d7de8853c475dfbc1d5999e95a\"><a href=\"https:\/\/www.destination-lessablesdolonne.co.uk\/golden-age-gymnastics\/\" target=\"_blank\" rel=\"noreferrer noopener\">Excursions touristiques<\/a><\/h2>\n\n\n\n<p class=\"has-light-color-color has-text-color has-link-color wp-elements-3810684b885b81803903e6661a52e85b\" style=\"font-size:clamp(14px, 0.875rem + ((1vw - 3.2px) * 0.244), 18px);\">D\u00e9couvrez toutes les offres propos\u00e9es par notre partenaire : l'Office de Tourisme des Sables d'Olonne.<\/p>\n<\/div><\/div>\n<\/div>\n\n\n\n<div class=\"wp-block-column is-layout-flow wp-block-column-is-layout-flow\" style=\"flex-basis:66.66%\">\n<div class=\"wp-block-cover aligncenter is-style-modestra-cover-modestra-translate-effect\" style=\"border-radius:30px;min-height:429px;aspect-ratio:unset;\"><img loading=\"lazy\" decoding=\"async\" width=\"1024\" height=\"683\" class=\"wp-block-cover__image-background wp-image-804 size-large\" alt=\"\" src=\"https:\/\/goldenage2026.com\/wp-content\/uploads\/2026\/01\/buffet-1024x683.jpg\" data-object-fit=\"cover\" srcset=\"https:\/\/goldenage2026.com\/wp-content\/uploads\/2026\/01\/buffet-1024x683.jpg 1024w, https:\/\/goldenage2026.com\/wp-content\/uploads\/2026\/01\/buffet-300x200.jpg 300w, https:\/\/goldenage2026.com\/wp-content\/uploads\/2026\/01\/buffet-768x512.jpg 768w, https:\/\/goldenage2026.com\/wp-content\/uploads\/2026\/01\/buffet-1536x1025.jpg 1536w, https:\/\/goldenage2026.com\/wp-content\/uploads\/2026\/01\/buffet-2048x1366.jpg 2048w, https:\/\/goldenage2026.com\/wp-content\/uploads\/2026\/01\/buffet-18x12.jpg 18w, https:\/\/goldenage2026.com\/wp-content\/uploads\/2026\/01\/buffet-200x133.jpg 200w\" sizes=\"auto, (max-width: 1024px) 100vw, 1024px\" \/><span aria-hidden=\"true\" class=\"wp-block-cover__background has-custom-bleu-fonc-e-background-color has-background-dim-30 has-background-dim\"><\/span><div class=\"wp-block-cover__inner-container is-layout-flow wp-block-cover-is-layout-flow\">\n<h2 class=\"wp-block-heading has-text-align-left has-light-color-color has-text-color has-link-color has-large-font-size wp-elements-eda2e5e9335b82eb96782fc076f56aae\"><a href=\"https:\/\/goldenage2026.com\/fr\/food\/\">Restauration<\/a><\/h2>\n\n\n\n<p class=\"has-light-color-color has-text-color has-link-color wp-elements-896b3b0a5eb8c7297af61baf93c1d244\" style=\"font-size:clamp(14px, 0.875rem + ((1vw - 3.2px) * 0.244), 18px);\">Pendant tout l'\u00e9v\u00e8nement, nous vous proposons des d\u00e9jeuners et d\u00eeners.<\/p>\n<\/div><\/div>\n<\/div>\n<\/div>","protected":false},"excerpt":{"rendered":"","protected":false},"author":1,"featured_media":0,"parent":0,"menu_order":0,"comment_status":"closed","ping_status":"closed","template":"","meta":{"footnotes":""},"class_list":["post-518","page","type-page","status-publish","hentry"],"yoast_head":"<!-- This site is optimized with the Yoast SEO plugin v27.4 - https:\/\/yoast.com\/product\/yoast-seo-wordpress\/ -->\n<title>Services - Golden Age Gym Festival<\/title>\n<meta name=\"robots\" content=\"index, follow, max-snippet:-1, max-image-preview:large, max-video-preview:-1\" \/>\n<link rel=\"canonical\" href=\"https:\/\/goldenage2026.com\/fr\/services-2\/\" \/>\n<meta property=\"og:locale\" content=\"fr_FR\" \/>\n<meta property=\"og:type\" content=\"article\" \/>\n<meta property=\"og:title\" content=\"Services - Golden Age Gym Festival\" \/>\n<meta property=\"og:url\" content=\"https:\/\/goldenage2026.com\/fr\/services-2\/\" \/>\n<meta property=\"og:site_name\" content=\"Golden Age Gym Festival\" \/>\n<meta property=\"article:modified_time\" content=\"2026-01-30T11:22:11+00:00\" \/>\n<meta property=\"og:image\" content=\"https:\/\/goldenage2026.com\/wp-content\/uploads\/2025\/12\/hotel-scaled.jpg\" \/>\n\t<meta property=\"og:image:width\" content=\"1707\" \/>\n\t<meta property=\"og:image:height\" content=\"2560\" \/>\n\t<meta property=\"og:image:type\" content=\"image\/jpeg\" \/>\n<meta name=\"twitter:card\" content=\"summary_large_image\" \/>\n<meta name=\"twitter:label1\" content=\"Dur\u00e9e de lecture estim\u00e9e\" \/>\n\t<meta name=\"twitter:data1\" content=\"2 minutes\" \/>\n<script type=\"application\/ld+json\" class=\"yoast-schema-graph\">{\"@context\":\"https:\\\/\\\/schema.org\",\"@graph\":[{\"@type\":\"WebPage\",\"@id\":\"https:\\\/\\\/goldenage2026.com\\\/services-2\\\/\",\"url\":\"https:\\\/\\\/goldenage2026.com\\\/services-2\\\/\",\"name\":\"Services - Golden Age Gym Festival\",\"isPartOf\":{\"@id\":\"https:\\\/\\\/goldenage2026.com\\\/#website\"},\"primaryImageOfPage\":{\"@id\":\"https:\\\/\\\/goldenage2026.com\\\/services-2\\\/#primaryimage\"},\"image\":{\"@id\":\"https:\\\/\\\/goldenage2026.com\\\/services-2\\\/#primaryimage\"},\"thumbnailUrl\":\"https:\\\/\\\/goldenage2026.com\\\/wp-content\\\/uploads\\\/2025\\\/12\\\/hotel-683x1024.jpg\",\"datePublished\":\"2026-01-12T10:15:58+00:00\",\"dateModified\":\"2026-01-30T11:22:11+00:00\",\"breadcrumb\":{\"@id\":\"https:\\\/\\\/goldenage2026.com\\\/services-2\\\/#breadcrumb\"},\"inLanguage\":\"fr-FR\",\"potentialAction\":[{\"@type\":\"ReadAction\",\"target\":[\"https:\\\/\\\/goldenage2026.com\\\/services-2\\\/\"]}]},{\"@type\":\"ImageObject\",\"inLanguage\":\"fr-FR\",\"@id\":\"https:\\\/\\\/goldenage2026.com\\\/services-2\\\/#primaryimage\",\"url\":\"https:\\\/\\\/goldenage2026.com\\\/wp-content\\\/uploads\\\/2025\\\/12\\\/hotel-683x1024.jpg\",\"contentUrl\":\"https:\\\/\\\/goldenage2026.com\\\/wp-content\\\/uploads\\\/2025\\\/12\\\/hotel-683x1024.jpg\"},{\"@type\":\"BreadcrumbList\",\"@id\":\"https:\\\/\\\/goldenage2026.com\\\/services-2\\\/#breadcrumb\",\"itemListElement\":[{\"@type\":\"ListItem\",\"position\":1,\"name\":\"Accueil\",\"item\":\"https:\\\/\\\/goldenage2026.com\\\/\"},{\"@type\":\"ListItem\",\"position\":2,\"name\":\"Services\"}]},{\"@type\":\"WebSite\",\"@id\":\"https:\\\/\\\/goldenage2026.com\\\/#website\",\"url\":\"https:\\\/\\\/goldenage2026.com\\\/\",\"name\":\"Golden Age Gym Festival\",\"description\":\"The 10th edition of the GAGF in Les Sables d'Olonne\",\"publisher\":{\"@id\":\"https:\\\/\\\/goldenage2026.com\\\/#organization\"},\"potentialAction\":[{\"@type\":\"SearchAction\",\"target\":{\"@type\":\"EntryPoint\",\"urlTemplate\":\"https:\\\/\\\/goldenage2026.com\\\/?s={search_term_string}\"},\"query-input\":{\"@type\":\"PropertyValueSpecification\",\"valueRequired\":true,\"valueName\":\"search_term_string\"}}],\"inLanguage\":\"fr-FR\"},{\"@type\":\"Organization\",\"@id\":\"https:\\\/\\\/goldenage2026.com\\\/#organization\",\"name\":\"Golden Age Gym Festival\",\"alternateName\":\"GAGF\",\"url\":\"https:\\\/\\\/goldenage2026.com\\\/\",\"logo\":{\"@type\":\"ImageObject\",\"inLanguage\":\"fr-FR\",\"@id\":\"https:\\\/\\\/goldenage2026.com\\\/#\\\/schema\\\/logo\\\/image\\\/\",\"url\":\"https:\\\/\\\/goldenage2026.com\\\/wp-content\\\/uploads\\\/2025\\\/09\\\/Logo-siteweb-1.png\",\"contentUrl\":\"https:\\\/\\\/goldenage2026.com\\\/wp-content\\\/uploads\\\/2025\\\/09\\\/Logo-siteweb-1.png\",\"width\":512,\"height\":512,\"caption\":\"Golden Age Gym Festival\"},\"image\":{\"@id\":\"https:\\\/\\\/goldenage2026.com\\\/#\\\/schema\\\/logo\\\/image\\\/\"}}]}<\/script>\n<!-- \/ Yoast SEO plugin. -->","yoast_head_json":{"title":"Services - Golden Age Gym Festival","robots":{"index":"index","follow":"follow","max-snippet":"max-snippet:-1","max-image-preview":"max-image-preview:large","max-video-preview":"max-video-preview:-1"},"canonical":"https:\/\/goldenage2026.com\/fr\/services-2\/","og_locale":"fr_FR","og_type":"article","og_title":"Services - Golden Age Gym Festival","og_url":"https:\/\/goldenage2026.com\/fr\/services-2\/","og_site_name":"Golden Age Gym Festival","article_modified_time":"2026-01-30T11:22:11+00:00","og_image":[{"width":1707,"height":2560,"url":"https:\/\/goldenage2026.com\/wp-content\/uploads\/2025\/12\/hotel-scaled.jpg","type":"image\/jpeg"}],"twitter_card":"summary_large_image","twitter_misc":{"Dur\u00e9e de lecture estim\u00e9e":"2 minutes"},"schema":{"@context":"https:\/\/schema.org","@graph":[{"@type":"WebPage","@id":"https:\/\/goldenage2026.com\/services-2\/","url":"https:\/\/goldenage2026.com\/services-2\/","name":"Services - Golden Age Gym Festival","isPartOf":{"@id":"https:\/\/goldenage2026.com\/#website"},"primaryImageOfPage":{"@id":"https:\/\/goldenage2026.com\/services-2\/#primaryimage"},"image":{"@id":"https:\/\/goldenage2026.com\/services-2\/#primaryimage"},"thumbnailUrl":"https:\/\/goldenage2026.com\/wp-content\/uploads\/2025\/12\/hotel-683x1024.jpg","datePublished":"2026-01-12T10:15:58+00:00","dateModified":"2026-01-30T11:22:11+00:00","breadcrumb":{"@id":"https:\/\/goldenage2026.com\/services-2\/#breadcrumb"},"inLanguage":"fr-FR","potentialAction":[{"@type":"ReadAction","target":["https:\/\/goldenage2026.com\/services-2\/"]}]},{"@type":"ImageObject","inLanguage":"fr-FR","@id":"https:\/\/goldenage2026.com\/services-2\/#primaryimage","url":"https:\/\/goldenage2026.com\/wp-content\/uploads\/2025\/12\/hotel-683x1024.jpg","contentUrl":"https:\/\/goldenage2026.com\/wp-content\/uploads\/2025\/12\/hotel-683x1024.jpg"},{"@type":"BreadcrumbList","@id":"https:\/\/goldenage2026.com\/services-2\/#breadcrumb","itemListElement":[{"@type":"ListItem","position":1,"name":"Accueil","item":"https:\/\/goldenage2026.com\/"},{"@type":"ListItem","position":2,"name":"Services"}]},{"@type":"WebSite","@id":"https:\/\/goldenage2026.com\/#website","url":"https:\/\/goldenage2026.com\/","name":"Golden Age Gym Festival","description":"The 10th edition of the GAGF in Les Sables d'Olonne","publisher":{"@id":"https:\/\/goldenage2026.com\/#organization"},"potentialAction":[{"@type":"SearchAction","target":{"@type":"EntryPoint","urlTemplate":"https:\/\/goldenage2026.com\/?s={search_term_string}"},"query-input":{"@type":"PropertyValueSpecification","valueRequired":true,"valueName":"search_term_string"}}],"inLanguage":"fr-FR"},{"@type":"Organization","@id":"https:\/\/goldenage2026.com\/#organization","name":"Golden Age Gym Festival","alternateName":"GAGF","url":"https:\/\/goldenage2026.com\/","logo":{"@type":"ImageObject","inLanguage":"fr-FR","@id":"https:\/\/goldenage2026.com\/#\/schema\/logo\/image\/","url":"https:\/\/goldenage2026.com\/wp-content\/uploads\/2025\/09\/Logo-siteweb-1.png","contentUrl":"https:\/\/goldenage2026.com\/wp-content\/uploads\/2025\/09\/Logo-siteweb-1.png","width":512,"height":512,"caption":"Golden Age Gym Festival"},"image":{"@id":"https:\/\/goldenage2026.com\/#\/schema\/logo\/image\/"}}]}},"_links":{"self":[{"href":"https:\/\/goldenage2026.com\/fr\/wp-json\/wp\/v2\/pages\/518","targetHints":{"allow":["GET"]}}],"collection":[{"href":"https:\/\/goldenage2026.com\/fr\/wp-json\/wp\/v2\/pages"}],"about":[{"href":"https:\/\/goldenage2026.com\/fr\/wp-json\/wp\/v2\/types\/page"}],"author":[{"embeddable":true,"href":"https:\/\/goldenage2026.com\/fr\/wp-json\/wp\/v2\/users\/1"}],"replies":[{"embeddable":true,"href":"https:\/\/goldenage2026.com\/fr\/wp-json\/wp\/v2\/comments?post=518"}],"version-history":[{"count":19,"href":"https:\/\/goldenage2026.com\/fr\/wp-json\/wp\/v2\/pages\/518\/revisions"}],"predecessor-version":[{"id":1235,"href":"https:\/\/goldenage2026.com\/fr\/wp-json\/wp\/v2\/pages\/518\/revisions\/1235"}],"wp:attachment":[{"href":"https:\/\/goldenage2026.com\/fr\/wp-json\/wp\/v2\/media?parent=518"}],"curies":[{"name":"wp","href":"https:\/\/api.w.org\/{rel}","templated":true}]}}