{"id":601,"date":"2026-01-12T09:41:03","date_gmt":"2026-01-12T09:41:03","guid":{"rendered":"https:\/\/goldenage2026.com\/?page_id=601"},"modified":"2026-01-29T16:05:06","modified_gmt":"2026-01-29T16:05:06","slug":"activities","status":"publish","type":"page","link":"https:\/\/goldenage2026.com\/fr\/activities\/","title":{"rendered":"Activit\u00e9s"},"content":{"rendered":"<div class=\"wp-block-columns is-style-default is-layout-flex wp-container-core-columns-is-layout-72e7d51d wp-block-columns-is-layout-flex\" style=\"margin-top:var(--wp--preset--spacing--20);margin-bottom:var(--wp--preset--spacing--20);padding-top:var(--wp--preset--spacing--20);padding-right:var(--wp--preset--spacing--20);padding-bottom:var(--wp--preset--spacing--20);padding-left:var(--wp--preset--spacing--20)\">\n<div class=\"wp-block-column is-layout-flow wp-block-column-is-layout-flow\" style=\"padding-top:0;padding-bottom:0;flex-basis:66.66%\">\n<div class=\"wp-block-cover aligncenter is-style-modestra-cover-modestra-translate-effect\" style=\"border-radius:30px;min-height:429px;aspect-ratio:unset;\" id=\"https:\/\/goldenage2026.com\/city-performances\/\"><img loading=\"lazy\" decoding=\"async\" width=\"1024\" height=\"683\" class=\"wp-block-cover__image-background wp-image-418 size-large\" alt=\"\" src=\"https:\/\/goldenage2026.com\/wp-content\/uploads\/2025\/10\/DSC4928-1-1024x683.jpg\" data-object-fit=\"cover\" srcset=\"https:\/\/goldenage2026.com\/wp-content\/uploads\/2025\/10\/DSC4928-1-1024x683.jpg 1024w, https:\/\/goldenage2026.com\/wp-content\/uploads\/2025\/10\/DSC4928-1-300x200.jpg 300w, https:\/\/goldenage2026.com\/wp-content\/uploads\/2025\/10\/DSC4928-1-768x512.jpg 768w, https:\/\/goldenage2026.com\/wp-content\/uploads\/2025\/10\/DSC4928-1-1536x1024.jpg 1536w, https:\/\/goldenage2026.com\/wp-content\/uploads\/2025\/10\/DSC4928-1-2048x1365.jpg 2048w, https:\/\/goldenage2026.com\/wp-content\/uploads\/2025\/10\/DSC4928-1-200x133.jpg 200w\" sizes=\"auto, (max-width: 1024px) 100vw, 1024px\" \/><span aria-hidden=\"true\" class=\"wp-block-cover__background has-background-dim\" style=\"background-color:#513131\"><\/span><div class=\"wp-block-cover__inner-container is-layout-flow wp-block-cover-is-layout-flow\">\n<h2 class=\"wp-block-heading has-text-align-left has-light-color-color has-text-color has-link-color has-large-font-size wp-elements-3bbc02ac689aecb8c79eac19afbd2b9a\"><a href=\"https:\/\/goldenage2026.com\/fr\/city-performances\/\">City Perfomances<\/a><\/h2>\n\n\n\n<p style=\"font-size:clamp(14px, 0.875rem + ((1vw - 3.2px) * 0.244), 18px);\">D\u00e9couvrez les sc\u00e8nes et toutes les informations techniques concernant les City Performances.<\/p>\n<\/div><\/div>\n<\/div>\n\n\n\n<div class=\"wp-block-column is-style-default is-layout-flow wp-container-core-column-is-layout-8a368f38 wp-block-column-is-layout-flow\" style=\"flex-basis:33.33%\">\n<div class=\"wp-block-cover is-style-modestra-cover-modestra-translate-effect\" style=\"border-radius:30px\" id=\"https:\/\/goldenage2026.com\/?page_id=523&amp;preview=true\"><img loading=\"lazy\" decoding=\"async\" width=\"1024\" height=\"683\" class=\"wp-block-cover__image-background wp-image-402\" alt=\"\" src=\"https:\/\/goldenage2026.com\/wp-content\/uploads\/2025\/10\/DSC8833-1024x683.jpg\" data-object-fit=\"cover\" srcset=\"https:\/\/goldenage2026.com\/wp-content\/uploads\/2025\/10\/DSC8833-1024x683.jpg 1024w, https:\/\/goldenage2026.com\/wp-content\/uploads\/2025\/10\/DSC8833-300x200.jpg 300w, https:\/\/goldenage2026.com\/wp-content\/uploads\/2025\/10\/DSC8833-768x512.jpg 768w, https:\/\/goldenage2026.com\/wp-content\/uploads\/2025\/10\/DSC8833-1536x1024.jpg 1536w, https:\/\/goldenage2026.com\/wp-content\/uploads\/2025\/10\/DSC8833-2048x1365.jpg 2048w, https:\/\/goldenage2026.com\/wp-content\/uploads\/2025\/10\/DSC8833-200x133.jpg 200w\" sizes=\"auto, (max-width: 1024px) 100vw, 1024px\" \/><span aria-hidden=\"true\" class=\"wp-block-cover__background has-background-dim\"><\/span><div class=\"wp-block-cover__inner-container is-layout-flow wp-block-cover-is-layout-flow\">\n<h2 class=\"wp-block-heading has-text-align-left has-light-shade-color has-text-color has-link-color has-large-font-size wp-elements-25323097aa0b36e6e83b02e178e72169\"><a href=\"https:\/\/goldenage2026.com\/fr\/workshops\/\">Workshops<\/a><\/h2>\n\n\n\n<p style=\"font-size:clamp(14px, 0.875rem + ((1vw - 3.2px) * 0.244), 18px);\">De la danse folklorique, des activit\u00e9s gymniques, aquatiques ou encore des jeux traditionnels, d\u00e9couvrez toutes nos workshops.<\/p>\n<\/div><\/div>\n<\/div>\n<\/div>\n\n\n\n<div class=\"wp-block-columns are-vertically-aligned-center is-style-default is-layout-flex wp-container-core-columns-is-layout-72e7d51d wp-block-columns-is-layout-flex\" style=\"margin-top:var(--wp--preset--spacing--20);margin-bottom:var(--wp--preset--spacing--20);padding-top:var(--wp--preset--spacing--20);padding-right:var(--wp--preset--spacing--20);padding-bottom:var(--wp--preset--spacing--20);padding-left:var(--wp--preset--spacing--20)\">\n<div class=\"wp-block-column is-vertically-aligned-center is-layout-flow wp-block-column-is-layout-flow\" style=\"padding-top:0;padding-bottom:0;flex-basis:33.33%\">\n<div class=\"wp-block-cover aligncenter is-style-modestra-cover-modestra-translate-effect\" style=\"border-radius:30px;min-height:429px;aspect-ratio:unset;\"><img loading=\"lazy\" decoding=\"async\" width=\"1024\" height=\"683\" class=\"wp-block-cover__image-background wp-image-529 size-large\" alt=\"\" src=\"https:\/\/goldenage2026.com\/wp-content\/uploads\/2025\/11\/DSC0954-1024x683.jpg\" data-object-fit=\"cover\" srcset=\"https:\/\/goldenage2026.com\/wp-content\/uploads\/2025\/11\/DSC0954-1024x683.jpg 1024w, https:\/\/goldenage2026.com\/wp-content\/uploads\/2025\/11\/DSC0954-300x200.jpg 300w, https:\/\/goldenage2026.com\/wp-content\/uploads\/2025\/11\/DSC0954-768x512.jpg 768w, https:\/\/goldenage2026.com\/wp-content\/uploads\/2025\/11\/DSC0954-1536x1024.jpg 1536w, https:\/\/goldenage2026.com\/wp-content\/uploads\/2025\/11\/DSC0954-2048x1365.jpg 2048w, https:\/\/goldenage2026.com\/wp-content\/uploads\/2025\/11\/DSC0954-200x133.jpg 200w\" sizes=\"auto, (max-width: 1024px) 100vw, 1024px\" \/><span aria-hidden=\"true\" class=\"wp-block-cover__background has-background-dim\" style=\"background-color:#827b73\"><\/span><div class=\"wp-block-cover__inner-container is-layout-flow wp-block-cover-is-layout-flow\">\n<h2 class=\"wp-block-heading has-text-align-left has-light-color-color has-text-color has-link-color has-large-font-size wp-elements-870c2e65b832749d284370a5b936a59a\"><a href=\"https:\/\/goldenage2026.com\/fr\/?page_id=527&amp;preview=true\">Parade et c\u00e9r\u00e9monies<\/a><\/h2>\n\n\n\n<p style=\"font-size:clamp(14px, 0.875rem + ((1vw - 3.2px) * 0.244), 18px);\">D\u00e9ambulez \u00e0 travers les rues des Sables d'Olonne, o\u00f9 de nombreuses surprises vous attendent.<\/p>\n<\/div><\/div>\n<\/div>\n\n\n\n<div class=\"wp-block-column is-layout-flow wp-block-column-is-layout-flow\" style=\"flex-basis:33.33%\">\n<div class=\"wp-block-cover aligncenter is-style-modestra-cover-modestra-translate-effect\" style=\"border-radius:30px;min-height:429px;aspect-ratio:unset;\"><img loading=\"lazy\" decoding=\"async\" width=\"1024\" height=\"576\" class=\"wp-block-cover__image-background wp-image-1052 size-large\" alt=\"\" src=\"https:\/\/goldenage2026.com\/wp-content\/uploads\/2026\/01\/forum-1024x576.jpg\" data-object-fit=\"cover\" srcset=\"https:\/\/goldenage2026.com\/wp-content\/uploads\/2026\/01\/forum-1024x576.jpg 1024w, https:\/\/goldenage2026.com\/wp-content\/uploads\/2026\/01\/forum-300x169.jpg 300w, https:\/\/goldenage2026.com\/wp-content\/uploads\/2026\/01\/forum-768x432.jpg 768w, https:\/\/goldenage2026.com\/wp-content\/uploads\/2026\/01\/forum-1536x864.jpg 1536w, https:\/\/goldenage2026.com\/wp-content\/uploads\/2026\/01\/forum-2048x1152.jpg 2048w, https:\/\/goldenage2026.com\/wp-content\/uploads\/2026\/01\/forum-18x10.jpg 18w, https:\/\/goldenage2026.com\/wp-content\/uploads\/2026\/01\/forum-200x113.jpg 200w\" sizes=\"auto, (max-width: 1024px) 100vw, 1024px\" \/><span aria-hidden=\"true\" class=\"wp-block-cover__background has-background-dim\" style=\"background-color:#262423\"><\/span><div class=\"wp-block-cover__inner-container is-layout-flow wp-block-cover-is-layout-flow\">\n<h2 class=\"wp-block-heading has-text-align-left has-light-color-color has-text-color has-link-color has-large-font-size wp-elements-39b969d9a7e4f5f1e2b7ea5edefb1034\"><a href=\"https:\/\/goldenage2026.com\/fr\/forum\/\">Forum<\/a><\/h2>\n\n\n\n<p style=\"font-size:clamp(14px, 0.875rem + ((1vw - 3.2px) * 0.244), 18px);\">Gym Sant\u00e9 : continuer de bouger pour bien vieillir.<\/p>\n<\/div><\/div>\n<\/div>\n\n\n\n<div class=\"wp-block-column is-layout-flow wp-block-column-is-layout-flow\" style=\"flex-basis:33.33%\">\n<div class=\"wp-block-cover aligncenter is-style-modestra-cover-modestra-translate-effect\" style=\"border-radius:30px;min-height:429px;aspect-ratio:unset;\"><img loading=\"lazy\" decoding=\"async\" width=\"1024\" height=\"683\" class=\"wp-block-cover__image-background wp-image-1050 size-large\" alt=\"\" src=\"https:\/\/goldenage2026.com\/wp-content\/uploads\/2026\/01\/sables-friends-1024x683.jpg\" data-object-fit=\"cover\" srcset=\"https:\/\/goldenage2026.com\/wp-content\/uploads\/2026\/01\/sables-friends-1024x683.jpg 1024w, https:\/\/goldenage2026.com\/wp-content\/uploads\/2026\/01\/sables-friends-300x200.jpg 300w, https:\/\/goldenage2026.com\/wp-content\/uploads\/2026\/01\/sables-friends-768x512.jpg 768w, https:\/\/goldenage2026.com\/wp-content\/uploads\/2026\/01\/sables-friends-1536x1024.jpg 1536w, https:\/\/goldenage2026.com\/wp-content\/uploads\/2026\/01\/sables-friends-2048x1365.jpg 2048w, https:\/\/goldenage2026.com\/wp-content\/uploads\/2026\/01\/sables-friends-18x12.jpg 18w, https:\/\/goldenage2026.com\/wp-content\/uploads\/2026\/01\/sables-friends-200x133.jpg 200w\" sizes=\"auto, (max-width: 1024px) 100vw, 1024px\" \/><span aria-hidden=\"true\" class=\"wp-block-cover__background has-background-dim\" style=\"background-color:#3d3434\"><\/span><div class=\"wp-block-cover__inner-container is-layout-flow wp-block-cover-is-layout-flow\">\n<h2 class=\"wp-block-heading has-text-align-left has-light-color-color has-text-color has-link-color has-large-font-size wp-elements-e6c074078d60eae89ad70a8cadaafac7\"><a href=\"https:\/\/goldenage2026.com\/fr\/les-sables-friends\/\">Les Sables Friends<\/a><\/h2>\n\n\n\n<p style=\"font-size:clamp(14px, 0.875rem + ((1vw - 3.2px) * 0.244), 18px);\">Une nouvelle amiti\u00e9 peut na\u00eetre.<\/p>\n<\/div><\/div>\n<\/div>\n<\/div>\n\n\n\n<p><\/p>","protected":false},"excerpt":{"rendered":"","protected":false},"author":1,"featured_media":0,"parent":0,"menu_order":0,"comment_status":"closed","ping_status":"closed","template":"","meta":{"footnotes":""},"class_list":["post-601","page","type-page","status-publish","hentry"],"yoast_head":"<!-- This site is optimized with the Yoast SEO plugin v27.4 - https:\/\/yoast.com\/product\/yoast-seo-wordpress\/ -->\n<title>Activities - Golden Age Gym Festival<\/title>\n<meta name=\"robots\" content=\"index, follow, max-snippet:-1, max-image-preview:large, max-video-preview:-1\" \/>\n<link rel=\"canonical\" href=\"https:\/\/goldenage2026.com\/fr\/activities\/\" \/>\n<meta property=\"og:locale\" content=\"fr_FR\" \/>\n<meta property=\"og:type\" content=\"article\" \/>\n<meta property=\"og:title\" content=\"Activities - Golden Age Gym Festival\" \/>\n<meta property=\"og:url\" content=\"https:\/\/goldenage2026.com\/fr\/activities\/\" \/>\n<meta property=\"og:site_name\" content=\"Golden Age Gym Festival\" \/>\n<meta property=\"article:modified_time\" content=\"2026-01-29T16:05:06+00:00\" \/>\n<meta property=\"og:image\" content=\"https:\/\/goldenage2026.com\/wp-content\/uploads\/2025\/10\/DSC4928-1-scaled.jpg\" \/>\n\t<meta property=\"og:image:width\" content=\"2560\" \/>\n\t<meta property=\"og:image:height\" content=\"1706\" \/>\n\t<meta property=\"og:image:type\" content=\"image\/jpeg\" \/>\n<meta name=\"twitter:card\" content=\"summary_large_image\" \/>\n<meta name=\"twitter:label1\" content=\"Dur\u00e9e de lecture estim\u00e9e\" \/>\n\t<meta name=\"twitter:data1\" content=\"2 minutes\" \/>\n<script type=\"application\/ld+json\" class=\"yoast-schema-graph\">{\"@context\":\"https:\\\/\\\/schema.org\",\"@graph\":[{\"@type\":\"WebPage\",\"@id\":\"https:\\\/\\\/goldenage2026.com\\\/activities\\\/\",\"url\":\"https:\\\/\\\/goldenage2026.com\\\/activities\\\/\",\"name\":\"Activities - Golden Age Gym Festival\",\"isPartOf\":{\"@id\":\"https:\\\/\\\/goldenage2026.com\\\/#website\"},\"primaryImageOfPage\":{\"@id\":\"https:\\\/\\\/goldenage2026.com\\\/activities\\\/#primaryimage\"},\"image\":{\"@id\":\"https:\\\/\\\/goldenage2026.com\\\/activities\\\/#primaryimage\"},\"thumbnailUrl\":\"https:\\\/\\\/goldenage2026.com\\\/wp-content\\\/uploads\\\/2025\\\/10\\\/DSC4928-1-1024x683.jpg\",\"datePublished\":\"2026-01-12T09:41:03+00:00\",\"dateModified\":\"2026-01-29T16:05:06+00:00\",\"breadcrumb\":{\"@id\":\"https:\\\/\\\/goldenage2026.com\\\/activities\\\/#breadcrumb\"},\"inLanguage\":\"fr-FR\",\"potentialAction\":[{\"@type\":\"ReadAction\",\"target\":[\"https:\\\/\\\/goldenage2026.com\\\/activities\\\/\"]}]},{\"@type\":\"ImageObject\",\"inLanguage\":\"fr-FR\",\"@id\":\"https:\\\/\\\/goldenage2026.com\\\/activities\\\/#primaryimage\",\"url\":\"https:\\\/\\\/goldenage2026.com\\\/wp-content\\\/uploads\\\/2025\\\/10\\\/DSC4928-1-1024x683.jpg\",\"contentUrl\":\"https:\\\/\\\/goldenage2026.com\\\/wp-content\\\/uploads\\\/2025\\\/10\\\/DSC4928-1-1024x683.jpg\"},{\"@type\":\"BreadcrumbList\",\"@id\":\"https:\\\/\\\/goldenage2026.com\\\/activities\\\/#breadcrumb\",\"itemListElement\":[{\"@type\":\"ListItem\",\"position\":1,\"name\":\"Accueil\",\"item\":\"https:\\\/\\\/goldenage2026.com\\\/\"},{\"@type\":\"ListItem\",\"position\":2,\"name\":\"Activities\"}]},{\"@type\":\"WebSite\",\"@id\":\"https:\\\/\\\/goldenage2026.com\\\/#website\",\"url\":\"https:\\\/\\\/goldenage2026.com\\\/\",\"name\":\"Golden Age Gym Festival\",\"description\":\"The 10th edition of the GAGF in Les Sables d'Olonne\",\"publisher\":{\"@id\":\"https:\\\/\\\/goldenage2026.com\\\/#organization\"},\"potentialAction\":[{\"@type\":\"SearchAction\",\"target\":{\"@type\":\"EntryPoint\",\"urlTemplate\":\"https:\\\/\\\/goldenage2026.com\\\/?s={search_term_string}\"},\"query-input\":{\"@type\":\"PropertyValueSpecification\",\"valueRequired\":true,\"valueName\":\"search_term_string\"}}],\"inLanguage\":\"fr-FR\"},{\"@type\":\"Organization\",\"@id\":\"https:\\\/\\\/goldenage2026.com\\\/#organization\",\"name\":\"Golden Age Gym Festival\",\"alternateName\":\"GAGF\",\"url\":\"https:\\\/\\\/goldenage2026.com\\\/\",\"logo\":{\"@type\":\"ImageObject\",\"inLanguage\":\"fr-FR\",\"@id\":\"https:\\\/\\\/goldenage2026.com\\\/#\\\/schema\\\/logo\\\/image\\\/\",\"url\":\"https:\\\/\\\/goldenage2026.com\\\/wp-content\\\/uploads\\\/2025\\\/09\\\/Logo-siteweb-1.png\",\"contentUrl\":\"https:\\\/\\\/goldenage2026.com\\\/wp-content\\\/uploads\\\/2025\\\/09\\\/Logo-siteweb-1.png\",\"width\":512,\"height\":512,\"caption\":\"Golden Age Gym Festival\"},\"image\":{\"@id\":\"https:\\\/\\\/goldenage2026.com\\\/#\\\/schema\\\/logo\\\/image\\\/\"}}]}<\/script>\n<!-- \/ Yoast SEO plugin. -->","yoast_head_json":{"title":"Activities - Golden Age Gym Festival","robots":{"index":"index","follow":"follow","max-snippet":"max-snippet:-1","max-image-preview":"max-image-preview:large","max-video-preview":"max-video-preview:-1"},"canonical":"https:\/\/goldenage2026.com\/fr\/activities\/","og_locale":"fr_FR","og_type":"article","og_title":"Activities - Golden Age Gym Festival","og_url":"https:\/\/goldenage2026.com\/fr\/activities\/","og_site_name":"Golden Age Gym Festival","article_modified_time":"2026-01-29T16:05:06+00:00","og_image":[{"width":2560,"height":1706,"url":"https:\/\/goldenage2026.com\/wp-content\/uploads\/2025\/10\/DSC4928-1-scaled.jpg","type":"image\/jpeg"}],"twitter_card":"summary_large_image","twitter_misc":{"Dur\u00e9e de lecture estim\u00e9e":"2 minutes"},"schema":{"@context":"https:\/\/schema.org","@graph":[{"@type":"WebPage","@id":"https:\/\/goldenage2026.com\/activities\/","url":"https:\/\/goldenage2026.com\/activities\/","name":"Activities - Golden Age Gym Festival","isPartOf":{"@id":"https:\/\/goldenage2026.com\/#website"},"primaryImageOfPage":{"@id":"https:\/\/goldenage2026.com\/activities\/#primaryimage"},"image":{"@id":"https:\/\/goldenage2026.com\/activities\/#primaryimage"},"thumbnailUrl":"https:\/\/goldenage2026.com\/wp-content\/uploads\/2025\/10\/DSC4928-1-1024x683.jpg","datePublished":"2026-01-12T09:41:03+00:00","dateModified":"2026-01-29T16:05:06+00:00","breadcrumb":{"@id":"https:\/\/goldenage2026.com\/activities\/#breadcrumb"},"inLanguage":"fr-FR","potentialAction":[{"@type":"ReadAction","target":["https:\/\/goldenage2026.com\/activities\/"]}]},{"@type":"ImageObject","inLanguage":"fr-FR","@id":"https:\/\/goldenage2026.com\/activities\/#primaryimage","url":"https:\/\/goldenage2026.com\/wp-content\/uploads\/2025\/10\/DSC4928-1-1024x683.jpg","contentUrl":"https:\/\/goldenage2026.com\/wp-content\/uploads\/2025\/10\/DSC4928-1-1024x683.jpg"},{"@type":"BreadcrumbList","@id":"https:\/\/goldenage2026.com\/activities\/#breadcrumb","itemListElement":[{"@type":"ListItem","position":1,"name":"Accueil","item":"https:\/\/goldenage2026.com\/"},{"@type":"ListItem","position":2,"name":"Activities"}]},{"@type":"WebSite","@id":"https:\/\/goldenage2026.com\/#website","url":"https:\/\/goldenage2026.com\/","name":"Golden Age Gym Festival","description":"The 10th edition of the GAGF in Les Sables d'Olonne","publisher":{"@id":"https:\/\/goldenage2026.com\/#organization"},"potentialAction":[{"@type":"SearchAction","target":{"@type":"EntryPoint","urlTemplate":"https:\/\/goldenage2026.com\/?s={search_term_string}"},"query-input":{"@type":"PropertyValueSpecification","valueRequired":true,"valueName":"search_term_string"}}],"inLanguage":"fr-FR"},{"@type":"Organization","@id":"https:\/\/goldenage2026.com\/#organization","name":"Golden Age Gym Festival","alternateName":"GAGF","url":"https:\/\/goldenage2026.com\/","logo":{"@type":"ImageObject","inLanguage":"fr-FR","@id":"https:\/\/goldenage2026.com\/#\/schema\/logo\/image\/","url":"https:\/\/goldenage2026.com\/wp-content\/uploads\/2025\/09\/Logo-siteweb-1.png","contentUrl":"https:\/\/goldenage2026.com\/wp-content\/uploads\/2025\/09\/Logo-siteweb-1.png","width":512,"height":512,"caption":"Golden Age Gym Festival"},"image":{"@id":"https:\/\/goldenage2026.com\/#\/schema\/logo\/image\/"}}]}},"_links":{"self":[{"href":"https:\/\/goldenage2026.com\/fr\/wp-json\/wp\/v2\/pages\/601","targetHints":{"allow":["GET"]}}],"collection":[{"href":"https:\/\/goldenage2026.com\/fr\/wp-json\/wp\/v2\/pages"}],"about":[{"href":"https:\/\/goldenage2026.com\/fr\/wp-json\/wp\/v2\/types\/page"}],"author":[{"embeddable":true,"href":"https:\/\/goldenage2026.com\/fr\/wp-json\/wp\/v2\/users\/1"}],"replies":[{"embeddable":true,"href":"https:\/\/goldenage2026.com\/fr\/wp-json\/wp\/v2\/comments?post=601"}],"version-history":[{"count":18,"href":"https:\/\/goldenage2026.com\/fr\/wp-json\/wp\/v2\/pages\/601\/revisions"}],"predecessor-version":[{"id":1154,"href":"https:\/\/goldenage2026.com\/fr\/wp-json\/wp\/v2\/pages\/601\/revisions\/1154"}],"wp:attachment":[{"href":"https:\/\/goldenage2026.com\/fr\/wp-json\/wp\/v2\/media?parent=601"}],"curies":[{"name":"wp","href":"https:\/\/api.w.org\/{rel}","templated":true}]}}