{"id":813,"date":"2026-01-19T11:39:11","date_gmt":"2026-01-19T11:39:11","guid":{"rendered":"https:\/\/goldenage2026.com\/?page_id=813"},"modified":"2026-03-09T15:52:01","modified_gmt":"2026-03-09T15:52:01","slug":"accomodation","status":"publish","type":"page","link":"https:\/\/goldenage2026.com\/fr\/accomodation\/","title":{"rendered":"H\u00e9bergement"},"content":{"rendered":"<p><\/p>\n\n\n\n<p>Pour bien organiser votre s\u00e9jour en toute tranquillit\u00e9 aux Sables d\u2019Olonne, le Comit\u00e9 d\u2019Organisation Local (COL) a pris le soin de s\u00e9lectionner les meilleurs h\u00f4tels de la ville. \n\nAdapt\u00e9e \u00e0 vos envies et vos besoins, nous proposons une offre vari\u00e9e d\u2019h\u00e9bergements dont vous retrouverez toutes les informations dans le PDF ci-dessous.<br><br>Pour toute demande de r\u00e9servation, merci de vous rapprocher de votre F\u00e9d\u00e9ration Nationale.<\/p>\n\n\n\n<div class=\"wp-block-group has-background is-layout-constrained wp-block-group-is-layout-constrained\" style=\"border-style:none;border-width:0px;border-top-left-radius:30px;border-top-right-radius:30px;border-bottom-left-radius:30px;border-bottom-right-radius:30px;background-color:#eb525f40\">\n<h4 class=\"wp-block-heading has-custom-bleu-fonc-e-color has-text-color has-link-color wp-elements-233a60b6f946d84ac74273a9da625e2b\" style=\"margin-top:0;margin-right:0;margin-bottom:0;margin-left:0;padding-top:var(--wp--preset--spacing--40);padding-right:0;padding-bottom:0;padding-left:0\">Un nouvel h\u00f4tel est disponible<\/h4>\n\n\n\n<div class=\"wp-block-columns is-layout-flex wp-container-core-columns-is-layout-28f84493 wp-block-columns-is-layout-flex\">\n<div class=\"wp-block-column is-layout-flow wp-block-column-is-layout-flow\" style=\"flex-basis:100%\">\n<div class=\"wp-block-columns is-layout-flex wp-container-core-columns-is-layout-b8d85397 wp-block-columns-is-layout-flex\" style=\"margin-top:0;margin-bottom:0;padding-top:0;padding-bottom:0\">\n<div class=\"wp-block-column is-layout-flow wp-block-column-is-layout-flow\" style=\"flex-basis:80%\">\n<p style=\"margin-top:0;margin-bottom:0;padding-top:0;padding-bottom:0\">De nouvelles offres d'h\u00e9bergement sont d\u00e8s \u00e0 pr\u00e9sent disponibles. Pour plus d'information, cliquez ici.<br><\/p>\n<\/div>\n\n\n\n<div class=\"wp-block-column is-layout-flow wp-block-column-is-layout-flow\" style=\"flex-basis:20%\">\n<div class=\"wp-block-buttons is-layout-flex wp-block-buttons-is-layout-flex\">\n<div class=\"wp-block-button is-style-fill\"><a class=\"wp-block-button__link has-white-color has-custom-bleu-fonc-e-background-color has-text-color has-background has-link-color has-x-small-font-size has-custom-font-size wp-element-button\" href=\"https:\/\/goldenage2026.com\/wp-content\/uploads\/2026\/03\/Golden_Age_Gym_Festival_-_New_hotel_-_Public_Version.pdf\" style=\"border-top-left-radius:30px;border-top-right-radius:30px;border-bottom-left-radius:30px;border-bottom-right-radius:30px;font-style:normal;font-weight:400\" target=\"_blank\" rel=\"noreferrer noopener\">Nouvel h\u00e9bergement<\/a><\/div>\n<\/div>\n<\/div>\n<\/div>\n<\/div>\n<\/div>\n<\/div>\n\n\n\n<div data-wp-interactive=\"core\/file\" class=\"wp-block-file\"><object data-wp-bind--hidden=\"!state.hasPdfPreview\" hidden class=\"wp-block-file__embed\" data=\"https:\/\/goldenage2026.com\/wp-content\/uploads\/2026\/02\/Golden-Age-Gym-Festival-Hotel-informations-Public-Version.pdf\" type=\"application\/pdf\" style=\"width:100%;height:600px\" aria-label=\"Contenu embarqu\u00e9 Golden Age Gym Festival - Hotel informations - Public Version.\"><\/object><a id=\"wp-block-file--media-76c4d811-6926-43ed-9eed-af1bb564d361\" href=\"https:\/\/goldenage2026.com\/wp-content\/uploads\/2026\/02\/Golden-Age-Gym-Festival-Hotel-informations-Public-Version.pdf\">Golden Age Gym Festival &#8211; Hotel informations &#8211; Public Version<\/a><a href=\"https:\/\/goldenage2026.com\/wp-content\/uploads\/2026\/02\/Golden-Age-Gym-Festival-Hotel-informations-Public-Version.pdf\" class=\"wp-block-file__button wp-element-button\" download aria-describedby=\"wp-block-file--media-76c4d811-6926-43ed-9eed-af1bb564d361\">T\u00e9l\u00e9charger<\/a><\/div>\n\n\n\n<p>Le nombre de chambres peut \u00eatre limit\u00e9 dans certains h\u00f4tels, mais le comit\u00e9 d'organisation local vous aidera \u00e0 trouver une autre solution pour vos participants. Tous les tarifs comprennent le petit-d\u00e9jeuner et les taxes de s\u00e9jour (sauf indication contraire). Apr\u00e8s la demande de r\u00e9servation, le devis sera valable pendant 14 jours. Apr\u00e8s validation du devis, le participant disposera de 30 jours pour envoyer le paiement int\u00e9gral afin de r\u00e9server les chambres et les services. Une f\u00e9d\u00e9ration nationale est autoris\u00e9e \u00e0 effectuer plusieurs r\u00e9servations si n\u00e9cessaire.<\/p>\n\n\n\n<p class=\"translation-block\"><strong>Politique d'annulation <br><\/strong>\nAvant le 16 mars 2026 \u2192 la r\u00e9servation peut \u00eatre annul\u00e9e sans frais d'annulation. \nDu 16 mars au 30 avril 2026 \u2192 des frais d'annulation de 50 % seront factur\u00e9s pour toute annulation + 25 \u20ac non remboursables. <br>\nApr\u00e8s le 30 avril 2026 \u2192 aucun remboursement ne sera effectu\u00e9.<\/p>\n\n\n\n<p class=\"translation-block\"><strong>Informations sur les transports locaux<br><\/strong>Les transports locaux sont inclus dans la carte d'accr\u00e9ditation pour tous les participants, du d\u00e9but (vers 7 h) \u00e0 la fin (vers 19 h 30) des horaires de service public. <br>Un service sp\u00e9cial vers les h\u00f4tels officiels sera propos\u00e9 par le COL apr\u00e8s la fin du service public, jusqu'\u00e0 environ 23 h, aux participants ayant r\u00e9serv\u00e9 leur h\u00e9bergement par l'interm\u00e9diaire du COL. <br>Un tarif sp\u00e9cial sera fix\u00e9 pour l'utilisation de ce service sp\u00e9cial pour les participants h\u00e9berg\u00e9s dans les h\u00f4tels officiels sans passer par le COL.<\/p>\n\n\n\n<hr class=\"wp-block-separator has-text-color has-custom-rouge-color has-alpha-channel-opacity has-custom-rouge-background-color has-background\"\/>\n\n\n\n<p class=\"has-text-align-center\">Pour tout savoir sur le GAGF<\/p>\n\n\n\n<div class=\"wp-block-columns is-layout-flex wp-container-core-columns-is-layout-28f84493 wp-block-columns-is-layout-flex\">\n<div class=\"wp-block-column is-layout-flow wp-block-column-is-layout-flow\">\n<div class=\"wp-block-cover aligncenter\" style=\"border-top-left-radius:25px;border-top-right-radius:25px;border-bottom-left-radius:25px;border-bottom-right-radius:25px;min-height:176px;aspect-ratio:unset;\"><img loading=\"lazy\" decoding=\"async\" width=\"1024\" height=\"683\" class=\"wp-block-cover__image-background wp-image-668 size-large\" alt=\"\" src=\"https:\/\/goldenage2026.com\/wp-content\/uploads\/2025\/12\/bus-1024x683.jpg\" data-object-fit=\"cover\" srcset=\"https:\/\/goldenage2026.com\/wp-content\/uploads\/2025\/12\/bus-1024x683.jpg 1024w, https:\/\/goldenage2026.com\/wp-content\/uploads\/2025\/12\/bus-300x200.jpg 300w, https:\/\/goldenage2026.com\/wp-content\/uploads\/2025\/12\/bus-768x512.jpg 768w, https:\/\/goldenage2026.com\/wp-content\/uploads\/2025\/12\/bus-1536x1024.jpg 1536w, https:\/\/goldenage2026.com\/wp-content\/uploads\/2025\/12\/bus-2048x1365.jpg 2048w, https:\/\/goldenage2026.com\/wp-content\/uploads\/2025\/12\/bus-18x12.jpg 18w, https:\/\/goldenage2026.com\/wp-content\/uploads\/2025\/12\/bus-200x133.jpg 200w\" sizes=\"auto, (max-width: 1024px) 100vw, 1024px\" \/><span aria-hidden=\"true\" class=\"wp-block-cover__background has-background-dim\" style=\"background-color:#63615c\"><\/span><div class=\"wp-block-cover__inner-container is-layout-flow wp-block-cover-is-layout-flow\">\n<p class=\"has-text-align-center has-white-color has-text-color has-link-color has-new-nord-extended-font-family has-medium-font-size wp-elements-c62f344b08ad99a8edba0018e79b3730\"><a href=\"https:\/\/goldenage2026.com\/fr\/transportation\/\">Venir aux Sables d'Olonne<\/a><\/p>\n<\/div><\/div>\n\n\n\n<p class=\"has-text-align-center\">Pr\u00e9parez votre voyage aux Sables d'Olonne<\/p>\n\n\n\n<div class=\"wp-block-buttons is-content-justification-center is-layout-flex wp-container-core-buttons-is-layout-a89b3969 wp-block-buttons-is-layout-flex\">\n<div class=\"wp-block-button is-style-outline is-style-outline--1\"><a class=\"wp-block-button__link has-primary-shade-color has-custom-bleu-fonc-e-background-color has-text-color has-background has-link-color has-dm-sans-font-family has-text-align-center wp-element-button\" href=\"https:\/\/goldenage2026.com\/fr\/transportation\/\" style=\"border-top-left-radius:25px;border-top-right-radius:25px;border-bottom-left-radius:25px;border-bottom-right-radius:25px;font-style:normal;font-weight:400\">En savoir plus<\/a><\/div>\n<\/div>\n<\/div>\n\n\n\n<div class=\"wp-block-column is-layout-flow wp-block-column-is-layout-flow\">\n<div class=\"wp-block-cover aligncenter is-light\" style=\"border-top-left-radius:25px;border-top-right-radius:25px;border-bottom-left-radius:25px;border-bottom-right-radius:25px;min-height:176px;aspect-ratio:unset;\"><img loading=\"lazy\" decoding=\"async\" width=\"1024\" height=\"683\" class=\"wp-block-cover__image-background wp-image-804 size-large\" alt=\"\" src=\"https:\/\/goldenage2026.com\/wp-content\/uploads\/2026\/01\/buffet-1024x683.jpg\" data-object-fit=\"cover\" srcset=\"https:\/\/goldenage2026.com\/wp-content\/uploads\/2026\/01\/buffet-1024x683.jpg 1024w, https:\/\/goldenage2026.com\/wp-content\/uploads\/2026\/01\/buffet-300x200.jpg 300w, https:\/\/goldenage2026.com\/wp-content\/uploads\/2026\/01\/buffet-768x512.jpg 768w, https:\/\/goldenage2026.com\/wp-content\/uploads\/2026\/01\/buffet-1536x1025.jpg 1536w, https:\/\/goldenage2026.com\/wp-content\/uploads\/2026\/01\/buffet-2048x1366.jpg 2048w, https:\/\/goldenage2026.com\/wp-content\/uploads\/2026\/01\/buffet-18x12.jpg 18w, https:\/\/goldenage2026.com\/wp-content\/uploads\/2026\/01\/buffet-200x133.jpg 200w\" sizes=\"auto, (max-width: 1024px) 100vw, 1024px\" \/><span aria-hidden=\"true\" class=\"wp-block-cover__background has-background-dim\" style=\"background-color:#b0a292\"><\/span><div class=\"wp-block-cover__inner-container is-layout-flow wp-block-cover-is-layout-flow\">\n<p class=\"has-text-align-center has-white-color has-text-color has-link-color has-new-nord-extended-font-family has-medium-font-size wp-elements-fa8067bad8261742f2bf21c5b7fec669\"><a href=\"https:\/\/goldenage2026.com\/fr\/food\/\">Restauration<\/a><\/p>\n<\/div><\/div>\n\n\n\n<p class=\"has-text-align-center\">Des d\u00e9licieux repas pour recharger vos batteries<\/p>\n\n\n\n<div class=\"wp-block-buttons is-content-justification-center is-layout-flex wp-container-core-buttons-is-layout-a89b3969 wp-block-buttons-is-layout-flex\">\n<div class=\"wp-block-button is-style-outline is-style-outline--2\"><a class=\"wp-block-button__link has-primary-shade-color has-custom-bleu-fonc-e-background-color has-text-color has-background has-link-color has-dm-sans-font-family wp-element-button\" href=\"https:\/\/goldenage2026.com\/fr\/food\/\" style=\"border-top-left-radius:25px;border-top-right-radius:25px;border-bottom-left-radius:25px;border-bottom-right-radius:25px;font-style:normal;font-weight:400\">En savoir plus<\/a><\/div>\n<\/div>\n<\/div>\n\n\n\n<div class=\"wp-block-column is-layout-flow wp-block-column-is-layout-flow\">\n<div class=\"wp-block-cover is-light\" style=\"border-top-left-radius:25px;border-top-right-radius:25px;border-bottom-left-radius:25px;border-bottom-right-radius:25px;min-height:175px;aspect-ratio:unset;\"><img loading=\"lazy\" decoding=\"async\" width=\"470\" height=\"300\" class=\"wp-block-cover__image-background wp-image-699 size-full\" alt=\"\" src=\"https:\/\/goldenage2026.com\/wp-content\/uploads\/2025\/12\/la-chaume.jpg\" data-object-fit=\"cover\" srcset=\"https:\/\/goldenage2026.com\/wp-content\/uploads\/2025\/12\/la-chaume.jpg 470w, https:\/\/goldenage2026.com\/wp-content\/uploads\/2025\/12\/la-chaume-300x191.jpg 300w, https:\/\/goldenage2026.com\/wp-content\/uploads\/2025\/12\/la-chaume-18x12.jpg 18w, https:\/\/goldenage2026.com\/wp-content\/uploads\/2025\/12\/la-chaume-200x128.jpg 200w\" sizes=\"auto, (max-width: 470px) 100vw, 470px\" \/><span aria-hidden=\"true\" class=\"wp-block-cover__background has-background-dim\" style=\"background-color:#b4aaa5\"><\/span><div class=\"wp-block-cover__inner-container is-layout-flow wp-block-cover-is-layout-flow\">\n<p class=\"has-text-align-center has-light-color-color has-text-color has-link-color has-new-nord-extended-font-family has-medium-font-size wp-elements-c5022784268c86a065678602b68bddbd\"><a href=\"https:\/\/www.lessablesdolonne.fr\/golden-age-gymnastique\/\" target=\"_blank\" rel=\"noreferrer noopener\">Excursions touristiques<\/a><\/p>\n<\/div><\/div>\n\n\n\n<p class=\"has-text-align-center\">D\u00e9couvrez Les Sables d'Olonne et ses alentours gr\u00e2ce \u00e0 notre partenaire, l'Office de Tourisme<\/p>\n\n\n\n<div class=\"wp-block-buttons is-content-justification-center is-layout-flex wp-container-core-buttons-is-layout-a89b3969 wp-block-buttons-is-layout-flex\">\n<div class=\"wp-block-button is-style-outline is-style-outline--3\"><a class=\"wp-block-button__link has-primary-shade-color has-custom-bleu-fonc-e-background-color has-text-color has-background has-link-color wp-element-button\" href=\"https:\/\/www.lessablesdolonne.fr\/golden-age-gymnastique\/\" style=\"border-top-left-radius:25px;border-top-right-radius:25px;border-bottom-left-radius:25px;border-bottom-right-radius:25px;font-style:normal;font-weight:400\" target=\"_blank\" rel=\"noreferrer noopener\">En savoir plus<\/a><\/div>\n<\/div>\n<\/div>\n<\/div>\n\n\n\n<p><\/p>","protected":false},"excerpt":{"rendered":"<p>To help you organise your stay in Les Sables d&#8217;Olonne with complete peace of mind, the Local Organising Committee (LOC) has carefully selected the best hotels in the city. We offer a wide range of accommodation options to suit your desires and needs. You will find all the information you need in the PDF below&#8230;.<\/p>","protected":false},"author":1,"featured_media":0,"parent":0,"menu_order":0,"comment_status":"closed","ping_status":"closed","template":"","meta":{"footnotes":""},"class_list":["post-813","page","type-page","status-publish","hentry"],"yoast_head":"<!-- This site is optimized with the Yoast SEO plugin v27.4 - https:\/\/yoast.com\/product\/yoast-seo-wordpress\/ -->\n<title>Accommodation - Golden Age Gym Festival<\/title>\n<meta name=\"robots\" content=\"index, follow, max-snippet:-1, max-image-preview:large, max-video-preview:-1\" \/>\n<link rel=\"canonical\" href=\"https:\/\/goldenage2026.com\/fr\/accomodation\/\" \/>\n<meta property=\"og:locale\" content=\"fr_FR\" \/>\n<meta property=\"og:type\" content=\"article\" \/>\n<meta property=\"og:title\" content=\"Accommodation - Golden Age Gym Festival\" \/>\n<meta property=\"og:description\" content=\"To help you organise your stay in Les Sables d&#8217;Olonne with complete peace of mind, the Local Organising Committee (LOC) has carefully selected the best hotels in the city. We offer a wide range of accommodation options to suit your desires and needs. You will find all the information you need in the PDF below....\" \/>\n<meta property=\"og:url\" content=\"https:\/\/goldenage2026.com\/fr\/accomodation\/\" \/>\n<meta property=\"og:site_name\" content=\"Golden Age Gym Festival\" \/>\n<meta property=\"article:modified_time\" content=\"2026-03-09T15:52:01+00:00\" \/>\n<meta property=\"og:image\" content=\"https:\/\/goldenage2026.com\/wp-content\/uploads\/2025\/12\/bus-scaled.jpg\" \/>\n\t<meta property=\"og:image:width\" content=\"2560\" \/>\n\t<meta property=\"og:image:height\" content=\"1707\" \/>\n\t<meta property=\"og:image:type\" content=\"image\/jpeg\" \/>\n<meta name=\"twitter:card\" content=\"summary_large_image\" \/>\n<meta name=\"twitter:label1\" content=\"Dur\u00e9e de lecture estim\u00e9e\" \/>\n\t<meta name=\"twitter:data1\" content=\"3 minutes\" \/>\n<script type=\"application\/ld+json\" class=\"yoast-schema-graph\">{\"@context\":\"https:\\\/\\\/schema.org\",\"@graph\":[{\"@type\":\"WebPage\",\"@id\":\"https:\\\/\\\/goldenage2026.com\\\/accomodation\\\/\",\"url\":\"https:\\\/\\\/goldenage2026.com\\\/accomodation\\\/\",\"name\":\"Accommodation - Golden Age Gym Festival\",\"isPartOf\":{\"@id\":\"https:\\\/\\\/goldenage2026.com\\\/#website\"},\"primaryImageOfPage\":{\"@id\":\"https:\\\/\\\/goldenage2026.com\\\/accomodation\\\/#primaryimage\"},\"image\":{\"@id\":\"https:\\\/\\\/goldenage2026.com\\\/accomodation\\\/#primaryimage\"},\"thumbnailUrl\":\"https:\\\/\\\/goldenage2026.com\\\/wp-content\\\/uploads\\\/2025\\\/12\\\/bus-1024x683.jpg\",\"datePublished\":\"2026-01-19T11:39:11+00:00\",\"dateModified\":\"2026-03-09T15:52:01+00:00\",\"breadcrumb\":{\"@id\":\"https:\\\/\\\/goldenage2026.com\\\/accomodation\\\/#breadcrumb\"},\"inLanguage\":\"fr-FR\",\"potentialAction\":[{\"@type\":\"ReadAction\",\"target\":[\"https:\\\/\\\/goldenage2026.com\\\/accomodation\\\/\"]}]},{\"@type\":\"ImageObject\",\"inLanguage\":\"fr-FR\",\"@id\":\"https:\\\/\\\/goldenage2026.com\\\/accomodation\\\/#primaryimage\",\"url\":\"https:\\\/\\\/goldenage2026.com\\\/wp-content\\\/uploads\\\/2025\\\/12\\\/bus-1024x683.jpg\",\"contentUrl\":\"https:\\\/\\\/goldenage2026.com\\\/wp-content\\\/uploads\\\/2025\\\/12\\\/bus-1024x683.jpg\"},{\"@type\":\"BreadcrumbList\",\"@id\":\"https:\\\/\\\/goldenage2026.com\\\/accomodation\\\/#breadcrumb\",\"itemListElement\":[{\"@type\":\"ListItem\",\"position\":1,\"name\":\"Accueil\",\"item\":\"https:\\\/\\\/goldenage2026.com\\\/\"},{\"@type\":\"ListItem\",\"position\":2,\"name\":\"Accommodation\"}]},{\"@type\":\"WebSite\",\"@id\":\"https:\\\/\\\/goldenage2026.com\\\/#website\",\"url\":\"https:\\\/\\\/goldenage2026.com\\\/\",\"name\":\"Golden Age Gym Festival\",\"description\":\"The 10th edition of the GAGF in Les Sables d'Olonne\",\"publisher\":{\"@id\":\"https:\\\/\\\/goldenage2026.com\\\/#organization\"},\"potentialAction\":[{\"@type\":\"SearchAction\",\"target\":{\"@type\":\"EntryPoint\",\"urlTemplate\":\"https:\\\/\\\/goldenage2026.com\\\/?s={search_term_string}\"},\"query-input\":{\"@type\":\"PropertyValueSpecification\",\"valueRequired\":true,\"valueName\":\"search_term_string\"}}],\"inLanguage\":\"fr-FR\"},{\"@type\":\"Organization\",\"@id\":\"https:\\\/\\\/goldenage2026.com\\\/#organization\",\"name\":\"Golden Age Gym Festival\",\"alternateName\":\"GAGF\",\"url\":\"https:\\\/\\\/goldenage2026.com\\\/\",\"logo\":{\"@type\":\"ImageObject\",\"inLanguage\":\"fr-FR\",\"@id\":\"https:\\\/\\\/goldenage2026.com\\\/#\\\/schema\\\/logo\\\/image\\\/\",\"url\":\"https:\\\/\\\/goldenage2026.com\\\/wp-content\\\/uploads\\\/2025\\\/09\\\/Logo-siteweb-1.png\",\"contentUrl\":\"https:\\\/\\\/goldenage2026.com\\\/wp-content\\\/uploads\\\/2025\\\/09\\\/Logo-siteweb-1.png\",\"width\":512,\"height\":512,\"caption\":\"Golden Age Gym Festival\"},\"image\":{\"@id\":\"https:\\\/\\\/goldenage2026.com\\\/#\\\/schema\\\/logo\\\/image\\\/\"}}]}<\/script>\n<!-- \/ Yoast SEO plugin. -->","yoast_head_json":{"title":"Accommodation - Golden Age Gym Festival","robots":{"index":"index","follow":"follow","max-snippet":"max-snippet:-1","max-image-preview":"max-image-preview:large","max-video-preview":"max-video-preview:-1"},"canonical":"https:\/\/goldenage2026.com\/fr\/accomodation\/","og_locale":"fr_FR","og_type":"article","og_title":"Accommodation - Golden Age Gym Festival","og_description":"To help you organise your stay in Les Sables d&#8217;Olonne with complete peace of mind, the Local Organising Committee (LOC) has carefully selected the best hotels in the city. We offer a wide range of accommodation options to suit your desires and needs. You will find all the information you need in the PDF below....","og_url":"https:\/\/goldenage2026.com\/fr\/accomodation\/","og_site_name":"Golden Age Gym Festival","article_modified_time":"2026-03-09T15:52:01+00:00","og_image":[{"width":2560,"height":1707,"url":"https:\/\/goldenage2026.com\/wp-content\/uploads\/2025\/12\/bus-scaled.jpg","type":"image\/jpeg"}],"twitter_card":"summary_large_image","twitter_misc":{"Dur\u00e9e de lecture estim\u00e9e":"3 minutes"},"schema":{"@context":"https:\/\/schema.org","@graph":[{"@type":"WebPage","@id":"https:\/\/goldenage2026.com\/accomodation\/","url":"https:\/\/goldenage2026.com\/accomodation\/","name":"Accommodation - Golden Age Gym Festival","isPartOf":{"@id":"https:\/\/goldenage2026.com\/#website"},"primaryImageOfPage":{"@id":"https:\/\/goldenage2026.com\/accomodation\/#primaryimage"},"image":{"@id":"https:\/\/goldenage2026.com\/accomodation\/#primaryimage"},"thumbnailUrl":"https:\/\/goldenage2026.com\/wp-content\/uploads\/2025\/12\/bus-1024x683.jpg","datePublished":"2026-01-19T11:39:11+00:00","dateModified":"2026-03-09T15:52:01+00:00","breadcrumb":{"@id":"https:\/\/goldenage2026.com\/accomodation\/#breadcrumb"},"inLanguage":"fr-FR","potentialAction":[{"@type":"ReadAction","target":["https:\/\/goldenage2026.com\/accomodation\/"]}]},{"@type":"ImageObject","inLanguage":"fr-FR","@id":"https:\/\/goldenage2026.com\/accomodation\/#primaryimage","url":"https:\/\/goldenage2026.com\/wp-content\/uploads\/2025\/12\/bus-1024x683.jpg","contentUrl":"https:\/\/goldenage2026.com\/wp-content\/uploads\/2025\/12\/bus-1024x683.jpg"},{"@type":"BreadcrumbList","@id":"https:\/\/goldenage2026.com\/accomodation\/#breadcrumb","itemListElement":[{"@type":"ListItem","position":1,"name":"Accueil","item":"https:\/\/goldenage2026.com\/"},{"@type":"ListItem","position":2,"name":"Accommodation"}]},{"@type":"WebSite","@id":"https:\/\/goldenage2026.com\/#website","url":"https:\/\/goldenage2026.com\/","name":"Golden Age Gym Festival","description":"The 10th edition of the GAGF in Les Sables d'Olonne","publisher":{"@id":"https:\/\/goldenage2026.com\/#organization"},"potentialAction":[{"@type":"SearchAction","target":{"@type":"EntryPoint","urlTemplate":"https:\/\/goldenage2026.com\/?s={search_term_string}"},"query-input":{"@type":"PropertyValueSpecification","valueRequired":true,"valueName":"search_term_string"}}],"inLanguage":"fr-FR"},{"@type":"Organization","@id":"https:\/\/goldenage2026.com\/#organization","name":"Golden Age Gym Festival","alternateName":"GAGF","url":"https:\/\/goldenage2026.com\/","logo":{"@type":"ImageObject","inLanguage":"fr-FR","@id":"https:\/\/goldenage2026.com\/#\/schema\/logo\/image\/","url":"https:\/\/goldenage2026.com\/wp-content\/uploads\/2025\/09\/Logo-siteweb-1.png","contentUrl":"https:\/\/goldenage2026.com\/wp-content\/uploads\/2025\/09\/Logo-siteweb-1.png","width":512,"height":512,"caption":"Golden Age Gym Festival"},"image":{"@id":"https:\/\/goldenage2026.com\/#\/schema\/logo\/image\/"}}]}},"_links":{"self":[{"href":"https:\/\/goldenage2026.com\/fr\/wp-json\/wp\/v2\/pages\/813","targetHints":{"allow":["GET"]}}],"collection":[{"href":"https:\/\/goldenage2026.com\/fr\/wp-json\/wp\/v2\/pages"}],"about":[{"href":"https:\/\/goldenage2026.com\/fr\/wp-json\/wp\/v2\/types\/page"}],"author":[{"embeddable":true,"href":"https:\/\/goldenage2026.com\/fr\/wp-json\/wp\/v2\/users\/1"}],"replies":[{"embeddable":true,"href":"https:\/\/goldenage2026.com\/fr\/wp-json\/wp\/v2\/comments?post=813"}],"version-history":[{"count":18,"href":"https:\/\/goldenage2026.com\/fr\/wp-json\/wp\/v2\/pages\/813\/revisions"}],"predecessor-version":[{"id":1297,"href":"https:\/\/goldenage2026.com\/fr\/wp-json\/wp\/v2\/pages\/813\/revisions\/1297"}],"wp:attachment":[{"href":"https:\/\/goldenage2026.com\/fr\/wp-json\/wp\/v2\/media?parent=813"}],"curies":[{"name":"wp","href":"https:\/\/api.w.org\/{rel}","templated":true}]}}