{"id":915,"date":"2026-01-20T10:35:49","date_gmt":"2026-01-20T10:35:49","guid":{"rendered":"https:\/\/goldenage2026.com\/?page_id=915"},"modified":"2026-02-04T10:45:49","modified_gmt":"2026-02-04T10:45:49","slug":"transportation","status":"publish","type":"page","link":"https:\/\/goldenage2026.com\/fr\/transportation\/","title":{"rendered":"Transport"},"content":{"rendered":"<div class=\"wp-block-group has-light-shade-background-color has-background is-layout-constrained wp-container-core-group-is-layout-9290d042 wp-block-group-is-layout-constrained\" style=\"margin-top:0;margin-bottom:0;padding-top:120px;padding-right:var(--wp--preset--spacing--40);padding-bottom:120px;padding-left:var(--wp--preset--spacing--40)\">\n<div class=\"wp-block-columns are-vertically-aligned-center is-layout-flex wp-container-core-columns-is-layout-e524df8a wp-block-columns-is-layout-flex\">\n<div class=\"wp-block-column is-vertically-aligned-center is-layout-flow wp-block-column-is-layout-flow\" style=\"flex-basis:50%\">\n<figure class=\"wp-block-image size-full has-custom-border\"><img loading=\"lazy\" decoding=\"async\" width=\"720\" height=\"405\" src=\"https:\/\/goldenage2026.com\/wp-content\/uploads\/2026\/01\/carte-nantes-lso-edited.png\" alt=\"\" class=\"wp-image-924\" style=\"border-radius:40px\" srcset=\"https:\/\/goldenage2026.com\/wp-content\/uploads\/2026\/01\/carte-nantes-lso-edited.png 720w, https:\/\/goldenage2026.com\/wp-content\/uploads\/2026\/01\/carte-nantes-lso-edited-300x169.png 300w, https:\/\/goldenage2026.com\/wp-content\/uploads\/2026\/01\/carte-nantes-lso-edited-18x10.png 18w, https:\/\/goldenage2026.com\/wp-content\/uploads\/2026\/01\/carte-nantes-lso-edited-200x113.png 200w\" sizes=\"auto, (max-width: 720px) 100vw, 720px\" \/><\/figure>\n<\/div>\n\n\n\n<div class=\"wp-block-column is-vertically-aligned-center is-layout-flow wp-container-core-column-is-layout-f5bb311e wp-block-column-is-layout-flow\" style=\"flex-basis:50%\">\n<h4 class=\"wp-block-heading is-style-default has-custom-bleu-fonc-e-color has-text-color has-link-color has-big-font-size wp-elements-3ea210cd61f785cd143346f2a6c110d2\" style=\"line-height:1.3;text-transform:none\">Nous vous accompagnons jusqu'aux Sables d'Olonne<\/h4>\n\n\n\n<div class=\"wp-block-columns is-layout-flex wp-container-core-columns-is-layout-21114204 wp-block-columns-is-layout-flex\" style=\"border-top-color:var(--wp--preset--color--border-color);border-top-width:1px;margin-top:32px;padding-top:32px\">\n<div class=\"wp-block-column is-layout-flow wp-block-column-is-layout-flow\">\n<div class=\"wp-block-columns is-layout-flex wp-container-core-columns-is-layout-28f84493 wp-block-columns-is-layout-flex\">\n<div class=\"wp-block-column is-layout-flow wp-block-column-is-layout-flow\" style=\"flex-basis:33.33%\">\n<figure class=\"wp-block-gallery has-nested-images columns-default is-cropped wp-block-gallery-1 is-layout-flex wp-block-gallery-is-layout-flex\">\n<figure class=\"wp-block-image size-full is-resized wp-duotone-white-primary\"><img decoding=\"async\" data-id=\"5991\" src=\"https:\/\/goldenage2026.com\/wp-content\/themes\/modestra\/assets\/images\/streaks_icon.png\" alt=\"\" class=\"wp-image-5991\" style=\"object-fit:cover;width:22px;height:24px\"\/><\/figure>\n<\/figure>\n<\/div>\n\n\n\n<div class=\"wp-block-column is-layout-flow wp-block-column-is-layout-flow\" style=\"flex-basis:66.66%\">\n<p class=\"has-new-nord-extended-font-family\"><strong>De Nantes<\/strong> A\u00e9roport<\/p>\n<\/div>\n<\/div>\n\n\n\n<p class=\"translation-block\">Les participants peuvent r\u00e9server leurs transferts aller et retour aupr\u00e8s du COL. Les transferts seront assur\u00e9s en bus<strong>  depuis l'a\u00e9roport de Nantes jusqu'aux Sables d'Olonne.<\/strong>  <br>Pour des raisons d'organisation, en fonction du nombre de participants par groupe, le COL peut regrouper <strong> diff\u00e9rents groupes dans un m\u00eame bus.<\/strong>  Dans ces circonstances, un <strong> temps d'attente maximal de 1h \u00e0 1h30 <\/strong>  peut \u00eatre pr\u00e9vu \u00e0 l'a\u00e9roport afin de remplir un bus. <br><br>Le trajet entre Les Sables et Nantes dure environ 1 heure et 20 minutes.<\/p>\n\n\n\n<p class=\"translation-block\"><strong> Les d\u00e9tails du vol <\/strong> doivent \u00eatre envoy\u00e9s au comit\u00e9 d'organisation local <strong>avant le 1er mai 2026. Les informations seront fournies en septembre 2026.<\/strong><\/p>\n<\/div>\n\n\n\n<div class=\"wp-block-column is-layout-flow wp-block-column-is-layout-flow\">\n<div class=\"wp-block-columns is-layout-flex wp-container-core-columns-is-layout-28f84493 wp-block-columns-is-layout-flex\">\n<div class=\"wp-block-column is-layout-flow wp-block-column-is-layout-flow\" style=\"flex-basis:33.33%\">\n<figure class=\"wp-block-gallery has-nested-images columns-default is-cropped wp-block-gallery-2 is-layout-flex wp-block-gallery-is-layout-flex\">\n<figure class=\"wp-block-image size-full is-resized wp-duotone-white-primary\"><img decoding=\"async\" data-id=\"5991\" src=\"https:\/\/goldenage2026.com\/wp-content\/themes\/modestra\/assets\/images\/streaks_icon.png\" alt=\"\" class=\"wp-image-5991\" style=\"object-fit:cover;width:22px;height:24px\"\/><\/figure>\n<\/figure>\n<\/div>\n\n\n\n<div class=\"wp-block-column is-layout-flow wp-block-column-is-layout-flow\" style=\"flex-basis:66.66%\">\n<p class=\"has-new-nord-extended-font-family\"><strong>Ou d'ailleurs<\/strong><\/p>\n<\/div>\n<\/div>\n\n\n\n<p>Des transferts sp\u00e9cifiques peuvent \u00eatre propos\u00e9s par le LOC, sur demande via la f\u00e9d\u00e9ration nationale (lieux d'arriv\u00e9e ou de d\u00e9part autres que l'a\u00e9roport de Nantes, moyens de transport diff\u00e9rents, avec un minibus ou une berline).<\/p>\n<\/div>\n<\/div>\n<\/div>\n<\/div>\n\n\n\n<div class=\"wp-block-columns is-layout-flex wp-container-core-columns-is-layout-28f84493 wp-block-columns-is-layout-flex\">\n<div class=\"wp-block-column is-layout-flow wp-block-column-is-layout-flow\"><\/div>\n\n\n\n<div class=\"wp-block-column is-layout-flow wp-block-column-is-layout-flow\">\n<p class=\"has-text-align-center has-custom-rouge-color has-text-color has-link-color wp-elements-d117f1c77bdaccfaccb3f4ebd801178d\" style=\"padding-right:var(--wp--preset--spacing--50);padding-left:var(--wp--preset--spacing--50)\"><strong>Toute demande de r\u00e9servation doit se faire via votre F\u00e9d\u00e9ration Nationale.<\/strong><\/p>\n<\/div>\n<\/div>\n<\/div>\n\n\n\n<hr class=\"wp-block-separator has-text-color has-custom-rouge-color has-alpha-channel-opacity has-custom-rouge-background-color has-background\"\/>\n\n\n\n<p class=\"has-text-align-center\">Pour tout savoir sur le GAGF<\/p>\n\n\n\n<div class=\"wp-block-columns is-layout-flex wp-container-core-columns-is-layout-28f84493 wp-block-columns-is-layout-flex\">\n<div class=\"wp-block-column is-layout-flow wp-block-column-is-layout-flow\">\n<div class=\"wp-block-cover is-light\" style=\"border-top-left-radius:25px;border-top-right-radius:25px;border-bottom-left-radius:25px;border-bottom-right-radius:25px;min-height:175px;aspect-ratio:unset;\"><img loading=\"lazy\" decoding=\"async\" width=\"1024\" height=\"585\" class=\"wp-block-cover__image-background wp-image-259 size-large\" alt=\"\" src=\"https:\/\/goldenage2026.com\/wp-content\/uploads\/2025\/09\/Accueil-1024x585.png\" data-object-fit=\"cover\" srcset=\"https:\/\/goldenage2026.com\/wp-content\/uploads\/2025\/09\/Accueil-1024x585.png 1024w, https:\/\/goldenage2026.com\/wp-content\/uploads\/2025\/09\/Accueil-300x171.png 300w, https:\/\/goldenage2026.com\/wp-content\/uploads\/2025\/09\/Accueil-768x439.png 768w, https:\/\/goldenage2026.com\/wp-content\/uploads\/2025\/09\/Accueil.png 1400w\" sizes=\"auto, (max-width: 1024px) 100vw, 1024px\" \/><span aria-hidden=\"true\" class=\"wp-block-cover__background has-background-dim\" style=\"background-color:#54afd8\"><\/span><div class=\"wp-block-cover__inner-container is-layout-flow wp-block-cover-is-layout-flow\">\n<p class=\"has-text-align-center has-light-color-color has-text-color has-link-color has-new-nord-extended-font-family has-medium-font-size wp-elements-0b69d5a795dc7708c1c86e09427128f6\"><a href=\"https:\/\/goldenage2026.com\/fr\/the-10th-edition-2\/\">Informations g\u00e9n\u00e9rales<\/a><\/p>\n<\/div><\/div>\n\n\n\n<p class=\"has-text-align-center\">Toutes les informations pratiques pour votre venue (carte, emploi du temps, transport, etc.).<\/p>\n\n\n\n<div class=\"wp-block-buttons is-content-justification-center is-layout-flex wp-container-core-buttons-is-layout-a89b3969 wp-block-buttons-is-layout-flex\">\n<div class=\"wp-block-button is-style-outline is-style-outline--3\"><a class=\"wp-block-button__link has-primary-shade-color has-custom-bleu-fonc-e-background-color has-text-color has-background has-link-color wp-element-button\" href=\"https:\/\/goldenage2026.com\/fr\/the-10th-edition-2\/\" style=\"border-top-left-radius:25px;border-top-right-radius:25px;border-bottom-left-radius:25px;border-bottom-right-radius:25px;font-style:normal;font-weight:400\">En savoir plus<\/a><\/div>\n<\/div>\n<\/div>\n\n\n\n<div class=\"wp-block-column is-layout-flow wp-block-column-is-layout-flow\">\n<div class=\"wp-block-cover aligncenter is-light\" style=\"border-top-left-radius:25px;border-top-right-radius:25px;border-bottom-left-radius:25px;border-bottom-right-radius:25px;min-height:176px;aspect-ratio:unset;\"><img loading=\"lazy\" decoding=\"async\" width=\"683\" height=\"1024\" class=\"wp-block-cover__image-background wp-image-667 size-large\" alt=\"\" src=\"https:\/\/goldenage2026.com\/wp-content\/uploads\/2025\/12\/hotel-683x1024.jpg\" data-object-fit=\"cover\" srcset=\"https:\/\/goldenage2026.com\/wp-content\/uploads\/2025\/12\/hotel-683x1024.jpg 683w, https:\/\/goldenage2026.com\/wp-content\/uploads\/2025\/12\/hotel-200x300.jpg 200w, https:\/\/goldenage2026.com\/wp-content\/uploads\/2025\/12\/hotel-768x1152.jpg 768w, https:\/\/goldenage2026.com\/wp-content\/uploads\/2025\/12\/hotel-1024x1536.jpg 1024w, https:\/\/goldenage2026.com\/wp-content\/uploads\/2025\/12\/hotel-1365x2048.jpg 1365w, https:\/\/goldenage2026.com\/wp-content\/uploads\/2025\/12\/hotel-8x12.jpg 8w, https:\/\/goldenage2026.com\/wp-content\/uploads\/2025\/12\/hotel-scaled.jpg 1707w\" sizes=\"auto, (max-width: 683px) 100vw, 683px\" \/><span aria-hidden=\"true\" class=\"wp-block-cover__background has-background-dim\" style=\"background-color:#a7a59d\"><\/span><div class=\"wp-block-cover__inner-container is-layout-flow wp-block-cover-is-layout-flow\">\n<p class=\"has-text-align-center has-white-color has-text-color has-link-color has-new-nord-extended-font-family has-medium-font-size wp-elements-d9a63a242a13b6195431aa313fc78db5\"><a href=\"https:\/\/goldenage2026.com\/fr\/accomodation\/\">H\u00e9bergement<\/a><\/p>\n<\/div><\/div>\n\n\n\n<p class=\"has-text-align-center\">D\u00e9couvrez toutes nos offres pour votre repos<\/p>\n\n\n\n<div class=\"wp-block-buttons is-content-justification-center is-layout-flex wp-container-core-buttons-is-layout-a89b3969 wp-block-buttons-is-layout-flex\">\n<div class=\"wp-block-button is-style-outline is-style-outline--4\"><a class=\"wp-block-button__link has-primary-shade-color has-custom-bleu-fonc-e-background-color has-text-color has-background has-link-color has-dm-sans-font-family has-text-align-center wp-element-button\" href=\"https:\/\/goldenage2026.com\/fr\/accomodation\/\" style=\"border-top-left-radius:25px;border-top-right-radius:25px;border-bottom-left-radius:25px;border-bottom-right-radius:25px;font-style:normal;font-weight:400\">En savoir plus<\/a><\/div>\n<\/div>\n<\/div>\n\n\n\n<div class=\"wp-block-column is-layout-flow wp-block-column-is-layout-flow\">\n<div class=\"wp-block-cover aligncenter is-light\" style=\"border-top-left-radius:25px;border-top-right-radius:25px;border-bottom-left-radius:25px;border-bottom-right-radius:25px;min-height:176px;aspect-ratio:unset;\"><img loading=\"lazy\" decoding=\"async\" width=\"1024\" height=\"683\" class=\"wp-block-cover__image-background wp-image-804 size-large\" alt=\"\" src=\"https:\/\/goldenage2026.com\/wp-content\/uploads\/2026\/01\/buffet-1024x683.jpg\" data-object-fit=\"cover\" srcset=\"https:\/\/goldenage2026.com\/wp-content\/uploads\/2026\/01\/buffet-1024x683.jpg 1024w, https:\/\/goldenage2026.com\/wp-content\/uploads\/2026\/01\/buffet-300x200.jpg 300w, https:\/\/goldenage2026.com\/wp-content\/uploads\/2026\/01\/buffet-768x512.jpg 768w, https:\/\/goldenage2026.com\/wp-content\/uploads\/2026\/01\/buffet-1536x1025.jpg 1536w, https:\/\/goldenage2026.com\/wp-content\/uploads\/2026\/01\/buffet-2048x1366.jpg 2048w, https:\/\/goldenage2026.com\/wp-content\/uploads\/2026\/01\/buffet-18x12.jpg 18w, https:\/\/goldenage2026.com\/wp-content\/uploads\/2026\/01\/buffet-200x133.jpg 200w\" sizes=\"auto, (max-width: 1024px) 100vw, 1024px\" \/><span aria-hidden=\"true\" class=\"wp-block-cover__background has-background-dim\" style=\"background-color:#b0a292\"><\/span><div class=\"wp-block-cover__inner-container is-layout-flow wp-block-cover-is-layout-flow\">\n<p class=\"has-text-align-center has-white-color has-text-color has-link-color has-new-nord-extended-font-family has-medium-font-size wp-elements-fa8067bad8261742f2bf21c5b7fec669\"><a href=\"https:\/\/goldenage2026.com\/fr\/food\/\">Restauration<\/a><\/p>\n<\/div><\/div>\n\n\n\n<p class=\"has-text-align-center\">Des d\u00e9licieux repas pour recharger vos batteries<\/p>\n\n\n\n<div class=\"wp-block-buttons is-content-justification-center is-layout-flex wp-container-core-buttons-is-layout-a89b3969 wp-block-buttons-is-layout-flex\">\n<div class=\"wp-block-button is-style-outline is-style-outline--5\"><a class=\"wp-block-button__link has-primary-shade-color has-custom-bleu-fonc-e-background-color has-text-color has-background has-link-color has-dm-sans-font-family wp-element-button\" href=\"https:\/\/goldenage2026.com\/fr\/food\/\" style=\"border-top-left-radius:25px;border-top-right-radius:25px;border-bottom-left-radius:25px;border-bottom-right-radius:25px;font-style:normal;font-weight:400\">En savoir plus<\/a><\/div>\n<\/div>\n<\/div>\n<\/div>","protected":false},"excerpt":{"rendered":"<p>We will accompany you to Les Sables d&#8217;Olonne. From Nantes Airport Participants can book their arrival and departure transfers with the LOC. Transfers will be provided by bus from Nantes Airport to Les Sables d&#8217;Olonne.For organisational reasons, depending on the number of participants per group, the LOC may combine different groups on the same bus&#8230;.<\/p>","protected":false},"author":1,"featured_media":0,"parent":0,"menu_order":0,"comment_status":"closed","ping_status":"closed","template":"","meta":{"footnotes":""},"class_list":["post-915","page","type-page","status-publish","hentry"],"yoast_head":"<!-- This site is optimized with the Yoast SEO plugin v27.4 - https:\/\/yoast.com\/product\/yoast-seo-wordpress\/ -->\n<title>Transportation - Golden Age Gym Festival<\/title>\n<meta name=\"robots\" content=\"index, follow, max-snippet:-1, max-image-preview:large, max-video-preview:-1\" \/>\n<link rel=\"canonical\" href=\"https:\/\/goldenage2026.com\/fr\/transportation\/\" \/>\n<meta property=\"og:locale\" content=\"fr_FR\" \/>\n<meta property=\"og:type\" content=\"article\" \/>\n<meta property=\"og:title\" content=\"Transportation - Golden Age Gym Festival\" \/>\n<meta property=\"og:description\" content=\"We will accompany you to Les Sables d&#8217;Olonne. From Nantes Airport Participants can book their arrival and departure transfers with the LOC. Transfers will be provided by bus from Nantes Airport to Les Sables d&#8217;Olonne.For organisational reasons, depending on the number of participants per group, the LOC may combine different groups on the same bus....\" \/>\n<meta property=\"og:url\" content=\"https:\/\/goldenage2026.com\/fr\/transportation\/\" \/>\n<meta property=\"og:site_name\" content=\"Golden Age Gym Festival\" \/>\n<meta property=\"article:modified_time\" content=\"2026-02-04T10:45:49+00:00\" \/>\n<meta property=\"og:image\" content=\"https:\/\/goldenage2026.com\/wp-content\/uploads\/2026\/01\/carte-nantes-lso-edited.png\" \/>\n\t<meta property=\"og:image:width\" content=\"720\" \/>\n\t<meta property=\"og:image:height\" content=\"405\" \/>\n\t<meta property=\"og:image:type\" content=\"image\/png\" \/>\n<meta name=\"twitter:card\" content=\"summary_large_image\" \/>\n<meta name=\"twitter:label1\" content=\"Dur\u00e9e de lecture estim\u00e9e\" \/>\n\t<meta name=\"twitter:data1\" content=\"3 minutes\" \/>\n<script type=\"application\/ld+json\" class=\"yoast-schema-graph\">{\"@context\":\"https:\\\/\\\/schema.org\",\"@graph\":[{\"@type\":\"WebPage\",\"@id\":\"https:\\\/\\\/goldenage2026.com\\\/transportation\\\/\",\"url\":\"https:\\\/\\\/goldenage2026.com\\\/transportation\\\/\",\"name\":\"Transportation - Golden Age Gym Festival\",\"isPartOf\":{\"@id\":\"https:\\\/\\\/goldenage2026.com\\\/#website\"},\"primaryImageOfPage\":{\"@id\":\"https:\\\/\\\/goldenage2026.com\\\/transportation\\\/#primaryimage\"},\"image\":{\"@id\":\"https:\\\/\\\/goldenage2026.com\\\/transportation\\\/#primaryimage\"},\"thumbnailUrl\":\"https:\\\/\\\/goldenage2026.com\\\/wp-content\\\/uploads\\\/2026\\\/01\\\/carte-nantes-lso-edited.png\",\"datePublished\":\"2026-01-20T10:35:49+00:00\",\"dateModified\":\"2026-02-04T10:45:49+00:00\",\"breadcrumb\":{\"@id\":\"https:\\\/\\\/goldenage2026.com\\\/transportation\\\/#breadcrumb\"},\"inLanguage\":\"fr-FR\",\"potentialAction\":[{\"@type\":\"ReadAction\",\"target\":[\"https:\\\/\\\/goldenage2026.com\\\/transportation\\\/\"]}]},{\"@type\":\"ImageObject\",\"inLanguage\":\"fr-FR\",\"@id\":\"https:\\\/\\\/goldenage2026.com\\\/transportation\\\/#primaryimage\",\"url\":\"https:\\\/\\\/goldenage2026.com\\\/wp-content\\\/uploads\\\/2026\\\/01\\\/carte-nantes-lso-edited.png\",\"contentUrl\":\"https:\\\/\\\/goldenage2026.com\\\/wp-content\\\/uploads\\\/2026\\\/01\\\/carte-nantes-lso-edited.png\"},{\"@type\":\"BreadcrumbList\",\"@id\":\"https:\\\/\\\/goldenage2026.com\\\/transportation\\\/#breadcrumb\",\"itemListElement\":[{\"@type\":\"ListItem\",\"position\":1,\"name\":\"Accueil\",\"item\":\"https:\\\/\\\/goldenage2026.com\\\/\"},{\"@type\":\"ListItem\",\"position\":2,\"name\":\"Transportation\"}]},{\"@type\":\"WebSite\",\"@id\":\"https:\\\/\\\/goldenage2026.com\\\/#website\",\"url\":\"https:\\\/\\\/goldenage2026.com\\\/\",\"name\":\"Golden Age Gym Festival\",\"description\":\"The 10th edition of the GAGF in Les Sables d'Olonne\",\"publisher\":{\"@id\":\"https:\\\/\\\/goldenage2026.com\\\/#organization\"},\"potentialAction\":[{\"@type\":\"SearchAction\",\"target\":{\"@type\":\"EntryPoint\",\"urlTemplate\":\"https:\\\/\\\/goldenage2026.com\\\/?s={search_term_string}\"},\"query-input\":{\"@type\":\"PropertyValueSpecification\",\"valueRequired\":true,\"valueName\":\"search_term_string\"}}],\"inLanguage\":\"fr-FR\"},{\"@type\":\"Organization\",\"@id\":\"https:\\\/\\\/goldenage2026.com\\\/#organization\",\"name\":\"Golden Age Gym Festival\",\"alternateName\":\"GAGF\",\"url\":\"https:\\\/\\\/goldenage2026.com\\\/\",\"logo\":{\"@type\":\"ImageObject\",\"inLanguage\":\"fr-FR\",\"@id\":\"https:\\\/\\\/goldenage2026.com\\\/#\\\/schema\\\/logo\\\/image\\\/\",\"url\":\"https:\\\/\\\/goldenage2026.com\\\/wp-content\\\/uploads\\\/2025\\\/09\\\/Logo-siteweb-1.png\",\"contentUrl\":\"https:\\\/\\\/goldenage2026.com\\\/wp-content\\\/uploads\\\/2025\\\/09\\\/Logo-siteweb-1.png\",\"width\":512,\"height\":512,\"caption\":\"Golden Age Gym Festival\"},\"image\":{\"@id\":\"https:\\\/\\\/goldenage2026.com\\\/#\\\/schema\\\/logo\\\/image\\\/\"}}]}<\/script>\n<!-- \/ Yoast SEO plugin. -->","yoast_head_json":{"title":"Transportation - Golden Age Gym Festival","robots":{"index":"index","follow":"follow","max-snippet":"max-snippet:-1","max-image-preview":"max-image-preview:large","max-video-preview":"max-video-preview:-1"},"canonical":"https:\/\/goldenage2026.com\/fr\/transportation\/","og_locale":"fr_FR","og_type":"article","og_title":"Transportation - Golden Age Gym Festival","og_description":"We will accompany you to Les Sables d&#8217;Olonne. From Nantes Airport Participants can book their arrival and departure transfers with the LOC. Transfers will be provided by bus from Nantes Airport to Les Sables d&#8217;Olonne.For organisational reasons, depending on the number of participants per group, the LOC may combine different groups on the same bus....","og_url":"https:\/\/goldenage2026.com\/fr\/transportation\/","og_site_name":"Golden Age Gym Festival","article_modified_time":"2026-02-04T10:45:49+00:00","og_image":[{"width":720,"height":405,"url":"https:\/\/goldenage2026.com\/wp-content\/uploads\/2026\/01\/carte-nantes-lso-edited.png","type":"image\/png"}],"twitter_card":"summary_large_image","twitter_misc":{"Dur\u00e9e de lecture estim\u00e9e":"3 minutes"},"schema":{"@context":"https:\/\/schema.org","@graph":[{"@type":"WebPage","@id":"https:\/\/goldenage2026.com\/transportation\/","url":"https:\/\/goldenage2026.com\/transportation\/","name":"Transportation - Golden Age Gym Festival","isPartOf":{"@id":"https:\/\/goldenage2026.com\/#website"},"primaryImageOfPage":{"@id":"https:\/\/goldenage2026.com\/transportation\/#primaryimage"},"image":{"@id":"https:\/\/goldenage2026.com\/transportation\/#primaryimage"},"thumbnailUrl":"https:\/\/goldenage2026.com\/wp-content\/uploads\/2026\/01\/carte-nantes-lso-edited.png","datePublished":"2026-01-20T10:35:49+00:00","dateModified":"2026-02-04T10:45:49+00:00","breadcrumb":{"@id":"https:\/\/goldenage2026.com\/transportation\/#breadcrumb"},"inLanguage":"fr-FR","potentialAction":[{"@type":"ReadAction","target":["https:\/\/goldenage2026.com\/transportation\/"]}]},{"@type":"ImageObject","inLanguage":"fr-FR","@id":"https:\/\/goldenage2026.com\/transportation\/#primaryimage","url":"https:\/\/goldenage2026.com\/wp-content\/uploads\/2026\/01\/carte-nantes-lso-edited.png","contentUrl":"https:\/\/goldenage2026.com\/wp-content\/uploads\/2026\/01\/carte-nantes-lso-edited.png"},{"@type":"BreadcrumbList","@id":"https:\/\/goldenage2026.com\/transportation\/#breadcrumb","itemListElement":[{"@type":"ListItem","position":1,"name":"Accueil","item":"https:\/\/goldenage2026.com\/"},{"@type":"ListItem","position":2,"name":"Transportation"}]},{"@type":"WebSite","@id":"https:\/\/goldenage2026.com\/#website","url":"https:\/\/goldenage2026.com\/","name":"Golden Age Gym Festival","description":"The 10th edition of the GAGF in Les Sables d'Olonne","publisher":{"@id":"https:\/\/goldenage2026.com\/#organization"},"potentialAction":[{"@type":"SearchAction","target":{"@type":"EntryPoint","urlTemplate":"https:\/\/goldenage2026.com\/?s={search_term_string}"},"query-input":{"@type":"PropertyValueSpecification","valueRequired":true,"valueName":"search_term_string"}}],"inLanguage":"fr-FR"},{"@type":"Organization","@id":"https:\/\/goldenage2026.com\/#organization","name":"Golden Age Gym Festival","alternateName":"GAGF","url":"https:\/\/goldenage2026.com\/","logo":{"@type":"ImageObject","inLanguage":"fr-FR","@id":"https:\/\/goldenage2026.com\/#\/schema\/logo\/image\/","url":"https:\/\/goldenage2026.com\/wp-content\/uploads\/2025\/09\/Logo-siteweb-1.png","contentUrl":"https:\/\/goldenage2026.com\/wp-content\/uploads\/2025\/09\/Logo-siteweb-1.png","width":512,"height":512,"caption":"Golden Age Gym Festival"},"image":{"@id":"https:\/\/goldenage2026.com\/#\/schema\/logo\/image\/"}}]}},"_links":{"self":[{"href":"https:\/\/goldenage2026.com\/fr\/wp-json\/wp\/v2\/pages\/915","targetHints":{"allow":["GET"]}}],"collection":[{"href":"https:\/\/goldenage2026.com\/fr\/wp-json\/wp\/v2\/pages"}],"about":[{"href":"https:\/\/goldenage2026.com\/fr\/wp-json\/wp\/v2\/types\/page"}],"author":[{"embeddable":true,"href":"https:\/\/goldenage2026.com\/fr\/wp-json\/wp\/v2\/users\/1"}],"replies":[{"embeddable":true,"href":"https:\/\/goldenage2026.com\/fr\/wp-json\/wp\/v2\/comments?post=915"}],"version-history":[{"count":16,"href":"https:\/\/goldenage2026.com\/fr\/wp-json\/wp\/v2\/pages\/915\/revisions"}],"predecessor-version":[{"id":1276,"href":"https:\/\/goldenage2026.com\/fr\/wp-json\/wp\/v2\/pages\/915\/revisions\/1276"}],"wp:attachment":[{"href":"https:\/\/goldenage2026.com\/fr\/wp-json\/wp\/v2\/media?parent=915"}],"curies":[{"name":"wp","href":"https:\/\/api.w.org\/{rel}","templated":true}]}}