{"id":918,"date":"2026-01-20T07:54:10","date_gmt":"2026-01-20T07:54:10","guid":{"rendered":"https:\/\/goldenage2026.com\/?page_id=918"},"modified":"2026-01-20T10:56:01","modified_gmt":"2026-01-20T10:56:01","slug":"transportation-for-federations","status":"publish","type":"page","link":"https:\/\/goldenage2026.com\/fr\/transportation-for-federations\/","title":{"rendered":"Transportation &#8211; for federations"},"content":{"rendered":"<p><\/p>\n\n\n\n<div class=\"wp-block-group has-light-shade-background-color has-background is-layout-constrained wp-container-core-group-is-layout-9290d042 wp-block-group-is-layout-constrained\" style=\"margin-top:0;margin-bottom:0;padding-top:120px;padding-right:var(--wp--preset--spacing--40);padding-bottom:120px;padding-left:var(--wp--preset--spacing--40)\">\n<div class=\"wp-block-columns are-vertically-aligned-center is-layout-flex wp-container-core-columns-is-layout-e524df8a wp-block-columns-is-layout-flex\">\n<div class=\"wp-block-column is-vertically-aligned-center is-layout-flow wp-block-column-is-layout-flow\" style=\"flex-basis:50%\">\n<figure class=\"wp-block-image size-full has-custom-border\"><img loading=\"lazy\" decoding=\"async\" width=\"720\" height=\"405\" src=\"https:\/\/goldenage2026.com\/wp-content\/uploads\/2026\/01\/carte-nantes-lso-edited.png\" alt=\"\" class=\"wp-image-924\" style=\"border-radius:40px\" srcset=\"https:\/\/goldenage2026.com\/wp-content\/uploads\/2026\/01\/carte-nantes-lso-edited.png 720w, https:\/\/goldenage2026.com\/wp-content\/uploads\/2026\/01\/carte-nantes-lso-edited-300x169.png 300w, https:\/\/goldenage2026.com\/wp-content\/uploads\/2026\/01\/carte-nantes-lso-edited-18x10.png 18w, https:\/\/goldenage2026.com\/wp-content\/uploads\/2026\/01\/carte-nantes-lso-edited-200x113.png 200w\" sizes=\"auto, (max-width: 720px) 100vw, 720px\" \/><\/figure>\n<\/div>\n\n\n\n<div class=\"wp-block-column is-vertically-aligned-center is-layout-flow wp-container-core-column-is-layout-f5bb311e wp-block-column-is-layout-flow\" style=\"flex-basis:50%\">\n<h4 class=\"wp-block-heading is-style-default has-custom-bleu-fonc-e-color has-text-color has-link-color has-big-font-size wp-elements-3ea210cd61f785cd143346f2a6c110d2\" style=\"line-height:1.3;text-transform:none\">Nous vous accompagnons jusqu'aux Sables d'Olonne<\/h4>\n\n\n\n<div class=\"wp-block-columns is-layout-flex wp-container-core-columns-is-layout-21114204 wp-block-columns-is-layout-flex\" style=\"border-top-color:var(--wp--preset--color--border-color);border-top-width:1px;margin-top:32px;padding-top:32px\">\n<div class=\"wp-block-column is-layout-flow wp-block-column-is-layout-flow\">\n<figure class=\"wp-block-image size-full is-resized wp-duotone-white-primary\"><img decoding=\"async\" src=\"https:\/\/goldenage2026.com\/wp-content\/themes\/modestra\/assets\/images\/streaks_icon.png\" alt=\"\" class=\"wp-image-5991\" style=\"object-fit:cover;width:22px;height:24px\"\/><\/figure>\n\n\n\n<p class=\"translation-block\">Les participants peuvent r\u00e9server leurs transferts aller et retour aupr\u00e8s du COL. Les transferts seront assur\u00e9s en bus<strong>  depuis l'a\u00e9roport de Nantes jusqu'aux Sables d'Olonne.<\/strong>  <br>Pour des raisons d'organisation, en fonction du nombre de participants par groupe, le COL peut regrouper <strong> diff\u00e9rents groupes dans un m\u00eame bus.<\/strong>  Dans ces circonstances, un <strong> temps d'attente maximal de 1h \u00e0 1h30 <\/strong>  peut \u00eatre pr\u00e9vu \u00e0 l'a\u00e9roport afin de remplir un bus. <br><br>Le trajet entre Les Sables et Nantes dure environ 1 heure et 20 minutes.<\/p>\n\n\n\n<p class=\"translation-block\"><strong> Les d\u00e9tails du vol <\/strong> doivent \u00eatre envoy\u00e9s au comit\u00e9 d'organisation local <strong>avant le 1er mai 2026. Les informations seront fournies en septembre 2026.<\/strong><\/p>\n<\/div>\n\n\n\n<div class=\"wp-block-column is-layout-flow wp-block-column-is-layout-flow\">\n<figure class=\"wp-block-image size-full is-resized wp-duotone-white-primary\"><img decoding=\"async\" src=\"https:\/\/goldenage2026.com\/wp-content\/themes\/modestra\/assets\/images\/streaks_icon.png\" alt=\"\" class=\"wp-image-5991\" style=\"object-fit:cover;width:22px;height:24px\"\/><\/figure>\n\n\n\n<p>Des transferts sp\u00e9cifiques peuvent \u00eatre propos\u00e9s par le LOC, sur demande via la f\u00e9d\u00e9ration nationale (lieux d'arriv\u00e9e ou de d\u00e9part autres que l'a\u00e9roport de Nantes, moyens de transport diff\u00e9rents, avec un minibus ou une berline).<\/p>\n<\/div>\n<\/div>\n<\/div>\n<\/div>\n\n\n\n<div class=\"wp-block-columns is-layout-flex wp-container-core-columns-is-layout-28f84493 wp-block-columns-is-layout-flex\">\n<div class=\"wp-block-column is-layout-flow wp-block-column-is-layout-flow\"><\/div>\n\n\n\n<div class=\"wp-block-column is-layout-flow wp-block-column-is-layout-flow\">\n<div class=\"wp-block-buttons is-content-justification-center is-layout-flex wp-container-core-buttons-is-layout-a89b3969 wp-block-buttons-is-layout-flex\">\n<div class=\"wp-block-button is-style-fill\"><a class=\"wp-block-button__link has-white-color has-custom-bleu-clair-background-color has-text-color has-background has-link-color has-custom-1-font-size has-custom-font-size wp-element-button\" href=\"mailto:llenglet@spartner-ec.com\" style=\"font-style:normal;font-weight:500\" target=\"_blank\" rel=\"noreferrer noopener\">Contact LOC Transportation department<\/a><\/div>\n<\/div>\n<\/div>\n<\/div>\n<\/div>\n\n\n\n<p>LOC Transportation department contact : <a href=\"mailto:llenglet@spartner-ec.com\">llenglet@spartner-ec.com<\/a><\/p>\n\n\n\n<p><\/p>","protected":false},"excerpt":{"rendered":"<p>We will accompany you to Les Sables d&#8217;Olonne. Participants can book their arrival and departure transfers with the LOC. Transfers will be provided by bus from Nantes Airport to Les Sables d&#8217;Olonne.For organisational reasons, depending on the number of participants per group, the LOC may combine different groups on the same bus. Under these circumstances,&#8230;<\/p>","protected":false},"author":1,"featured_media":0,"parent":0,"menu_order":0,"comment_status":"closed","ping_status":"closed","template":"","meta":{"footnotes":""},"class_list":["post-918","page","type-page","status-publish","hentry"],"yoast_head":"<!-- This site is optimized with the Yoast SEO plugin v27.5 - https:\/\/yoast.com\/product\/yoast-seo-wordpress\/ -->\n<title>Transportation - for federations - Golden Age Gym Festival<\/title>\n<meta name=\"robots\" content=\"index, follow, max-snippet:-1, max-image-preview:large, max-video-preview:-1\" \/>\n<link rel=\"canonical\" href=\"https:\/\/goldenage2026.com\/fr\/transportation-for-federations\/\" \/>\n<meta property=\"og:locale\" content=\"fr_FR\" \/>\n<meta property=\"og:type\" content=\"article\" \/>\n<meta property=\"og:title\" content=\"Transportation - for federations - Golden Age Gym Festival\" \/>\n<meta property=\"og:description\" content=\"We will accompany you to Les Sables d&#8217;Olonne. Participants can book their arrival and departure transfers with the LOC. Transfers will be provided by bus from Nantes Airport to Les Sables d&#8217;Olonne.For organisational reasons, depending on the number of participants per group, the LOC may combine different groups on the same bus. Under these circumstances,...\" \/>\n<meta property=\"og:url\" content=\"https:\/\/goldenage2026.com\/fr\/transportation-for-federations\/\" \/>\n<meta property=\"og:site_name\" content=\"Golden Age Gym Festival\" \/>\n<meta property=\"article:modified_time\" content=\"2026-01-20T10:56:01+00:00\" \/>\n<meta property=\"og:image\" content=\"https:\/\/goldenage2026.com\/wp-content\/uploads\/2026\/01\/carte-nantes-lso-edited.png\" \/>\n\t<meta property=\"og:image:width\" content=\"720\" \/>\n\t<meta property=\"og:image:height\" content=\"405\" \/>\n\t<meta property=\"og:image:type\" content=\"image\/png\" \/>\n<meta name=\"twitter:card\" content=\"summary_large_image\" \/>\n<meta name=\"twitter:label1\" content=\"Dur\u00e9e de lecture estim\u00e9e\" \/>\n\t<meta name=\"twitter:data1\" content=\"2 minutes\" \/>\n<script type=\"application\/ld+json\" class=\"yoast-schema-graph\">{\"@context\":\"https:\\\/\\\/schema.org\",\"@graph\":[{\"@type\":\"WebPage\",\"@id\":\"https:\\\/\\\/goldenage2026.com\\\/transportation-for-federations\\\/\",\"url\":\"https:\\\/\\\/goldenage2026.com\\\/transportation-for-federations\\\/\",\"name\":\"Transportation - for federations - Golden Age Gym Festival\",\"isPartOf\":{\"@id\":\"https:\\\/\\\/goldenage2026.com\\\/#website\"},\"primaryImageOfPage\":{\"@id\":\"https:\\\/\\\/goldenage2026.com\\\/transportation-for-federations\\\/#primaryimage\"},\"image\":{\"@id\":\"https:\\\/\\\/goldenage2026.com\\\/transportation-for-federations\\\/#primaryimage\"},\"thumbnailUrl\":\"https:\\\/\\\/goldenage2026.com\\\/wp-content\\\/uploads\\\/2026\\\/01\\\/carte-nantes-lso-edited.png\",\"datePublished\":\"2026-01-20T07:54:10+00:00\",\"dateModified\":\"2026-01-20T10:56:01+00:00\",\"breadcrumb\":{\"@id\":\"https:\\\/\\\/goldenage2026.com\\\/transportation-for-federations\\\/#breadcrumb\"},\"inLanguage\":\"fr-FR\",\"potentialAction\":[{\"@type\":\"ReadAction\",\"target\":[\"https:\\\/\\\/goldenage2026.com\\\/transportation-for-federations\\\/\"]}]},{\"@type\":\"ImageObject\",\"inLanguage\":\"fr-FR\",\"@id\":\"https:\\\/\\\/goldenage2026.com\\\/transportation-for-federations\\\/#primaryimage\",\"url\":\"https:\\\/\\\/goldenage2026.com\\\/wp-content\\\/uploads\\\/2026\\\/01\\\/carte-nantes-lso-edited.png\",\"contentUrl\":\"https:\\\/\\\/goldenage2026.com\\\/wp-content\\\/uploads\\\/2026\\\/01\\\/carte-nantes-lso-edited.png\"},{\"@type\":\"BreadcrumbList\",\"@id\":\"https:\\\/\\\/goldenage2026.com\\\/transportation-for-federations\\\/#breadcrumb\",\"itemListElement\":[{\"@type\":\"ListItem\",\"position\":1,\"name\":\"Accueil\",\"item\":\"https:\\\/\\\/goldenage2026.com\\\/\"},{\"@type\":\"ListItem\",\"position\":2,\"name\":\"Transportation &#8211; for federations\"}]},{\"@type\":\"WebSite\",\"@id\":\"https:\\\/\\\/goldenage2026.com\\\/#website\",\"url\":\"https:\\\/\\\/goldenage2026.com\\\/\",\"name\":\"Golden Age Gym Festival\",\"description\":\"The 10th edition of the GAGF in Les Sables d'Olonne\",\"publisher\":{\"@id\":\"https:\\\/\\\/goldenage2026.com\\\/#organization\"},\"potentialAction\":[{\"@type\":\"SearchAction\",\"target\":{\"@type\":\"EntryPoint\",\"urlTemplate\":\"https:\\\/\\\/goldenage2026.com\\\/?s={search_term_string}\"},\"query-input\":{\"@type\":\"PropertyValueSpecification\",\"valueRequired\":true,\"valueName\":\"search_term_string\"}}],\"inLanguage\":\"fr-FR\"},{\"@type\":\"Organization\",\"@id\":\"https:\\\/\\\/goldenage2026.com\\\/#organization\",\"name\":\"Golden Age Gym Festival\",\"alternateName\":\"GAGF\",\"url\":\"https:\\\/\\\/goldenage2026.com\\\/\",\"logo\":{\"@type\":\"ImageObject\",\"inLanguage\":\"fr-FR\",\"@id\":\"https:\\\/\\\/goldenage2026.com\\\/#\\\/schema\\\/logo\\\/image\\\/\",\"url\":\"https:\\\/\\\/goldenage2026.com\\\/wp-content\\\/uploads\\\/2025\\\/09\\\/Logo-siteweb-1.png\",\"contentUrl\":\"https:\\\/\\\/goldenage2026.com\\\/wp-content\\\/uploads\\\/2025\\\/09\\\/Logo-siteweb-1.png\",\"width\":512,\"height\":512,\"caption\":\"Golden Age Gym Festival\"},\"image\":{\"@id\":\"https:\\\/\\\/goldenage2026.com\\\/#\\\/schema\\\/logo\\\/image\\\/\"}}]}<\/script>\n<!-- \/ Yoast SEO plugin. -->","yoast_head_json":{"title":"Transportation - for federations - Golden Age Gym Festival","robots":{"index":"index","follow":"follow","max-snippet":"max-snippet:-1","max-image-preview":"max-image-preview:large","max-video-preview":"max-video-preview:-1"},"canonical":"https:\/\/goldenage2026.com\/fr\/transportation-for-federations\/","og_locale":"fr_FR","og_type":"article","og_title":"Transportation - for federations - Golden Age Gym Festival","og_description":"We will accompany you to Les Sables d&#8217;Olonne. Participants can book their arrival and departure transfers with the LOC. Transfers will be provided by bus from Nantes Airport to Les Sables d&#8217;Olonne.For organisational reasons, depending on the number of participants per group, the LOC may combine different groups on the same bus. Under these circumstances,...","og_url":"https:\/\/goldenage2026.com\/fr\/transportation-for-federations\/","og_site_name":"Golden Age Gym Festival","article_modified_time":"2026-01-20T10:56:01+00:00","og_image":[{"width":720,"height":405,"url":"https:\/\/goldenage2026.com\/wp-content\/uploads\/2026\/01\/carte-nantes-lso-edited.png","type":"image\/png"}],"twitter_card":"summary_large_image","twitter_misc":{"Dur\u00e9e de lecture estim\u00e9e":"2 minutes"},"schema":{"@context":"https:\/\/schema.org","@graph":[{"@type":"WebPage","@id":"https:\/\/goldenage2026.com\/transportation-for-federations\/","url":"https:\/\/goldenage2026.com\/transportation-for-federations\/","name":"Transportation - for federations - Golden Age Gym Festival","isPartOf":{"@id":"https:\/\/goldenage2026.com\/#website"},"primaryImageOfPage":{"@id":"https:\/\/goldenage2026.com\/transportation-for-federations\/#primaryimage"},"image":{"@id":"https:\/\/goldenage2026.com\/transportation-for-federations\/#primaryimage"},"thumbnailUrl":"https:\/\/goldenage2026.com\/wp-content\/uploads\/2026\/01\/carte-nantes-lso-edited.png","datePublished":"2026-01-20T07:54:10+00:00","dateModified":"2026-01-20T10:56:01+00:00","breadcrumb":{"@id":"https:\/\/goldenage2026.com\/transportation-for-federations\/#breadcrumb"},"inLanguage":"fr-FR","potentialAction":[{"@type":"ReadAction","target":["https:\/\/goldenage2026.com\/transportation-for-federations\/"]}]},{"@type":"ImageObject","inLanguage":"fr-FR","@id":"https:\/\/goldenage2026.com\/transportation-for-federations\/#primaryimage","url":"https:\/\/goldenage2026.com\/wp-content\/uploads\/2026\/01\/carte-nantes-lso-edited.png","contentUrl":"https:\/\/goldenage2026.com\/wp-content\/uploads\/2026\/01\/carte-nantes-lso-edited.png"},{"@type":"BreadcrumbList","@id":"https:\/\/goldenage2026.com\/transportation-for-federations\/#breadcrumb","itemListElement":[{"@type":"ListItem","position":1,"name":"Accueil","item":"https:\/\/goldenage2026.com\/"},{"@type":"ListItem","position":2,"name":"Transportation &#8211; for federations"}]},{"@type":"WebSite","@id":"https:\/\/goldenage2026.com\/#website","url":"https:\/\/goldenage2026.com\/","name":"Golden Age Gym Festival","description":"The 10th edition of the GAGF in Les Sables d'Olonne","publisher":{"@id":"https:\/\/goldenage2026.com\/#organization"},"potentialAction":[{"@type":"SearchAction","target":{"@type":"EntryPoint","urlTemplate":"https:\/\/goldenage2026.com\/?s={search_term_string}"},"query-input":{"@type":"PropertyValueSpecification","valueRequired":true,"valueName":"search_term_string"}}],"inLanguage":"fr-FR"},{"@type":"Organization","@id":"https:\/\/goldenage2026.com\/#organization","name":"Golden Age Gym Festival","alternateName":"GAGF","url":"https:\/\/goldenage2026.com\/","logo":{"@type":"ImageObject","inLanguage":"fr-FR","@id":"https:\/\/goldenage2026.com\/#\/schema\/logo\/image\/","url":"https:\/\/goldenage2026.com\/wp-content\/uploads\/2025\/09\/Logo-siteweb-1.png","contentUrl":"https:\/\/goldenage2026.com\/wp-content\/uploads\/2025\/09\/Logo-siteweb-1.png","width":512,"height":512,"caption":"Golden Age Gym Festival"},"image":{"@id":"https:\/\/goldenage2026.com\/#\/schema\/logo\/image\/"}}]}},"jetpack_sharing_enabled":true,"_links":{"self":[{"href":"https:\/\/goldenage2026.com\/fr\/wp-json\/wp\/v2\/pages\/918","targetHints":{"allow":["GET"]}}],"collection":[{"href":"https:\/\/goldenage2026.com\/fr\/wp-json\/wp\/v2\/pages"}],"about":[{"href":"https:\/\/goldenage2026.com\/fr\/wp-json\/wp\/v2\/types\/page"}],"author":[{"embeddable":true,"href":"https:\/\/goldenage2026.com\/fr\/wp-json\/wp\/v2\/users\/1"}],"replies":[{"embeddable":true,"href":"https:\/\/goldenage2026.com\/fr\/wp-json\/wp\/v2\/comments?post=918"}],"version-history":[{"count":4,"href":"https:\/\/goldenage2026.com\/fr\/wp-json\/wp\/v2\/pages\/918\/revisions"}],"predecessor-version":[{"id":930,"href":"https:\/\/goldenage2026.com\/fr\/wp-json\/wp\/v2\/pages\/918\/revisions\/930"}],"wp:attachment":[{"href":"https:\/\/goldenage2026.com\/fr\/wp-json\/wp\/v2\/media?parent=918"}],"curies":[{"name":"wp","href":"https:\/\/api.w.org\/{rel}","templated":true}]}}